{"id":8071,"date":"2019-06-18T12:26:47","date_gmt":"2019-06-18T12:26:47","guid":{"rendered":"http:\/\/jospergrill.com\/?post_type=product&#038;p=8071"},"modified":"2025-06-01T11:18:20","modified_gmt":"2025-06-01T11:18:20","slug":"lumix-pastillas-ecologicas-de-alcohol-solido","status":"publish","type":"product","link":"https:\/\/jospergrill.com\/es\/productos\/carbon-vegetal-josper\/lumix-pastillas-ecologicas-de-alcohol-solido\/","title":{"rendered":"Lumix &#8211; Pastillas ecol\u00f3gicas de alcohol s\u00f3lido"},"content":{"rendered":"","protected":false},"excerpt":{"rendered":"<p>Lumix, almohadillas especiales de encendido de carbono, 100% ecol\u00f3gicas. Lumix, inodoro y sin humo, son pastillas de alcohol que hacen que la iluminaci\u00f3n del carb\u00f3n sea r\u00e1pida y f\u00e1cil. Tienen baja combusti\u00f3n de ox\u00edgeno, evitando problemas al encender carb\u00f3n y le\u00f1a. Tiene una llama constante y homog\u00e9nea.<\/p>\n","protected":false},"featured_media":8108,"comment_status":"closed","ping_status":"closed","template":"","meta":{"_acf_changed":false,"site-sidebar-layout":"default","site-content-layout":"default","ast-site-content-layout":"default","site-content-style":"default","site-sidebar-style":"default","ast-global-header-display":"","ast-banner-title-visibility":"","ast-main-header-display":"","ast-hfb-above-header-display":"","ast-hfb-below-header-display":"","ast-hfb-mobile-header-display":"","site-post-title":"","ast-breadcrumbs-content":"","ast-featured-img":"","footer-sml-layout":"","ast-disable-related-posts":"","theme-transparent-header-meta":"default","adv-header-id-meta":"","stick-header-meta":"default","header-above-stick-meta":"","header-main-stick-meta":"","header-below-stick-meta":"","astra-migrate-meta-layouts":"set","ast-page-background-enabled":"default","ast-page-background-meta":{"desktop":{"background-color":"","background-image":"","background-repeat":"repeat","background-position":"center center","background-size":"auto","background-attachment":"scroll","background-type":"","background-media":"","overlay-type":"","overlay-color":"","overlay-opacity":"","overlay-gradient":""},"tablet":{"background-color":"","background-image":"","background-repeat":"repeat","background-position":"center center","background-size":"auto","background-attachment":"scroll","background-type":"","background-media":"","overlay-type":"","overlay-color":"","overlay-opacity":"","overlay-gradient":""},"mobile":{"background-color":"","background-image":"","background-repeat":"repeat","background-position":"center center","background-size":"auto","background-attachment":"scroll","background-type":"","background-media":"","overlay-type":"","overlay-color":"","overlay-opacity":"","overlay-gradient":""}},"ast-content-background-meta":{"desktop":{"background-color":"var(--ast-global-color-5)","background-image":"","background-repeat":"repeat","background-position":"center center","background-size":"auto","background-attachment":"scroll","background-type":"","background-media":"","overlay-type":"","overlay-color":"","overlay-opacity":"","overlay-gradient":""},"tablet":{"background-color":"var(--ast-global-color-5)","background-image":"","background-repeat":"repeat","background-position":"center center","background-size":"auto","background-attachment":"scroll","background-type":"","background-media":"","overlay-type":"","overlay-color":"","overlay-opacity":"","overlay-gradient":""},"mobile":{"background-color":"var(--ast-global-color-5)","background-image":"","background-repeat":"repeat","background-position":"center center","background-size":"auto","background-attachment":"scroll","background-type":"","background-media":"","overlay-type":"","overlay-color":"","overlay-opacity":"","overlay-gradient":""}}},"product_brand":[],"product_cat":[1341],"product_tag":[],"class_list":{"0":"post-8071","1":"product","2":"type-product","3":"status-publish","4":"has-post-thumbnail","6":"product_cat-carbon-vegetal-josper","7":"desktop-align-center","8":"tablet-align-center","9":"mobile-align-center","11":"first","12":"instock","13":"taxable","14":"shipping-taxable","15":"purchasable","16":"product-type-simple"},"acf":[],"yoast_head":"<!-- This site is optimized with the Yoast SEO plugin v27.5 - https:\/\/yoast.com\/product\/yoast-seo-wordpress\/ -->\n<title>Lumix | Pastillas ecol\u00f3gicas de alcohol s\u00f3lido | JOSPER<\/title>\n<meta name=\"description\" content=\"Lumix, pastillas ecol\u00f3gicas de alcohol s\u00f3lido, sin humos, sin malos olores ni materias t\u00f3xicas. Para barbacoas, chimeneas, camping... Bote de 8 unidades.\" \/>\n<meta name=\"robots\" content=\"index, follow, max-snippet:-1, max-image-preview:large, max-video-preview:-1\" \/>\n<link rel=\"canonical\" href=\"https:\/\/jospergrill.com\/es\/productos\/carbon-vegetal-josper\/lumix-pastillas-ecologicas-de-alcohol-solido\/\" \/>\n<meta property=\"og:locale\" content=\"es_ES\" \/>\n<meta property=\"og:type\" content=\"article\" \/>\n<meta property=\"og:title\" content=\"Lumix | Pastillas ecol\u00f3gicas de alcohol s\u00f3lido | JOSPER\" \/>\n<meta property=\"og:description\" content=\"Lumix, pastillas ecol\u00f3gicas de alcohol s\u00f3lido, sin humos, sin malos olores ni materias t\u00f3xicas. Para barbacoas, chimeneas, camping... Bote de 8 unidades.\" \/>\n<meta property=\"og:url\" content=\"https:\/\/jospergrill.com\/es\/productos\/carbon-vegetal-josper\/lumix-pastillas-ecologicas-de-alcohol-solido\/\" \/>\n<meta property=\"og:site_name\" content=\"Josper\" \/>\n<meta property=\"article:publisher\" content=\"https:\/\/www.facebook.com\/josperofficial\/\" \/>\n<meta property=\"article:modified_time\" content=\"2025-06-01T11:18:20+00:00\" \/>\n<meta property=\"og:image\" content=\"https:\/\/jospergrill.com\/wp-content\/uploads\/2019\/06\/lumix-bote-de-pastillas-ecologicas-de-alcohol-solido-josper-foto-pastillas.jpg\" \/>\n\t<meta property=\"og:image:width\" content=\"900\" \/>\n\t<meta property=\"og:image:height\" content=\"900\" \/>\n\t<meta property=\"og:image:type\" content=\"image\/jpeg\" \/>\n<meta name=\"twitter:card\" content=\"summary_large_image\" \/>\n<meta name=\"twitter:site\" content=\"@JosperOfficial\" \/>\n<meta name=\"twitter:label1\" content=\"Tiempo de lectura\" \/>\n\t<meta name=\"twitter:data1\" content=\"1 minuto\" \/>\n<script type=\"application\/ld+json\" class=\"yoast-schema-graph\">{\"@context\":\"https:\\\/\\\/schema.org\",\"@graph\":[{\"@type\":\"WebPage\",\"@id\":\"https:\\\/\\\/jospergrill.com\\\/es\\\/productos\\\/carbon-vegetal-josper\\\/lumix-pastillas-ecologicas-de-alcohol-solido\\\/\",\"url\":\"https:\\\/\\\/jospergrill.com\\\/es\\\/productos\\\/carbon-vegetal-josper\\\/lumix-pastillas-ecologicas-de-alcohol-solido\\\/\",\"name\":\"Lumix | Pastillas ecol\u00f3gicas de alcohol s\u00f3lido | JOSPER\",\"isPartOf\":{\"@id\":\"https:\\\/\\\/jospergrill.com\\\/es\\\/#website\"},\"primaryImageOfPage\":{\"@id\":\"https:\\\/\\\/jospergrill.com\\\/es\\\/productos\\\/carbon-vegetal-josper\\\/lumix-pastillas-ecologicas-de-alcohol-solido\\\/#primaryimage\"},\"image\":{\"@id\":\"https:\\\/\\\/jospergrill.com\\\/es\\\/productos\\\/carbon-vegetal-josper\\\/lumix-pastillas-ecologicas-de-alcohol-solido\\\/#primaryimage\"},\"thumbnailUrl\":\"https:\\\/\\\/jospergrill.com\\\/wp-content\\\/uploads\\\/2019\\\/06\\\/lumix-bote-de-pastillas-ecologicas-de-alcohol-solido-josper-foto-pastillas.jpg\",\"datePublished\":\"2019-06-18T12:26:47+00:00\",\"dateModified\":\"2025-06-01T11:18:20+00:00\",\"description\":\"Lumix, pastillas ecol\u00f3gicas de alcohol s\u00f3lido, sin humos, sin malos olores ni materias t\u00f3xicas. Para barbacoas, chimeneas, camping... Bote de 8 unidades.\",\"breadcrumb\":{\"@id\":\"https:\\\/\\\/jospergrill.com\\\/es\\\/productos\\\/carbon-vegetal-josper\\\/lumix-pastillas-ecologicas-de-alcohol-solido\\\/#breadcrumb\"},\"inLanguage\":\"es\",\"potentialAction\":[{\"@type\":\"ReadAction\",\"target\":[\"https:\\\/\\\/jospergrill.com\\\/es\\\/productos\\\/carbon-vegetal-josper\\\/lumix-pastillas-ecologicas-de-alcohol-solido\\\/\"]}]},{\"@type\":\"ImageObject\",\"inLanguage\":\"es\",\"@id\":\"https:\\\/\\\/jospergrill.com\\\/es\\\/productos\\\/carbon-vegetal-josper\\\/lumix-pastillas-ecologicas-de-alcohol-solido\\\/#primaryimage\",\"url\":\"https:\\\/\\\/jospergrill.com\\\/wp-content\\\/uploads\\\/2019\\\/06\\\/lumix-bote-de-pastillas-ecologicas-de-alcohol-solido-josper-foto-pastillas.jpg\",\"contentUrl\":\"https:\\\/\\\/jospergrill.com\\\/wp-content\\\/uploads\\\/2019\\\/06\\\/lumix-bote-de-pastillas-ecologicas-de-alcohol-solido-josper-foto-pastillas.jpg\",\"width\":900,\"height\":900,\"caption\":\"Bote de pastillas alcohol s\u00f3lido Lumix, de Josper, y pastillas\"},{\"@type\":\"BreadcrumbList\",\"@id\":\"https:\\\/\\\/jospergrill.com\\\/es\\\/productos\\\/carbon-vegetal-josper\\\/lumix-pastillas-ecologicas-de-alcohol-solido\\\/#breadcrumb\",\"itemListElement\":[{\"@type\":\"ListItem\",\"position\":1,\"name\":\"Home\",\"item\":\"https:\\\/\\\/jospergrill.com\\\/es\\\/\"},{\"@type\":\"ListItem\",\"position\":2,\"name\":\"Tienda\",\"item\":\"https:\\\/\\\/jospergrill.com\\\/tienda\\\/\"},{\"@type\":\"ListItem\",\"position\":3,\"name\":\"Lumix &#8211; Pastillas ecol\u00f3gicas de alcohol s\u00f3lido\"}]},{\"@type\":\"WebSite\",\"@id\":\"https:\\\/\\\/jospergrill.com\\\/es\\\/#website\",\"url\":\"https:\\\/\\\/jospergrill.com\\\/es\\\/\",\"name\":\"Josper\",\"description\":\"Passion for Grilling\",\"publisher\":{\"@id\":\"https:\\\/\\\/jospergrill.com\\\/es\\\/#organization\"},\"potentialAction\":[{\"@type\":\"SearchAction\",\"target\":{\"@type\":\"EntryPoint\",\"urlTemplate\":\"https:\\\/\\\/jospergrill.com\\\/es\\\/?s={search_term_string}\"},\"query-input\":{\"@type\":\"PropertyValueSpecification\",\"valueRequired\":true,\"valueName\":\"search_term_string\"}}],\"inLanguage\":\"es\"},{\"@type\":\"Organization\",\"@id\":\"https:\\\/\\\/jospergrill.com\\\/es\\\/#organization\",\"name\":\"Josper\",\"url\":\"https:\\\/\\\/jospergrill.com\\\/es\\\/\",\"logo\":{\"@type\":\"ImageObject\",\"inLanguage\":\"es\",\"@id\":\"https:\\\/\\\/jospergrill.com\\\/es\\\/#\\\/schema\\\/logo\\\/image\\\/\",\"url\":\"https:\\\/\\\/jospergrill.com\\\/wp-content\\\/uploads\\\/josper-logo-escudo.png\",\"contentUrl\":\"https:\\\/\\\/jospergrill.com\\\/wp-content\\\/uploads\\\/josper-logo-escudo.png\",\"width\":112,\"height\":144,\"caption\":\"Josper\"},\"image\":{\"@id\":\"https:\\\/\\\/jospergrill.com\\\/es\\\/#\\\/schema\\\/logo\\\/image\\\/\"},\"sameAs\":[\"https:\\\/\\\/www.facebook.com\\\/josperofficial\\\/\",\"https:\\\/\\\/x.com\\\/JosperOfficial\"]}]}<\/script>\n<!-- \/ Yoast SEO plugin. -->","yoast_head_json":{"title":"Lumix | Pastillas ecol\u00f3gicas de alcohol s\u00f3lido | JOSPER","description":"Lumix, pastillas ecol\u00f3gicas de alcohol s\u00f3lido, sin humos, sin malos olores ni materias t\u00f3xicas. Para barbacoas, chimeneas, camping... Bote de 8 unidades.","robots":{"index":"index","follow":"follow","max-snippet":"max-snippet:-1","max-image-preview":"max-image-preview:large","max-video-preview":"max-video-preview:-1"},"canonical":"https:\/\/jospergrill.com\/es\/productos\/carbon-vegetal-josper\/lumix-pastillas-ecologicas-de-alcohol-solido\/","og_locale":"es_ES","og_type":"article","og_title":"Lumix | Pastillas ecol\u00f3gicas de alcohol s\u00f3lido | JOSPER","og_description":"Lumix, pastillas ecol\u00f3gicas de alcohol s\u00f3lido, sin humos, sin malos olores ni materias t\u00f3xicas. Para barbacoas, chimeneas, camping... Bote de 8 unidades.","og_url":"https:\/\/jospergrill.com\/es\/productos\/carbon-vegetal-josper\/lumix-pastillas-ecologicas-de-alcohol-solido\/","og_site_name":"Josper","article_publisher":"https:\/\/www.facebook.com\/josperofficial\/","article_modified_time":"2025-06-01T11:18:20+00:00","og_image":[{"width":900,"height":900,"url":"https:\/\/jospergrill.com\/wp-content\/uploads\/2019\/06\/lumix-bote-de-pastillas-ecologicas-de-alcohol-solido-josper-foto-pastillas.jpg","type":"image\/jpeg"}],"twitter_card":"summary_large_image","twitter_site":"@JosperOfficial","twitter_misc":{"Tiempo de lectura":"1 minuto"},"schema":{"@context":"https:\/\/schema.org","@graph":[{"@type":"WebPage","@id":"https:\/\/jospergrill.com\/es\/productos\/carbon-vegetal-josper\/lumix-pastillas-ecologicas-de-alcohol-solido\/","url":"https:\/\/jospergrill.com\/es\/productos\/carbon-vegetal-josper\/lumix-pastillas-ecologicas-de-alcohol-solido\/","name":"Lumix | Pastillas ecol\u00f3gicas de alcohol s\u00f3lido | JOSPER","isPartOf":{"@id":"https:\/\/jospergrill.com\/es\/#website"},"primaryImageOfPage":{"@id":"https:\/\/jospergrill.com\/es\/productos\/carbon-vegetal-josper\/lumix-pastillas-ecologicas-de-alcohol-solido\/#primaryimage"},"image":{"@id":"https:\/\/jospergrill.com\/es\/productos\/carbon-vegetal-josper\/lumix-pastillas-ecologicas-de-alcohol-solido\/#primaryimage"},"thumbnailUrl":"https:\/\/jospergrill.com\/wp-content\/uploads\/2019\/06\/lumix-bote-de-pastillas-ecologicas-de-alcohol-solido-josper-foto-pastillas.jpg","datePublished":"2019-06-18T12:26:47+00:00","dateModified":"2025-06-01T11:18:20+00:00","description":"Lumix, pastillas ecol\u00f3gicas de alcohol s\u00f3lido, sin humos, sin malos olores ni materias t\u00f3xicas. Para barbacoas, chimeneas, camping... Bote de 8 unidades.","breadcrumb":{"@id":"https:\/\/jospergrill.com\/es\/productos\/carbon-vegetal-josper\/lumix-pastillas-ecologicas-de-alcohol-solido\/#breadcrumb"},"inLanguage":"es","potentialAction":[{"@type":"ReadAction","target":["https:\/\/jospergrill.com\/es\/productos\/carbon-vegetal-josper\/lumix-pastillas-ecologicas-de-alcohol-solido\/"]}]},{"@type":"ImageObject","inLanguage":"es","@id":"https:\/\/jospergrill.com\/es\/productos\/carbon-vegetal-josper\/lumix-pastillas-ecologicas-de-alcohol-solido\/#primaryimage","url":"https:\/\/jospergrill.com\/wp-content\/uploads\/2019\/06\/lumix-bote-de-pastillas-ecologicas-de-alcohol-solido-josper-foto-pastillas.jpg","contentUrl":"https:\/\/jospergrill.com\/wp-content\/uploads\/2019\/06\/lumix-bote-de-pastillas-ecologicas-de-alcohol-solido-josper-foto-pastillas.jpg","width":900,"height":900,"caption":"Bote de pastillas alcohol s\u00f3lido Lumix, de Josper, y pastillas"},{"@type":"BreadcrumbList","@id":"https:\/\/jospergrill.com\/es\/productos\/carbon-vegetal-josper\/lumix-pastillas-ecologicas-de-alcohol-solido\/#breadcrumb","itemListElement":[{"@type":"ListItem","position":1,"name":"Home","item":"https:\/\/jospergrill.com\/es\/"},{"@type":"ListItem","position":2,"name":"Tienda","item":"https:\/\/jospergrill.com\/tienda\/"},{"@type":"ListItem","position":3,"name":"Lumix &#8211; Pastillas ecol\u00f3gicas de alcohol s\u00f3lido"}]},{"@type":"WebSite","@id":"https:\/\/jospergrill.com\/es\/#website","url":"https:\/\/jospergrill.com\/es\/","name":"Josper","description":"Passion for Grilling","publisher":{"@id":"https:\/\/jospergrill.com\/es\/#organization"},"potentialAction":[{"@type":"SearchAction","target":{"@type":"EntryPoint","urlTemplate":"https:\/\/jospergrill.com\/es\/?s={search_term_string}"},"query-input":{"@type":"PropertyValueSpecification","valueRequired":true,"valueName":"search_term_string"}}],"inLanguage":"es"},{"@type":"Organization","@id":"https:\/\/jospergrill.com\/es\/#organization","name":"Josper","url":"https:\/\/jospergrill.com\/es\/","logo":{"@type":"ImageObject","inLanguage":"es","@id":"https:\/\/jospergrill.com\/es\/#\/schema\/logo\/image\/","url":"https:\/\/jospergrill.com\/wp-content\/uploads\/josper-logo-escudo.png","contentUrl":"https:\/\/jospergrill.com\/wp-content\/uploads\/josper-logo-escudo.png","width":112,"height":144,"caption":"Josper"},"image":{"@id":"https:\/\/jospergrill.com\/es\/#\/schema\/logo\/image\/"},"sameAs":["https:\/\/www.facebook.com\/josperofficial\/","https:\/\/x.com\/JosperOfficial"]}]}},"_links":{"self":[{"href":"https:\/\/jospergrill.com\/es\/wp-json\/wp\/v2\/product\/8071","targetHints":{"allow":["GET"]}}],"collection":[{"href":"https:\/\/jospergrill.com\/es\/wp-json\/wp\/v2\/product"}],"about":[{"href":"https:\/\/jospergrill.com\/es\/wp-json\/wp\/v2\/types\/product"}],"replies":[{"embeddable":true,"href":"https:\/\/jospergrill.com\/es\/wp-json\/wp\/v2\/comments?post=8071"}],"wp:featuredmedia":[{"embeddable":true,"href":"https:\/\/jospergrill.com\/es\/wp-json\/wp\/v2\/media\/8108"}],"wp:attachment":[{"href":"https:\/\/jospergrill.com\/es\/wp-json\/wp\/v2\/media?parent=8071"}],"wp:term":[{"taxonomy":"product_brand","embeddable":true,"href":"https:\/\/jospergrill.com\/es\/wp-json\/wp\/v2\/product_brand?post=8071"},{"taxonomy":"product_cat","embeddable":true,"href":"https:\/\/jospergrill.com\/es\/wp-json\/wp\/v2\/product_cat?post=8071"},{"taxonomy":"product_tag","embeddable":true,"href":"https:\/\/jospergrill.com\/es\/wp-json\/wp\/v2\/product_tag?post=8071"}],"curies":[{"name":"wp","href":"https:\/\/api.w.org\/{rel}","templated":true}]}}