{"id":5912,"date":"2019-05-16T18:17:16","date_gmt":"2019-05-16T18:17:16","guid":{"rendered":"http:\/\/jospergrill.com\/?post_type=product&#038;p=5912"},"modified":"2025-06-20T10:22:15","modified_gmt":"2025-06-20T10:22:15","slug":"mdv-carbon-de-madera-de-vid-o-cepa-josper","status":"publish","type":"product","link":"https:\/\/jospergrill.com\/es\/productos\/carbon-vegetal-josper\/mdv-carbon-de-madera-de-vid-o-cepa-josper\/","title":{"rendered":"MDV &#8211; Le\u00f1a de madera de vid Josper  (Caja 10KG)"},"content":{"rendered":"","protected":false},"excerpt":{"rendered":"<h2>CAJA 10 kg DE MADERA DE VID MDV<\/h2>\n<p>Len\u0303a de madera de vid, denominacio\u0301n de origen de Ribera del Duero. Durante el crecimiento, la vid profundiza sus rai\u0301ces, absorbiendo asi\u0301 la mayor cantidad de matices terrosos posibles. Es asi\u0301 como se convierte a la madera de vid en una excelente len\u0303a aromatizante. Este tipo de len\u0303a tiene un encendido lento, pero con un gran poder aroma\u0301tico, y se considera perfecta para aromatizar cualquier tipo de producto en cualquier brasa.<\/p>\n<p><strong>Calidad Certificada:<\/strong> Todos los productos de origen forestal que ofrece Josper\u00ae tienen los correspondientes sellos de calidad que garantizan la sostenibilidad de los recursos utilizados como el mantenimiento de los ecosistemas y la diversidad biol\u00f3gica. Adhiri\u00e9ndonos a las certificaciones PEFC\u00ae y REACH cumplimos con los est\u00e1ndares de mejores pr\u00e1cticas asegurando que nuestro carb\u00f3n ha sido producido mediante fuentes sostenibles y velando por la protecci\u00f3n de entornos pr\u00f3speros para las generaciones venideras.<\/p>\n","protected":false},"featured_media":8096,"comment_status":"closed","ping_status":"closed","template":"","meta":{"_acf_changed":false,"site-sidebar-layout":"default","site-content-layout":"default","ast-site-content-layout":"default","site-content-style":"default","site-sidebar-style":"default","ast-global-header-display":"","ast-banner-title-visibility":"","ast-main-header-display":"","ast-hfb-above-header-display":"","ast-hfb-below-header-display":"","ast-hfb-mobile-header-display":"","site-post-title":"","ast-breadcrumbs-content":"","ast-featured-img":"","footer-sml-layout":"","ast-disable-related-posts":"","theme-transparent-header-meta":"default","adv-header-id-meta":"","stick-header-meta":"default","header-above-stick-meta":"","header-main-stick-meta":"","header-below-stick-meta":"","astra-migrate-meta-layouts":"set","ast-page-background-enabled":"default","ast-page-background-meta":{"desktop":{"background-color":"","background-image":"","background-repeat":"repeat","background-position":"center center","background-size":"auto","background-attachment":"scroll","background-type":"","background-media":"","overlay-type":"","overlay-color":"","overlay-opacity":"","overlay-gradient":""},"tablet":{"background-color":"","background-image":"","background-repeat":"repeat","background-position":"center center","background-size":"auto","background-attachment":"scroll","background-type":"","background-media":"","overlay-type":"","overlay-color":"","overlay-opacity":"","overlay-gradient":""},"mobile":{"background-color":"","background-image":"","background-repeat":"repeat","background-position":"center center","background-size":"auto","background-attachment":"scroll","background-type":"","background-media":"","overlay-type":"","overlay-color":"","overlay-opacity":"","overlay-gradient":""}},"ast-content-background-meta":{"desktop":{"background-color":"var(--ast-global-color-5)","background-image":"","background-repeat":"repeat","background-position":"center center","background-size":"auto","background-attachment":"scroll","background-type":"","background-media":"","overlay-type":"","overlay-color":"","overlay-opacity":"","overlay-gradient":""},"tablet":{"background-color":"var(--ast-global-color-5)","background-image":"","background-repeat":"repeat","background-position":"center center","background-size":"auto","background-attachment":"scroll","background-type":"","background-media":"","overlay-type":"","overlay-color":"","overlay-opacity":"","overlay-gradient":""},"mobile":{"background-color":"var(--ast-global-color-5)","background-image":"","background-repeat":"repeat","background-position":"center center","background-size":"auto","background-attachment":"scroll","background-type":"","background-media":"","overlay-type":"","overlay-color":"","overlay-opacity":"","overlay-gradient":""}}},"product_brand":[],"product_cat":[1341],"product_tag":[],"class_list":{"0":"post-5912","1":"product","2":"type-product","3":"status-publish","4":"has-post-thumbnail","6":"product_cat-carbon-vegetal-josper","7":"desktop-align-center","8":"tablet-align-center","9":"mobile-align-center","11":"first","12":"instock","13":"taxable","14":"shipping-taxable","15":"purchasable","16":"product-type-simple"},"acf":[],"yoast_head":"<!-- This site is optimized with the Yoast SEO plugin v27.5 - https:\/\/yoast.com\/product\/yoast-seo-wordpress\/ -->\n<title>Le\u00f1a de madera de vid | MDV | Carb\u00f3n vegetal JOSPER<\/title>\n<meta name=\"description\" content=\"Madera de vid Josper, MDV. Porciones de cepas de vid, con su aroma caracter\u00edstico, para aportar m\u00e1s sabor a las elaboraciones a la brasa.\" \/>\n<meta name=\"robots\" content=\"index, follow, max-snippet:-1, max-image-preview:large, max-video-preview:-1\" \/>\n<link rel=\"canonical\" href=\"https:\/\/jospergrill.com\/es\/productos\/carbon-vegetal-josper\/mdv-carbon-de-madera-de-vid-o-cepa-josper\/\" \/>\n<meta property=\"og:locale\" content=\"es_ES\" \/>\n<meta property=\"og:type\" content=\"article\" \/>\n<meta property=\"og:title\" content=\"Le\u00f1a de madera de vid | MDV | Carb\u00f3n vegetal JOSPER\" \/>\n<meta property=\"og:description\" content=\"Madera de vid Josper, MDV. Porciones de cepas de vid, con su aroma caracter\u00edstico, para aportar m\u00e1s sabor a las elaboraciones a la brasa.\" \/>\n<meta property=\"og:url\" content=\"https:\/\/jospergrill.com\/es\/productos\/carbon-vegetal-josper\/mdv-carbon-de-madera-de-vid-o-cepa-josper\/\" \/>\n<meta property=\"og:site_name\" content=\"Josper\" \/>\n<meta property=\"article:publisher\" content=\"https:\/\/www.facebook.com\/josperofficial\/\" \/>\n<meta property=\"article:modified_time\" content=\"2025-06-20T10:22:15+00:00\" \/>\n<meta property=\"og:image\" content=\"https:\/\/jospergrill.com\/wp-content\/uploads\/2019\/05\/carbon-de-madera-de-vid-josper.jpg\" \/>\n\t<meta property=\"og:image:width\" content=\"900\" \/>\n\t<meta property=\"og:image:height\" content=\"900\" \/>\n\t<meta property=\"og:image:type\" content=\"image\/jpeg\" \/>\n<meta name=\"twitter:card\" content=\"summary_large_image\" \/>\n<meta name=\"twitter:site\" content=\"@JosperOfficial\" \/>\n<meta name=\"twitter:label1\" content=\"Tiempo de lectura\" \/>\n\t<meta name=\"twitter:data1\" content=\"1 minuto\" \/>\n<script type=\"application\/ld+json\" class=\"yoast-schema-graph\">{\"@context\":\"https:\\\/\\\/schema.org\",\"@graph\":[{\"@type\":\"WebPage\",\"@id\":\"https:\\\/\\\/jospergrill.com\\\/es\\\/productos\\\/carbon-vegetal-josper\\\/mdv-carbon-de-madera-de-vid-o-cepa-josper\\\/\",\"url\":\"https:\\\/\\\/jospergrill.com\\\/es\\\/productos\\\/carbon-vegetal-josper\\\/mdv-carbon-de-madera-de-vid-o-cepa-josper\\\/\",\"name\":\"Le\u00f1a de madera de vid | MDV | Carb\u00f3n vegetal JOSPER\",\"isPartOf\":{\"@id\":\"https:\\\/\\\/jospergrill.com\\\/es\\\/#website\"},\"primaryImageOfPage\":{\"@id\":\"https:\\\/\\\/jospergrill.com\\\/es\\\/productos\\\/carbon-vegetal-josper\\\/mdv-carbon-de-madera-de-vid-o-cepa-josper\\\/#primaryimage\"},\"image\":{\"@id\":\"https:\\\/\\\/jospergrill.com\\\/es\\\/productos\\\/carbon-vegetal-josper\\\/mdv-carbon-de-madera-de-vid-o-cepa-josper\\\/#primaryimage\"},\"thumbnailUrl\":\"https:\\\/\\\/jospergrill.com\\\/wp-content\\\/uploads\\\/2019\\\/05\\\/carbon-de-madera-de-vid-josper.jpg\",\"datePublished\":\"2019-05-16T18:17:16+00:00\",\"dateModified\":\"2025-06-20T10:22:15+00:00\",\"description\":\"Madera de vid Josper, MDV. Porciones de cepas de vid, con su aroma caracter\u00edstico, para aportar m\u00e1s sabor a las elaboraciones a la brasa.\",\"breadcrumb\":{\"@id\":\"https:\\\/\\\/jospergrill.com\\\/es\\\/productos\\\/carbon-vegetal-josper\\\/mdv-carbon-de-madera-de-vid-o-cepa-josper\\\/#breadcrumb\"},\"inLanguage\":\"es\",\"potentialAction\":[{\"@type\":\"ReadAction\",\"target\":[\"https:\\\/\\\/jospergrill.com\\\/es\\\/productos\\\/carbon-vegetal-josper\\\/mdv-carbon-de-madera-de-vid-o-cepa-josper\\\/\"]}]},{\"@type\":\"ImageObject\",\"inLanguage\":\"es\",\"@id\":\"https:\\\/\\\/jospergrill.com\\\/es\\\/productos\\\/carbon-vegetal-josper\\\/mdv-carbon-de-madera-de-vid-o-cepa-josper\\\/#primaryimage\",\"url\":\"https:\\\/\\\/jospergrill.com\\\/wp-content\\\/uploads\\\/2019\\\/05\\\/carbon-de-madera-de-vid-josper.jpg\",\"contentUrl\":\"https:\\\/\\\/jospergrill.com\\\/wp-content\\\/uploads\\\/2019\\\/05\\\/carbon-de-madera-de-vid-josper.jpg\",\"width\":900,\"height\":900,\"caption\":\"Carb\u00f3n de madera de vid o cepa Josper MDV\"},{\"@type\":\"BreadcrumbList\",\"@id\":\"https:\\\/\\\/jospergrill.com\\\/es\\\/productos\\\/carbon-vegetal-josper\\\/mdv-carbon-de-madera-de-vid-o-cepa-josper\\\/#breadcrumb\",\"itemListElement\":[{\"@type\":\"ListItem\",\"position\":1,\"name\":\"Home\",\"item\":\"https:\\\/\\\/jospergrill.com\\\/es\\\/\"},{\"@type\":\"ListItem\",\"position\":2,\"name\":\"Tienda\",\"item\":\"https:\\\/\\\/jospergrill.com\\\/tienda\\\/\"},{\"@type\":\"ListItem\",\"position\":3,\"name\":\"MDV &#8211; Le\u00f1a de madera de vid Josper (Caja 10KG)\"}]},{\"@type\":\"WebSite\",\"@id\":\"https:\\\/\\\/jospergrill.com\\\/es\\\/#website\",\"url\":\"https:\\\/\\\/jospergrill.com\\\/es\\\/\",\"name\":\"Josper\",\"description\":\"Passion for Grilling\",\"publisher\":{\"@id\":\"https:\\\/\\\/jospergrill.com\\\/es\\\/#organization\"},\"potentialAction\":[{\"@type\":\"SearchAction\",\"target\":{\"@type\":\"EntryPoint\",\"urlTemplate\":\"https:\\\/\\\/jospergrill.com\\\/es\\\/?s={search_term_string}\"},\"query-input\":{\"@type\":\"PropertyValueSpecification\",\"valueRequired\":true,\"valueName\":\"search_term_string\"}}],\"inLanguage\":\"es\"},{\"@type\":\"Organization\",\"@id\":\"https:\\\/\\\/jospergrill.com\\\/es\\\/#organization\",\"name\":\"Josper\",\"url\":\"https:\\\/\\\/jospergrill.com\\\/es\\\/\",\"logo\":{\"@type\":\"ImageObject\",\"inLanguage\":\"es\",\"@id\":\"https:\\\/\\\/jospergrill.com\\\/es\\\/#\\\/schema\\\/logo\\\/image\\\/\",\"url\":\"https:\\\/\\\/jospergrill.com\\\/wp-content\\\/uploads\\\/josper-logo-escudo.png\",\"contentUrl\":\"https:\\\/\\\/jospergrill.com\\\/wp-content\\\/uploads\\\/josper-logo-escudo.png\",\"width\":112,\"height\":144,\"caption\":\"Josper\"},\"image\":{\"@id\":\"https:\\\/\\\/jospergrill.com\\\/es\\\/#\\\/schema\\\/logo\\\/image\\\/\"},\"sameAs\":[\"https:\\\/\\\/www.facebook.com\\\/josperofficial\\\/\",\"https:\\\/\\\/x.com\\\/JosperOfficial\"]}]}<\/script>\n<!-- \/ Yoast SEO plugin. -->","yoast_head_json":{"title":"Le\u00f1a de madera de vid | MDV | Carb\u00f3n vegetal JOSPER","description":"Madera de vid Josper, MDV. Porciones de cepas de vid, con su aroma caracter\u00edstico, para aportar m\u00e1s sabor a las elaboraciones a la brasa.","robots":{"index":"index","follow":"follow","max-snippet":"max-snippet:-1","max-image-preview":"max-image-preview:large","max-video-preview":"max-video-preview:-1"},"canonical":"https:\/\/jospergrill.com\/es\/productos\/carbon-vegetal-josper\/mdv-carbon-de-madera-de-vid-o-cepa-josper\/","og_locale":"es_ES","og_type":"article","og_title":"Le\u00f1a de madera de vid | MDV | Carb\u00f3n vegetal JOSPER","og_description":"Madera de vid Josper, MDV. Porciones de cepas de vid, con su aroma caracter\u00edstico, para aportar m\u00e1s sabor a las elaboraciones a la brasa.","og_url":"https:\/\/jospergrill.com\/es\/productos\/carbon-vegetal-josper\/mdv-carbon-de-madera-de-vid-o-cepa-josper\/","og_site_name":"Josper","article_publisher":"https:\/\/www.facebook.com\/josperofficial\/","article_modified_time":"2025-06-20T10:22:15+00:00","og_image":[{"width":900,"height":900,"url":"https:\/\/jospergrill.com\/wp-content\/uploads\/2019\/05\/carbon-de-madera-de-vid-josper.jpg","type":"image\/jpeg"}],"twitter_card":"summary_large_image","twitter_site":"@JosperOfficial","twitter_misc":{"Tiempo de lectura":"1 minuto"},"schema":{"@context":"https:\/\/schema.org","@graph":[{"@type":"WebPage","@id":"https:\/\/jospergrill.com\/es\/productos\/carbon-vegetal-josper\/mdv-carbon-de-madera-de-vid-o-cepa-josper\/","url":"https:\/\/jospergrill.com\/es\/productos\/carbon-vegetal-josper\/mdv-carbon-de-madera-de-vid-o-cepa-josper\/","name":"Le\u00f1a de madera de vid | MDV | Carb\u00f3n vegetal JOSPER","isPartOf":{"@id":"https:\/\/jospergrill.com\/es\/#website"},"primaryImageOfPage":{"@id":"https:\/\/jospergrill.com\/es\/productos\/carbon-vegetal-josper\/mdv-carbon-de-madera-de-vid-o-cepa-josper\/#primaryimage"},"image":{"@id":"https:\/\/jospergrill.com\/es\/productos\/carbon-vegetal-josper\/mdv-carbon-de-madera-de-vid-o-cepa-josper\/#primaryimage"},"thumbnailUrl":"https:\/\/jospergrill.com\/wp-content\/uploads\/2019\/05\/carbon-de-madera-de-vid-josper.jpg","datePublished":"2019-05-16T18:17:16+00:00","dateModified":"2025-06-20T10:22:15+00:00","description":"Madera de vid Josper, MDV. Porciones de cepas de vid, con su aroma caracter\u00edstico, para aportar m\u00e1s sabor a las elaboraciones a la brasa.","breadcrumb":{"@id":"https:\/\/jospergrill.com\/es\/productos\/carbon-vegetal-josper\/mdv-carbon-de-madera-de-vid-o-cepa-josper\/#breadcrumb"},"inLanguage":"es","potentialAction":[{"@type":"ReadAction","target":["https:\/\/jospergrill.com\/es\/productos\/carbon-vegetal-josper\/mdv-carbon-de-madera-de-vid-o-cepa-josper\/"]}]},{"@type":"ImageObject","inLanguage":"es","@id":"https:\/\/jospergrill.com\/es\/productos\/carbon-vegetal-josper\/mdv-carbon-de-madera-de-vid-o-cepa-josper\/#primaryimage","url":"https:\/\/jospergrill.com\/wp-content\/uploads\/2019\/05\/carbon-de-madera-de-vid-josper.jpg","contentUrl":"https:\/\/jospergrill.com\/wp-content\/uploads\/2019\/05\/carbon-de-madera-de-vid-josper.jpg","width":900,"height":900,"caption":"Carb\u00f3n de madera de vid o cepa Josper MDV"},{"@type":"BreadcrumbList","@id":"https:\/\/jospergrill.com\/es\/productos\/carbon-vegetal-josper\/mdv-carbon-de-madera-de-vid-o-cepa-josper\/#breadcrumb","itemListElement":[{"@type":"ListItem","position":1,"name":"Home","item":"https:\/\/jospergrill.com\/es\/"},{"@type":"ListItem","position":2,"name":"Tienda","item":"https:\/\/jospergrill.com\/tienda\/"},{"@type":"ListItem","position":3,"name":"MDV &#8211; Le\u00f1a de madera de vid Josper (Caja 10KG)"}]},{"@type":"WebSite","@id":"https:\/\/jospergrill.com\/es\/#website","url":"https:\/\/jospergrill.com\/es\/","name":"Josper","description":"Passion for Grilling","publisher":{"@id":"https:\/\/jospergrill.com\/es\/#organization"},"potentialAction":[{"@type":"SearchAction","target":{"@type":"EntryPoint","urlTemplate":"https:\/\/jospergrill.com\/es\/?s={search_term_string}"},"query-input":{"@type":"PropertyValueSpecification","valueRequired":true,"valueName":"search_term_string"}}],"inLanguage":"es"},{"@type":"Organization","@id":"https:\/\/jospergrill.com\/es\/#organization","name":"Josper","url":"https:\/\/jospergrill.com\/es\/","logo":{"@type":"ImageObject","inLanguage":"es","@id":"https:\/\/jospergrill.com\/es\/#\/schema\/logo\/image\/","url":"https:\/\/jospergrill.com\/wp-content\/uploads\/josper-logo-escudo.png","contentUrl":"https:\/\/jospergrill.com\/wp-content\/uploads\/josper-logo-escudo.png","width":112,"height":144,"caption":"Josper"},"image":{"@id":"https:\/\/jospergrill.com\/es\/#\/schema\/logo\/image\/"},"sameAs":["https:\/\/www.facebook.com\/josperofficial\/","https:\/\/x.com\/JosperOfficial"]}]}},"_links":{"self":[{"href":"https:\/\/jospergrill.com\/es\/wp-json\/wp\/v2\/product\/5912","targetHints":{"allow":["GET"]}}],"collection":[{"href":"https:\/\/jospergrill.com\/es\/wp-json\/wp\/v2\/product"}],"about":[{"href":"https:\/\/jospergrill.com\/es\/wp-json\/wp\/v2\/types\/product"}],"replies":[{"embeddable":true,"href":"https:\/\/jospergrill.com\/es\/wp-json\/wp\/v2\/comments?post=5912"}],"wp:featuredmedia":[{"embeddable":true,"href":"https:\/\/jospergrill.com\/es\/wp-json\/wp\/v2\/media\/8096"}],"wp:attachment":[{"href":"https:\/\/jospergrill.com\/es\/wp-json\/wp\/v2\/media?parent=5912"}],"wp:term":[{"taxonomy":"product_brand","embeddable":true,"href":"https:\/\/jospergrill.com\/es\/wp-json\/wp\/v2\/product_brand?post=5912"},{"taxonomy":"product_cat","embeddable":true,"href":"https:\/\/jospergrill.com\/es\/wp-json\/wp\/v2\/product_cat?post=5912"},{"taxonomy":"product_tag","embeddable":true,"href":"https:\/\/jospergrill.com\/es\/wp-json\/wp\/v2\/product_tag?post=5912"}],"curies":[{"name":"wp","href":"https:\/\/api.w.org\/{rel}","templated":true}]}}