{"id":49976,"date":"2025-05-23T22:28:09","date_gmt":"2025-05-23T22:28:09","guid":{"rendered":"https:\/\/jospergrill.com\/?post_type=product&#038;p=49976"},"modified":"2025-06-01T15:43:33","modified_gmt":"2025-06-01T15:43:33","slug":"plato-de-presentacion-josper-de-hierro-fundido-30x20-cm","status":"publish","type":"product","link":"https:\/\/jospergrill.com\/es\/productos\/menaje-josper\/platos-de-fundicion\/plato-de-presentacion-josper-de-hierro-fundido-30x20-cm\/","title":{"rendered":"PLATO DE PRESENTACI\u00d3N JOSPER DE HIERRO FUNDIDO 30&#215;20 cm"},"content":{"rendered":"","protected":false},"excerpt":{"rendered":"<p>El menaje Josper, compuesto por cazuelas y bandejas Gastronorm de aluminio fundidas a mano, ofrece una r\u00e1pida y uniforme distribuci\u00f3n del calor gracias a su alta conductividad t\u00e9rmica. Con fondo rectificado con diamante y revestimiento de tefl\u00f3n de alta calidad, garantiza durabilidad y \u00f3ptimos resultados. Ideal para cocinar una variedad de alimentos en el horno brasa Josper, confiriendo el aroma noble del carb\u00f3n de le\u00f1a. Una forma saludable, r\u00e1pida y econ\u00f3mica de cocinar.<\/p>\n","protected":false},"featured_media":53458,"comment_status":"closed","ping_status":"closed","template":"","meta":{"_acf_changed":false,"site-sidebar-layout":"default","site-content-layout":"","ast-site-content-layout":"default","site-content-style":"default","site-sidebar-style":"default","ast-global-header-display":"","ast-banner-title-visibility":"","ast-main-header-display":"","ast-hfb-above-header-display":"","ast-hfb-below-header-display":"","ast-hfb-mobile-header-display":"","site-post-title":"","ast-breadcrumbs-content":"","ast-featured-img":"","footer-sml-layout":"","ast-disable-related-posts":"","theme-transparent-header-meta":"default","adv-header-id-meta":"","stick-header-meta":"","header-above-stick-meta":"","header-main-stick-meta":"","header-below-stick-meta":"","astra-migrate-meta-layouts":"set","ast-page-background-enabled":"default","ast-page-background-meta":{"desktop":{"background-color":"","background-image":"","background-repeat":"repeat","background-position":"center center","background-size":"auto","background-attachment":"scroll","background-type":"","background-media":"","overlay-type":"","overlay-color":"","overlay-opacity":"","overlay-gradient":""},"tablet":{"background-color":"","background-image":"","background-repeat":"repeat","background-position":"center center","background-size":"auto","background-attachment":"scroll","background-type":"","background-media":"","overlay-type":"","overlay-color":"","overlay-opacity":"","overlay-gradient":""},"mobile":{"background-color":"","background-image":"","background-repeat":"repeat","background-position":"center center","background-size":"auto","background-attachment":"scroll","background-type":"","background-media":"","overlay-type":"","overlay-color":"","overlay-opacity":"","overlay-gradient":""}},"ast-content-background-meta":{"desktop":{"background-color":"var(--ast-global-color-5)","background-image":"","background-repeat":"repeat","background-position":"center center","background-size":"auto","background-attachment":"scroll","background-type":"","background-media":"","overlay-type":"","overlay-color":"","overlay-opacity":"","overlay-gradient":""},"tablet":{"background-color":"var(--ast-global-color-5)","background-image":"","background-repeat":"repeat","background-position":"center center","background-size":"auto","background-attachment":"scroll","background-type":"","background-media":"","overlay-type":"","overlay-color":"","overlay-opacity":"","overlay-gradient":""},"mobile":{"background-color":"var(--ast-global-color-5)","background-image":"","background-repeat":"repeat","background-position":"center center","background-size":"auto","background-attachment":"scroll","background-type":"","background-media":"","overlay-type":"","overlay-color":"","overlay-opacity":"","overlay-gradient":""}}},"product_brand":[],"product_cat":[202,5215],"product_tag":[],"class_list":{"0":"post-49976","1":"product","2":"type-product","3":"status-publish","4":"has-post-thumbnail","6":"product_cat-menaje-josper","7":"product_cat-platos-de-fundicion","8":"desktop-align-center","9":"tablet-align-center","10":"mobile-align-center","12":"first","13":"instock","14":"taxable","15":"shipping-taxable","16":"purchasable","17":"product-type-simple"},"acf":[],"yoast_head":"<!-- This site is optimized with the Yoast SEO plugin v27.2 - https:\/\/yoast.com\/product\/yoast-seo-wordpress\/ -->\n<title>PLATO DE PRESENTACI\u00d3N JOSPER DE HIERRO FUNDIDO 30x20 cm | Josper<\/title>\n<meta name=\"description\" content=\"El menaje Josper, compuesto por cazuelas y bandejas Gastronorm de aluminio fundidas a mano, ofrece una r\u00e1pida y uniforme distribuci\u00f3n del calor gracias a su alta conductividad t\u00e9rmica. Con fondo rectificado con diamante y revestimiento de tefl\u00f3n de alta calidad, garantiza durabilidad y \u00f3ptimos resultados. Ideal para cocinar una variedad de alimentos en el horno brasa Josper, confiriendo el aroma noble del carb\u00f3n de le\u00f1a. Una forma saludable, r\u00e1pida y econ\u00f3mica de cocinar.\" \/>\n<meta name=\"robots\" content=\"index, follow, max-snippet:-1, max-image-preview:large, max-video-preview:-1\" \/>\n<link rel=\"canonical\" href=\"https:\/\/jospergrill.com\/es\/productos\/menaje-josper\/platos-de-fundicion\/plato-de-presentacion-josper-de-hierro-fundido-30x20-cm\/\" \/>\n<meta property=\"og:locale\" content=\"es_ES\" \/>\n<meta property=\"og:type\" content=\"article\" \/>\n<meta property=\"og:title\" content=\"PLATO DE PRESENTACI\u00d3N JOSPER DE HIERRO FUNDIDO 30x20 cm | Josper\" \/>\n<meta property=\"og:description\" content=\"El menaje Josper, compuesto por cazuelas y bandejas Gastronorm de aluminio fundidas a mano, ofrece una r\u00e1pida y uniforme distribuci\u00f3n del calor gracias a su alta conductividad t\u00e9rmica. Con fondo rectificado con diamante y revestimiento de tefl\u00f3n de alta calidad, garantiza durabilidad y \u00f3ptimos resultados. Ideal para cocinar una variedad de alimentos en el horno brasa Josper, confiriendo el aroma noble del carb\u00f3n de le\u00f1a. Una forma saludable, r\u00e1pida y econ\u00f3mica de cocinar.\" \/>\n<meta property=\"og:url\" content=\"https:\/\/jospergrill.com\/es\/productos\/menaje-josper\/platos-de-fundicion\/plato-de-presentacion-josper-de-hierro-fundido-30x20-cm\/\" \/>\n<meta property=\"og:site_name\" content=\"Josper\" \/>\n<meta property=\"article:publisher\" content=\"https:\/\/www.facebook.com\/josperofficial\/\" \/>\n<meta property=\"article:modified_time\" content=\"2025-06-01T15:43:33+00:00\" \/>\n<meta property=\"og:image\" content=\"https:\/\/jospergrill.com\/wp-content\/uploads\/262020.jpg\" \/>\n\t<meta property=\"og:image:width\" content=\"1000\" \/>\n\t<meta property=\"og:image:height\" content=\"667\" \/>\n\t<meta property=\"og:image:type\" content=\"image\/jpeg\" \/>\n<meta name=\"twitter:card\" content=\"summary_large_image\" \/>\n<meta name=\"twitter:site\" content=\"@JosperOfficial\" \/>\n<meta name=\"twitter:label1\" content=\"Tiempo de lectura\" \/>\n\t<meta name=\"twitter:data1\" content=\"1 minuto\" \/>\n<script type=\"application\/ld+json\" class=\"yoast-schema-graph\">{\"@context\":\"https:\/\/schema.org\",\"@graph\":[{\"@type\":\"WebPage\",\"@id\":\"https:\/\/jospergrill.com\/es\/productos\/menaje-josper\/platos-de-fundicion\/plato-de-presentacion-josper-de-hierro-fundido-30x20-cm\/\",\"url\":\"https:\/\/jospergrill.com\/es\/productos\/menaje-josper\/platos-de-fundicion\/plato-de-presentacion-josper-de-hierro-fundido-30x20-cm\/\",\"name\":\"PLATO DE PRESENTACI\u00d3N JOSPER DE HIERRO FUNDIDO 30x20 cm | Josper\",\"isPartOf\":{\"@id\":\"https:\/\/jospergrill.com\/es\/#website\"},\"primaryImageOfPage\":{\"@id\":\"https:\/\/jospergrill.com\/es\/productos\/menaje-josper\/platos-de-fundicion\/plato-de-presentacion-josper-de-hierro-fundido-30x20-cm\/#primaryimage\"},\"image\":{\"@id\":\"https:\/\/jospergrill.com\/es\/productos\/menaje-josper\/platos-de-fundicion\/plato-de-presentacion-josper-de-hierro-fundido-30x20-cm\/#primaryimage\"},\"thumbnailUrl\":\"https:\/\/jospergrill.com\/wp-content\/uploads\/262020.jpg\",\"datePublished\":\"2025-05-23T22:28:09+00:00\",\"dateModified\":\"2025-06-01T15:43:33+00:00\",\"description\":\"El menaje Josper, compuesto por cazuelas y bandejas Gastronorm de aluminio fundidas a mano, ofrece una r\u00e1pida y uniforme distribuci\u00f3n del calor gracias a su alta conductividad t\u00e9rmica. Con fondo rectificado con diamante y revestimiento de tefl\u00f3n de alta calidad, garantiza durabilidad y \u00f3ptimos resultados. Ideal para cocinar una variedad de alimentos en el horno brasa Josper, confiriendo el aroma noble del carb\u00f3n de le\u00f1a. Una forma saludable, r\u00e1pida y econ\u00f3mica de cocinar.\",\"breadcrumb\":{\"@id\":\"https:\/\/jospergrill.com\/es\/productos\/menaje-josper\/platos-de-fundicion\/plato-de-presentacion-josper-de-hierro-fundido-30x20-cm\/#breadcrumb\"},\"inLanguage\":\"es\",\"potentialAction\":[{\"@type\":\"ReadAction\",\"target\":[\"https:\/\/jospergrill.com\/es\/productos\/menaje-josper\/platos-de-fundicion\/plato-de-presentacion-josper-de-hierro-fundido-30x20-cm\/\"]}]},{\"@type\":\"ImageObject\",\"inLanguage\":\"es\",\"@id\":\"https:\/\/jospergrill.com\/es\/productos\/menaje-josper\/platos-de-fundicion\/plato-de-presentacion-josper-de-hierro-fundido-30x20-cm\/#primaryimage\",\"url\":\"https:\/\/jospergrill.com\/wp-content\/uploads\/262020.jpg\",\"contentUrl\":\"https:\/\/jospergrill.com\/wp-content\/uploads\/262020.jpg\",\"width\":1000,\"height\":667},{\"@type\":\"BreadcrumbList\",\"@id\":\"https:\/\/jospergrill.com\/es\/productos\/menaje-josper\/platos-de-fundicion\/plato-de-presentacion-josper-de-hierro-fundido-30x20-cm\/#breadcrumb\",\"itemListElement\":[{\"@type\":\"ListItem\",\"position\":1,\"name\":\"Home\",\"item\":\"https:\/\/jospergrill.com\/es\/\"},{\"@type\":\"ListItem\",\"position\":2,\"name\":\"Tienda\",\"item\":\"https:\/\/jospergrill.com\/tienda\/\"},{\"@type\":\"ListItem\",\"position\":3,\"name\":\"PLATO DE PRESENTACI\u00d3N JOSPER DE HIERRO FUNDIDO 30&#215;20 cm\"}]},{\"@type\":\"WebSite\",\"@id\":\"https:\/\/jospergrill.com\/es\/#website\",\"url\":\"https:\/\/jospergrill.com\/es\/\",\"name\":\"Josper\",\"description\":\"Passion for Grilling\",\"publisher\":{\"@id\":\"https:\/\/jospergrill.com\/es\/#organization\"},\"potentialAction\":[{\"@type\":\"SearchAction\",\"target\":{\"@type\":\"EntryPoint\",\"urlTemplate\":\"https:\/\/jospergrill.com\/es\/?s={search_term_string}\"},\"query-input\":{\"@type\":\"PropertyValueSpecification\",\"valueRequired\":true,\"valueName\":\"search_term_string\"}}],\"inLanguage\":\"es\"},{\"@type\":\"Organization\",\"@id\":\"https:\/\/jospergrill.com\/es\/#organization\",\"name\":\"Josper\",\"url\":\"https:\/\/jospergrill.com\/es\/\",\"logo\":{\"@type\":\"ImageObject\",\"inLanguage\":\"es\",\"@id\":\"https:\/\/jospergrill.com\/es\/#\/schema\/logo\/image\/\",\"url\":\"https:\/\/jospergrill.com\/wp-content\/uploads\/josper-logo-escudo.png\",\"contentUrl\":\"https:\/\/jospergrill.com\/wp-content\/uploads\/josper-logo-escudo.png\",\"width\":112,\"height\":144,\"caption\":\"Josper\"},\"image\":{\"@id\":\"https:\/\/jospergrill.com\/es\/#\/schema\/logo\/image\/\"},\"sameAs\":[\"https:\/\/www.facebook.com\/josperofficial\/\",\"https:\/\/x.com\/JosperOfficial\"]}]}<\/script>\n<!-- \/ Yoast SEO plugin. -->","yoast_head_json":{"title":"PLATO DE PRESENTACI\u00d3N JOSPER DE HIERRO FUNDIDO 30x20 cm | Josper","description":"El menaje Josper, compuesto por cazuelas y bandejas Gastronorm de aluminio fundidas a mano, ofrece una r\u00e1pida y uniforme distribuci\u00f3n del calor gracias a su alta conductividad t\u00e9rmica. Con fondo rectificado con diamante y revestimiento de tefl\u00f3n de alta calidad, garantiza durabilidad y \u00f3ptimos resultados. Ideal para cocinar una variedad de alimentos en el horno brasa Josper, confiriendo el aroma noble del carb\u00f3n de le\u00f1a. Una forma saludable, r\u00e1pida y econ\u00f3mica de cocinar.","robots":{"index":"index","follow":"follow","max-snippet":"max-snippet:-1","max-image-preview":"max-image-preview:large","max-video-preview":"max-video-preview:-1"},"canonical":"https:\/\/jospergrill.com\/es\/productos\/menaje-josper\/platos-de-fundicion\/plato-de-presentacion-josper-de-hierro-fundido-30x20-cm\/","og_locale":"es_ES","og_type":"article","og_title":"PLATO DE PRESENTACI\u00d3N JOSPER DE HIERRO FUNDIDO 30x20 cm | Josper","og_description":"El menaje Josper, compuesto por cazuelas y bandejas Gastronorm de aluminio fundidas a mano, ofrece una r\u00e1pida y uniforme distribuci\u00f3n del calor gracias a su alta conductividad t\u00e9rmica. Con fondo rectificado con diamante y revestimiento de tefl\u00f3n de alta calidad, garantiza durabilidad y \u00f3ptimos resultados. Ideal para cocinar una variedad de alimentos en el horno brasa Josper, confiriendo el aroma noble del carb\u00f3n de le\u00f1a. Una forma saludable, r\u00e1pida y econ\u00f3mica de cocinar.","og_url":"https:\/\/jospergrill.com\/es\/productos\/menaje-josper\/platos-de-fundicion\/plato-de-presentacion-josper-de-hierro-fundido-30x20-cm\/","og_site_name":"Josper","article_publisher":"https:\/\/www.facebook.com\/josperofficial\/","article_modified_time":"2025-06-01T15:43:33+00:00","og_image":[{"width":1000,"height":667,"url":"https:\/\/jospergrill.com\/wp-content\/uploads\/262020.jpg","type":"image\/jpeg"}],"twitter_card":"summary_large_image","twitter_site":"@JosperOfficial","twitter_misc":{"Tiempo de lectura":"1 minuto"},"schema":{"@context":"https:\/\/schema.org","@graph":[{"@type":"WebPage","@id":"https:\/\/jospergrill.com\/es\/productos\/menaje-josper\/platos-de-fundicion\/plato-de-presentacion-josper-de-hierro-fundido-30x20-cm\/","url":"https:\/\/jospergrill.com\/es\/productos\/menaje-josper\/platos-de-fundicion\/plato-de-presentacion-josper-de-hierro-fundido-30x20-cm\/","name":"PLATO DE PRESENTACI\u00d3N JOSPER DE HIERRO FUNDIDO 30x20 cm | Josper","isPartOf":{"@id":"https:\/\/jospergrill.com\/es\/#website"},"primaryImageOfPage":{"@id":"https:\/\/jospergrill.com\/es\/productos\/menaje-josper\/platos-de-fundicion\/plato-de-presentacion-josper-de-hierro-fundido-30x20-cm\/#primaryimage"},"image":{"@id":"https:\/\/jospergrill.com\/es\/productos\/menaje-josper\/platos-de-fundicion\/plato-de-presentacion-josper-de-hierro-fundido-30x20-cm\/#primaryimage"},"thumbnailUrl":"https:\/\/jospergrill.com\/wp-content\/uploads\/262020.jpg","datePublished":"2025-05-23T22:28:09+00:00","dateModified":"2025-06-01T15:43:33+00:00","description":"El menaje Josper, compuesto por cazuelas y bandejas Gastronorm de aluminio fundidas a mano, ofrece una r\u00e1pida y uniforme distribuci\u00f3n del calor gracias a su alta conductividad t\u00e9rmica. Con fondo rectificado con diamante y revestimiento de tefl\u00f3n de alta calidad, garantiza durabilidad y \u00f3ptimos resultados. Ideal para cocinar una variedad de alimentos en el horno brasa Josper, confiriendo el aroma noble del carb\u00f3n de le\u00f1a. Una forma saludable, r\u00e1pida y econ\u00f3mica de cocinar.","breadcrumb":{"@id":"https:\/\/jospergrill.com\/es\/productos\/menaje-josper\/platos-de-fundicion\/plato-de-presentacion-josper-de-hierro-fundido-30x20-cm\/#breadcrumb"},"inLanguage":"es","potentialAction":[{"@type":"ReadAction","target":["https:\/\/jospergrill.com\/es\/productos\/menaje-josper\/platos-de-fundicion\/plato-de-presentacion-josper-de-hierro-fundido-30x20-cm\/"]}]},{"@type":"ImageObject","inLanguage":"es","@id":"https:\/\/jospergrill.com\/es\/productos\/menaje-josper\/platos-de-fundicion\/plato-de-presentacion-josper-de-hierro-fundido-30x20-cm\/#primaryimage","url":"https:\/\/jospergrill.com\/wp-content\/uploads\/262020.jpg","contentUrl":"https:\/\/jospergrill.com\/wp-content\/uploads\/262020.jpg","width":1000,"height":667},{"@type":"BreadcrumbList","@id":"https:\/\/jospergrill.com\/es\/productos\/menaje-josper\/platos-de-fundicion\/plato-de-presentacion-josper-de-hierro-fundido-30x20-cm\/#breadcrumb","itemListElement":[{"@type":"ListItem","position":1,"name":"Home","item":"https:\/\/jospergrill.com\/es\/"},{"@type":"ListItem","position":2,"name":"Tienda","item":"https:\/\/jospergrill.com\/tienda\/"},{"@type":"ListItem","position":3,"name":"PLATO DE PRESENTACI\u00d3N JOSPER DE HIERRO FUNDIDO 30&#215;20 cm"}]},{"@type":"WebSite","@id":"https:\/\/jospergrill.com\/es\/#website","url":"https:\/\/jospergrill.com\/es\/","name":"Josper","description":"Passion for Grilling","publisher":{"@id":"https:\/\/jospergrill.com\/es\/#organization"},"potentialAction":[{"@type":"SearchAction","target":{"@type":"EntryPoint","urlTemplate":"https:\/\/jospergrill.com\/es\/?s={search_term_string}"},"query-input":{"@type":"PropertyValueSpecification","valueRequired":true,"valueName":"search_term_string"}}],"inLanguage":"es"},{"@type":"Organization","@id":"https:\/\/jospergrill.com\/es\/#organization","name":"Josper","url":"https:\/\/jospergrill.com\/es\/","logo":{"@type":"ImageObject","inLanguage":"es","@id":"https:\/\/jospergrill.com\/es\/#\/schema\/logo\/image\/","url":"https:\/\/jospergrill.com\/wp-content\/uploads\/josper-logo-escudo.png","contentUrl":"https:\/\/jospergrill.com\/wp-content\/uploads\/josper-logo-escudo.png","width":112,"height":144,"caption":"Josper"},"image":{"@id":"https:\/\/jospergrill.com\/es\/#\/schema\/logo\/image\/"},"sameAs":["https:\/\/www.facebook.com\/josperofficial\/","https:\/\/x.com\/JosperOfficial"]}]}},"_links":{"self":[{"href":"https:\/\/jospergrill.com\/es\/wp-json\/wp\/v2\/product\/49976","targetHints":{"allow":["GET"]}}],"collection":[{"href":"https:\/\/jospergrill.com\/es\/wp-json\/wp\/v2\/product"}],"about":[{"href":"https:\/\/jospergrill.com\/es\/wp-json\/wp\/v2\/types\/product"}],"replies":[{"embeddable":true,"href":"https:\/\/jospergrill.com\/es\/wp-json\/wp\/v2\/comments?post=49976"}],"wp:featuredmedia":[{"embeddable":true,"href":"https:\/\/jospergrill.com\/es\/wp-json\/wp\/v2\/media\/53458"}],"wp:attachment":[{"href":"https:\/\/jospergrill.com\/es\/wp-json\/wp\/v2\/media?parent=49976"}],"wp:term":[{"taxonomy":"product_brand","embeddable":true,"href":"https:\/\/jospergrill.com\/es\/wp-json\/wp\/v2\/product_brand?post=49976"},{"taxonomy":"product_cat","embeddable":true,"href":"https:\/\/jospergrill.com\/es\/wp-json\/wp\/v2\/product_cat?post=49976"},{"taxonomy":"product_tag","embeddable":true,"href":"https:\/\/jospergrill.com\/es\/wp-json\/wp\/v2\/product_tag?post=49976"}],"curies":[{"name":"wp","href":"https:\/\/api.w.org\/{rel}","templated":true}]}}