{"id":49947,"date":"2025-05-23T20:30:52","date_gmt":"2025-05-23T20:30:52","guid":{"rendered":"https:\/\/jospergrill.com\/?post_type=product&#038;p=49947"},"modified":"2025-06-01T14:59:48","modified_gmt":"2025-06-01T14:59:48","slug":"cazuela-josper-o-16","status":"publish","type":"product","link":"https:\/\/jospergrill.com\/es\/productos\/menaje-josper\/cazuelas\/cazuela-josper-o-16\/","title":{"rendered":"CAZUELA JOSPER \u00d8 16"},"content":{"rendered":"","protected":false},"excerpt":{"rendered":"<h2>Cazuela Josper 16 cm de di\u00e1metro y 3,5 cm de altura<\/h2>\n<p>El menaje Josper, compuesto por cazuelas y bandejas Gastronorm de aluminio fundidas a mano, ofrece una r\u00e1pida y uniforme distribuci\u00f3n del calor gracias a su alta conductividad t\u00e9rmica. Con fondo rectificado con diamante y revestimiento de tefl\u00f3n de alta calidad, garantiza durabilidad y \u00f3ptimos resultados. Ideal para cocinar una variedad de alimentos en el horno brasa Josper, confiriendo el aroma noble del carb\u00f3n de le\u00f1a. Una forma saludable, r\u00e1pida y econ\u00f3mica de cocinar.<\/p>\n","protected":false},"featured_media":52834,"comment_status":"closed","ping_status":"closed","template":"","meta":{"_acf_changed":false,"site-sidebar-layout":"default","site-content-layout":"","ast-site-content-layout":"default","site-content-style":"default","site-sidebar-style":"default","ast-global-header-display":"","ast-banner-title-visibility":"","ast-main-header-display":"","ast-hfb-above-header-display":"","ast-hfb-below-header-display":"","ast-hfb-mobile-header-display":"","site-post-title":"","ast-breadcrumbs-content":"","ast-featured-img":"","footer-sml-layout":"","ast-disable-related-posts":"","theme-transparent-header-meta":"default","adv-header-id-meta":"","stick-header-meta":"","header-above-stick-meta":"","header-main-stick-meta":"","header-below-stick-meta":"","astra-migrate-meta-layouts":"set","ast-page-background-enabled":"default","ast-page-background-meta":{"desktop":{"background-color":"","background-image":"","background-repeat":"repeat","background-position":"center center","background-size":"auto","background-attachment":"scroll","background-type":"","background-media":"","overlay-type":"","overlay-color":"","overlay-opacity":"","overlay-gradient":""},"tablet":{"background-color":"","background-image":"","background-repeat":"repeat","background-position":"center center","background-size":"auto","background-attachment":"scroll","background-type":"","background-media":"","overlay-type":"","overlay-color":"","overlay-opacity":"","overlay-gradient":""},"mobile":{"background-color":"","background-image":"","background-repeat":"repeat","background-position":"center center","background-size":"auto","background-attachment":"scroll","background-type":"","background-media":"","overlay-type":"","overlay-color":"","overlay-opacity":"","overlay-gradient":""}},"ast-content-background-meta":{"desktop":{"background-color":"var(--ast-global-color-5)","background-image":"","background-repeat":"repeat","background-position":"center center","background-size":"auto","background-attachment":"scroll","background-type":"","background-media":"","overlay-type":"","overlay-color":"","overlay-opacity":"","overlay-gradient":""},"tablet":{"background-color":"var(--ast-global-color-5)","background-image":"","background-repeat":"repeat","background-position":"center center","background-size":"auto","background-attachment":"scroll","background-type":"","background-media":"","overlay-type":"","overlay-color":"","overlay-opacity":"","overlay-gradient":""},"mobile":{"background-color":"var(--ast-global-color-5)","background-image":"","background-repeat":"repeat","background-position":"center center","background-size":"auto","background-attachment":"scroll","background-type":"","background-media":"","overlay-type":"","overlay-color":"","overlay-opacity":"","overlay-gradient":""}}},"product_brand":[],"product_cat":[5212,202],"product_tag":[],"class_list":{"0":"post-49947","1":"product","2":"type-product","3":"status-publish","4":"has-post-thumbnail","6":"product_cat-cazuelas","7":"product_cat-menaje-josper","8":"desktop-align-center","9":"tablet-align-center","10":"mobile-align-center","12":"first","13":"instock","14":"taxable","15":"shipping-taxable","16":"purchasable","17":"product-type-simple"},"acf":[],"yoast_head":"<!-- This site is optimized with the Yoast SEO plugin v27.2 - https:\/\/yoast.com\/product\/yoast-seo-wordpress\/ -->\n<title>CAZUELA JOSPER \u00d8 16 | Josper<\/title>\n<meta name=\"robots\" content=\"index, follow, max-snippet:-1, max-image-preview:large, max-video-preview:-1\" \/>\n<link rel=\"canonical\" href=\"https:\/\/jospergrill.com\/es\/productos\/menaje-josper\/cazuelas\/cazuela-josper-o-16\/\" \/>\n<meta property=\"og:locale\" content=\"es_ES\" \/>\n<meta property=\"og:type\" content=\"article\" \/>\n<meta property=\"og:title\" content=\"CAZUELA JOSPER \u00d8 16 | Josper\" \/>\n<meta property=\"og:description\" content=\"Cazuela Josper 16 cm de di\u00e1metro y 3,5 cm de altura El menaje Josper, compuesto por cazuelas y bandejas Gastronorm de aluminio fundidas a mano, ofrece una r\u00e1pida y uniforme distribuci\u00f3n del calor gracias a su alta conductividad t\u00e9rmica. Con fondo rectificado con diamante y revestimiento de tefl\u00f3n de alta calidad, garantiza durabilidad y \u00f3ptimos resultados. Ideal para cocinar una variedad de alimentos en el horno brasa Josper, confiriendo el aroma noble del carb\u00f3n de le\u00f1a. Una forma saludable, r\u00e1pida y econ\u00f3mica de cocinar.\" \/>\n<meta property=\"og:url\" content=\"https:\/\/jospergrill.com\/es\/productos\/menaje-josper\/cazuelas\/cazuela-josper-o-16\/\" \/>\n<meta property=\"og:site_name\" content=\"Josper\" \/>\n<meta property=\"article:publisher\" content=\"https:\/\/www.facebook.com\/josperofficial\/\" \/>\n<meta property=\"article:modified_time\" content=\"2025-06-01T14:59:48+00:00\" \/>\n<meta property=\"og:image\" content=\"https:\/\/jospergrill.com\/wp-content\/uploads\/4218.jpg\" \/>\n\t<meta property=\"og:image:width\" content=\"1000\" \/>\n\t<meta property=\"og:image:height\" content=\"667\" \/>\n\t<meta property=\"og:image:type\" content=\"image\/jpeg\" \/>\n<meta name=\"twitter:card\" content=\"summary_large_image\" \/>\n<meta name=\"twitter:site\" content=\"@JosperOfficial\" \/>\n<meta name=\"twitter:label1\" content=\"Tiempo de lectura\" \/>\n\t<meta name=\"twitter:data1\" content=\"1 minuto\" \/>\n<script type=\"application\/ld+json\" class=\"yoast-schema-graph\">{\"@context\":\"https:\/\/schema.org\",\"@graph\":[{\"@type\":\"WebPage\",\"@id\":\"https:\/\/jospergrill.com\/es\/productos\/menaje-josper\/cazuelas\/cazuela-josper-o-16\/\",\"url\":\"https:\/\/jospergrill.com\/es\/productos\/menaje-josper\/cazuelas\/cazuela-josper-o-16\/\",\"name\":\"CAZUELA JOSPER \u00d8 16 | Josper\",\"isPartOf\":{\"@id\":\"https:\/\/jospergrill.com\/es\/#website\"},\"primaryImageOfPage\":{\"@id\":\"https:\/\/jospergrill.com\/es\/productos\/menaje-josper\/cazuelas\/cazuela-josper-o-16\/#primaryimage\"},\"image\":{\"@id\":\"https:\/\/jospergrill.com\/es\/productos\/menaje-josper\/cazuelas\/cazuela-josper-o-16\/#primaryimage\"},\"thumbnailUrl\":\"https:\/\/jospergrill.com\/wp-content\/uploads\/4218.jpg\",\"datePublished\":\"2025-05-23T20:30:52+00:00\",\"dateModified\":\"2025-06-01T14:59:48+00:00\",\"breadcrumb\":{\"@id\":\"https:\/\/jospergrill.com\/es\/productos\/menaje-josper\/cazuelas\/cazuela-josper-o-16\/#breadcrumb\"},\"inLanguage\":\"es\",\"potentialAction\":[{\"@type\":\"ReadAction\",\"target\":[\"https:\/\/jospergrill.com\/es\/productos\/menaje-josper\/cazuelas\/cazuela-josper-o-16\/\"]}]},{\"@type\":\"ImageObject\",\"inLanguage\":\"es\",\"@id\":\"https:\/\/jospergrill.com\/es\/productos\/menaje-josper\/cazuelas\/cazuela-josper-o-16\/#primaryimage\",\"url\":\"https:\/\/jospergrill.com\/wp-content\/uploads\/4218.jpg\",\"contentUrl\":\"https:\/\/jospergrill.com\/wp-content\/uploads\/4218.jpg\",\"width\":1000,\"height\":667},{\"@type\":\"BreadcrumbList\",\"@id\":\"https:\/\/jospergrill.com\/es\/productos\/menaje-josper\/cazuelas\/cazuela-josper-o-16\/#breadcrumb\",\"itemListElement\":[{\"@type\":\"ListItem\",\"position\":1,\"name\":\"Home\",\"item\":\"https:\/\/jospergrill.com\/es\/\"},{\"@type\":\"ListItem\",\"position\":2,\"name\":\"Tienda\",\"item\":\"https:\/\/jospergrill.com\/tienda\/\"},{\"@type\":\"ListItem\",\"position\":3,\"name\":\"CAZUELA JOSPER \u00d8 16\"}]},{\"@type\":\"WebSite\",\"@id\":\"https:\/\/jospergrill.com\/es\/#website\",\"url\":\"https:\/\/jospergrill.com\/es\/\",\"name\":\"Josper\",\"description\":\"Passion for Grilling\",\"publisher\":{\"@id\":\"https:\/\/jospergrill.com\/es\/#organization\"},\"potentialAction\":[{\"@type\":\"SearchAction\",\"target\":{\"@type\":\"EntryPoint\",\"urlTemplate\":\"https:\/\/jospergrill.com\/es\/?s={search_term_string}\"},\"query-input\":{\"@type\":\"PropertyValueSpecification\",\"valueRequired\":true,\"valueName\":\"search_term_string\"}}],\"inLanguage\":\"es\"},{\"@type\":\"Organization\",\"@id\":\"https:\/\/jospergrill.com\/es\/#organization\",\"name\":\"Josper\",\"url\":\"https:\/\/jospergrill.com\/es\/\",\"logo\":{\"@type\":\"ImageObject\",\"inLanguage\":\"es\",\"@id\":\"https:\/\/jospergrill.com\/es\/#\/schema\/logo\/image\/\",\"url\":\"https:\/\/jospergrill.com\/wp-content\/uploads\/josper-logo-escudo.png\",\"contentUrl\":\"https:\/\/jospergrill.com\/wp-content\/uploads\/josper-logo-escudo.png\",\"width\":112,\"height\":144,\"caption\":\"Josper\"},\"image\":{\"@id\":\"https:\/\/jospergrill.com\/es\/#\/schema\/logo\/image\/\"},\"sameAs\":[\"https:\/\/www.facebook.com\/josperofficial\/\",\"https:\/\/x.com\/JosperOfficial\"]}]}<\/script>\n<!-- \/ Yoast SEO plugin. -->","yoast_head_json":{"title":"CAZUELA JOSPER \u00d8 16 | Josper","robots":{"index":"index","follow":"follow","max-snippet":"max-snippet:-1","max-image-preview":"max-image-preview:large","max-video-preview":"max-video-preview:-1"},"canonical":"https:\/\/jospergrill.com\/es\/productos\/menaje-josper\/cazuelas\/cazuela-josper-o-16\/","og_locale":"es_ES","og_type":"article","og_title":"CAZUELA JOSPER \u00d8 16 | Josper","og_description":"Cazuela Josper 16 cm de di\u00e1metro y 3,5 cm de altura El menaje Josper, compuesto por cazuelas y bandejas Gastronorm de aluminio fundidas a mano, ofrece una r\u00e1pida y uniforme distribuci\u00f3n del calor gracias a su alta conductividad t\u00e9rmica. Con fondo rectificado con diamante y revestimiento de tefl\u00f3n de alta calidad, garantiza durabilidad y \u00f3ptimos resultados. Ideal para cocinar una variedad de alimentos en el horno brasa Josper, confiriendo el aroma noble del carb\u00f3n de le\u00f1a. Una forma saludable, r\u00e1pida y econ\u00f3mica de cocinar.","og_url":"https:\/\/jospergrill.com\/es\/productos\/menaje-josper\/cazuelas\/cazuela-josper-o-16\/","og_site_name":"Josper","article_publisher":"https:\/\/www.facebook.com\/josperofficial\/","article_modified_time":"2025-06-01T14:59:48+00:00","og_image":[{"width":1000,"height":667,"url":"https:\/\/jospergrill.com\/wp-content\/uploads\/4218.jpg","type":"image\/jpeg"}],"twitter_card":"summary_large_image","twitter_site":"@JosperOfficial","twitter_misc":{"Tiempo de lectura":"1 minuto"},"schema":{"@context":"https:\/\/schema.org","@graph":[{"@type":"WebPage","@id":"https:\/\/jospergrill.com\/es\/productos\/menaje-josper\/cazuelas\/cazuela-josper-o-16\/","url":"https:\/\/jospergrill.com\/es\/productos\/menaje-josper\/cazuelas\/cazuela-josper-o-16\/","name":"CAZUELA JOSPER \u00d8 16 | Josper","isPartOf":{"@id":"https:\/\/jospergrill.com\/es\/#website"},"primaryImageOfPage":{"@id":"https:\/\/jospergrill.com\/es\/productos\/menaje-josper\/cazuelas\/cazuela-josper-o-16\/#primaryimage"},"image":{"@id":"https:\/\/jospergrill.com\/es\/productos\/menaje-josper\/cazuelas\/cazuela-josper-o-16\/#primaryimage"},"thumbnailUrl":"https:\/\/jospergrill.com\/wp-content\/uploads\/4218.jpg","datePublished":"2025-05-23T20:30:52+00:00","dateModified":"2025-06-01T14:59:48+00:00","breadcrumb":{"@id":"https:\/\/jospergrill.com\/es\/productos\/menaje-josper\/cazuelas\/cazuela-josper-o-16\/#breadcrumb"},"inLanguage":"es","potentialAction":[{"@type":"ReadAction","target":["https:\/\/jospergrill.com\/es\/productos\/menaje-josper\/cazuelas\/cazuela-josper-o-16\/"]}]},{"@type":"ImageObject","inLanguage":"es","@id":"https:\/\/jospergrill.com\/es\/productos\/menaje-josper\/cazuelas\/cazuela-josper-o-16\/#primaryimage","url":"https:\/\/jospergrill.com\/wp-content\/uploads\/4218.jpg","contentUrl":"https:\/\/jospergrill.com\/wp-content\/uploads\/4218.jpg","width":1000,"height":667},{"@type":"BreadcrumbList","@id":"https:\/\/jospergrill.com\/es\/productos\/menaje-josper\/cazuelas\/cazuela-josper-o-16\/#breadcrumb","itemListElement":[{"@type":"ListItem","position":1,"name":"Home","item":"https:\/\/jospergrill.com\/es\/"},{"@type":"ListItem","position":2,"name":"Tienda","item":"https:\/\/jospergrill.com\/tienda\/"},{"@type":"ListItem","position":3,"name":"CAZUELA JOSPER \u00d8 16"}]},{"@type":"WebSite","@id":"https:\/\/jospergrill.com\/es\/#website","url":"https:\/\/jospergrill.com\/es\/","name":"Josper","description":"Passion for Grilling","publisher":{"@id":"https:\/\/jospergrill.com\/es\/#organization"},"potentialAction":[{"@type":"SearchAction","target":{"@type":"EntryPoint","urlTemplate":"https:\/\/jospergrill.com\/es\/?s={search_term_string}"},"query-input":{"@type":"PropertyValueSpecification","valueRequired":true,"valueName":"search_term_string"}}],"inLanguage":"es"},{"@type":"Organization","@id":"https:\/\/jospergrill.com\/es\/#organization","name":"Josper","url":"https:\/\/jospergrill.com\/es\/","logo":{"@type":"ImageObject","inLanguage":"es","@id":"https:\/\/jospergrill.com\/es\/#\/schema\/logo\/image\/","url":"https:\/\/jospergrill.com\/wp-content\/uploads\/josper-logo-escudo.png","contentUrl":"https:\/\/jospergrill.com\/wp-content\/uploads\/josper-logo-escudo.png","width":112,"height":144,"caption":"Josper"},"image":{"@id":"https:\/\/jospergrill.com\/es\/#\/schema\/logo\/image\/"},"sameAs":["https:\/\/www.facebook.com\/josperofficial\/","https:\/\/x.com\/JosperOfficial"]}]}},"_links":{"self":[{"href":"https:\/\/jospergrill.com\/es\/wp-json\/wp\/v2\/product\/49947","targetHints":{"allow":["GET"]}}],"collection":[{"href":"https:\/\/jospergrill.com\/es\/wp-json\/wp\/v2\/product"}],"about":[{"href":"https:\/\/jospergrill.com\/es\/wp-json\/wp\/v2\/types\/product"}],"replies":[{"embeddable":true,"href":"https:\/\/jospergrill.com\/es\/wp-json\/wp\/v2\/comments?post=49947"}],"wp:featuredmedia":[{"embeddable":true,"href":"https:\/\/jospergrill.com\/es\/wp-json\/wp\/v2\/media\/52834"}],"wp:attachment":[{"href":"https:\/\/jospergrill.com\/es\/wp-json\/wp\/v2\/media?parent=49947"}],"wp:term":[{"taxonomy":"product_brand","embeddable":true,"href":"https:\/\/jospergrill.com\/es\/wp-json\/wp\/v2\/product_brand?post=49947"},{"taxonomy":"product_cat","embeddable":true,"href":"https:\/\/jospergrill.com\/es\/wp-json\/wp\/v2\/product_cat?post=49947"},{"taxonomy":"product_tag","embeddable":true,"href":"https:\/\/jospergrill.com\/es\/wp-json\/wp\/v2\/product_tag?post=49947"}],"curies":[{"name":"wp","href":"https:\/\/api.w.org\/{rel}","templated":true}]}}