{"id":46889,"date":"2024-07-19T10:12:12","date_gmt":"2024-07-19T10:12:12","guid":{"rendered":"https:\/\/jospergrill.com\/?post_type=product&#038;p=46889"},"modified":"2025-06-08T09:12:07","modified_gmt":"2025-06-08T09:12:07","slug":"robatagrill-josper-rgj-pro-l","status":"publish","type":"product","link":"https:\/\/jospergrill.com\/es\/productos\/robatagrills-josper\/robatagrill-josper-rgj-pro-l\/","title":{"rendered":"Robatagrill Josper RGJ-PRO L<br><img src=\"\/wp-content\/uploads\/2019\/03\/certification-ce-ul-nsf.svg\" class=\"cert\">"},"content":{"rendered":"","protected":false},"excerpt":{"rendered":"<div class=\"page\" title=\"Page 4\">\n<div class=\"layoutArea\">\n<div class=\"column\">\n<p>Robatagrill Josper RGJ-PRO L, la parrilla de carb\u00f3n abierta perfecta para el estilo robatayaki. La temperatura de lavado es de 250 \u00b0 C y el tiempo de ignici\u00f3n es de aproximadamente 20 minutos. Superficie de braseado de 1430 x 230 mm (x 3 niveles) y consumo de carb\u00f3n por servicio de 8 a 10 kg aprox. Accesorios: incluye plancha Teppanyaki, pinzas Josper, 3 rejillas atemperadoras grandes y 3 rejillas atemperadoras peque\u00f1as.<\/p>\n<p>La nueva Robatagrill PRO de Josper presenta mejoras significativas en su dise\u00f1o, tanto a nivel est\u00e9tico como en su funcionalidad. Entre las mejoras incluidas en la versi\u00f3n PRO se encuentra un mayor \u00e1rea de breaseado, diferentes configuraciones y accesorios que te permitir\u00e1n disfrutar de una experiencia de uso a\u00fan m\u00e1s completa y satisfactoria.<\/p>\n<p>La Robatagrill PRO de Josper es ideal para trabajar la brasa al estilo Robatayaki, la antigua t\u00e9cnica culinaria de la gastronom\u00eda japonesa. Cocina frente a los comensales y trae la esencia de la brasa y el showcooking.<\/p>\n<p>Las peque\u00f1as porciones de comida se cocinan en brochetas directamente sobre el carb\u00f3n vegetal caliente. Ideal para cocinar todo tipo de carnes, pescados y verduras de una manera \u00fanica, donde los ingredientes nunca pierden su aroma original. Adem\u00e1s, ofrece varios niveles de braseado e incluye diferentes tipos de accesorios para trabajar sobre el carb\u00f3n, brochetas, parrillas Teppanyaki y otros utensilios.<\/p>\n<\/div>\n<\/div>\n<\/div>\n","protected":false},"featured_media":46640,"comment_status":"closed","ping_status":"closed","template":"","meta":{"_acf_changed":false,"site-sidebar-layout":"default","site-content-layout":"default","ast-site-content-layout":"default","site-content-style":"default","site-sidebar-style":"default","ast-global-header-display":"","ast-banner-title-visibility":"","ast-main-header-display":"","ast-hfb-above-header-display":"","ast-hfb-below-header-display":"","ast-hfb-mobile-header-display":"","site-post-title":"","ast-breadcrumbs-content":"","ast-featured-img":"","footer-sml-layout":"","ast-disable-related-posts":"","theme-transparent-header-meta":"default","adv-header-id-meta":"","stick-header-meta":"default","header-above-stick-meta":"","header-main-stick-meta":"","header-below-stick-meta":"","astra-migrate-meta-layouts":"set","ast-page-background-enabled":"default","ast-page-background-meta":{"desktop":{"background-color":"","background-image":"","background-repeat":"repeat","background-position":"center center","background-size":"auto","background-attachment":"scroll","background-type":"","background-media":"","overlay-type":"","overlay-color":"","overlay-opacity":"","overlay-gradient":""},"tablet":{"background-color":"","background-image":"","background-repeat":"repeat","background-position":"center center","background-size":"auto","background-attachment":"scroll","background-type":"","background-media":"","overlay-type":"","overlay-color":"","overlay-opacity":"","overlay-gradient":""},"mobile":{"background-color":"","background-image":"","background-repeat":"repeat","background-position":"center center","background-size":"auto","background-attachment":"scroll","background-type":"","background-media":"","overlay-type":"","overlay-color":"","overlay-opacity":"","overlay-gradient":""}},"ast-content-background-meta":{"desktop":{"background-color":"var(--ast-global-color-5)","background-image":"","background-repeat":"repeat","background-position":"center center","background-size":"auto","background-attachment":"scroll","background-type":"","background-media":"","overlay-type":"","overlay-color":"","overlay-opacity":"","overlay-gradient":""},"tablet":{"background-color":"var(--ast-global-color-5)","background-image":"","background-repeat":"repeat","background-position":"center center","background-size":"auto","background-attachment":"scroll","background-type":"","background-media":"","overlay-type":"","overlay-color":"","overlay-opacity":"","overlay-gradient":""},"mobile":{"background-color":"var(--ast-global-color-5)","background-image":"","background-repeat":"repeat","background-position":"center center","background-size":"auto","background-attachment":"scroll","background-type":"","background-media":"","overlay-type":"","overlay-color":"","overlay-opacity":"","overlay-gradient":""}}},"product_brand":[],"product_cat":[1342,840],"product_tag":[],"class_list":{"0":"post-46889","1":"product","2":"type-product","3":"status-publish","4":"has-post-thumbnail","6":"product_cat-accesorios-josper","7":"product_cat-robatagrills-josper","8":"desktop-align-center","9":"tablet-align-center","10":"mobile-align-center","12":"first","13":"instock","14":"taxable","15":"shipping-taxable","16":"product-type-simple"},"acf":[],"yoast_head":"<!-- This site is optimized with the Yoast SEO plugin v27.2 - https:\/\/yoast.com\/product\/yoast-seo-wordpress\/ -->\n<title>Robatagrill Josper RGJ-PRO L | Cocina Robatayaki | JOSPER<\/title>\n<meta name=\"description\" content=\"Robatagrill Josper RGJ-PRO L, la parrilla abierta de carb\u00f3n vegetal perfecta para la cocina robatayaki, temperatura de braseado 250 \u00b0C, \u00b1 100 pinchos.\" \/>\n<meta name=\"robots\" content=\"index, follow, max-snippet:-1, max-image-preview:large, max-video-preview:-1\" \/>\n<link rel=\"canonical\" href=\"https:\/\/jospergrill.com\/es\/productos\/robatagrills-josper\/robatagrill-josper-rgj-pro-l\/\" \/>\n<meta property=\"og:locale\" content=\"es_ES\" \/>\n<meta property=\"og:type\" content=\"article\" \/>\n<meta property=\"og:title\" content=\"Robatagrill Josper RGJ-PRO L | Cocina Robatayaki | JOSPER\" \/>\n<meta property=\"og:description\" content=\"Robatagrill Josper RGJ-PRO L, la parrilla abierta de carb\u00f3n vegetal perfecta para la cocina robatayaki, temperatura de braseado 250 \u00b0C, \u00b1 100 pinchos.\" \/>\n<meta property=\"og:url\" content=\"https:\/\/jospergrill.com\/es\/productos\/robatagrills-josper\/robatagrill-josper-rgj-pro-l\/\" \/>\n<meta property=\"og:site_name\" content=\"Josper\" \/>\n<meta property=\"article:publisher\" content=\"https:\/\/www.facebook.com\/josperofficial\/\" \/>\n<meta property=\"article:modified_time\" content=\"2025-06-08T09:12:07+00:00\" \/>\n<meta property=\"og:image\" content=\"https:\/\/jospergrill.com\/wp-content\/uploads\/josper-rgjt-PRO-L.jpg\" \/>\n\t<meta property=\"og:image:width\" content=\"900\" \/>\n\t<meta property=\"og:image:height\" content=\"900\" \/>\n\t<meta property=\"og:image:type\" content=\"image\/jpeg\" \/>\n<meta name=\"twitter:card\" content=\"summary_large_image\" \/>\n<meta name=\"twitter:site\" content=\"@JosperOfficial\" \/>\n<meta name=\"twitter:label1\" content=\"Tiempo de lectura\" \/>\n\t<meta name=\"twitter:data1\" content=\"1 minuto\" \/>\n<script type=\"application\/ld+json\" class=\"yoast-schema-graph\">{\"@context\":\"https:\/\/schema.org\",\"@graph\":[{\"@type\":\"WebPage\",\"@id\":\"https:\/\/jospergrill.com\/es\/productos\/robatagrills-josper\/robatagrill-josper-rgj-pro-l\/\",\"url\":\"https:\/\/jospergrill.com\/es\/productos\/robatagrills-josper\/robatagrill-josper-rgj-pro-l\/\",\"name\":\"Robatagrill Josper RGJ-PRO L | Cocina Robatayaki | JOSPER\",\"isPartOf\":{\"@id\":\"https:\/\/jospergrill.com\/es\/#website\"},\"primaryImageOfPage\":{\"@id\":\"https:\/\/jospergrill.com\/es\/productos\/robatagrills-josper\/robatagrill-josper-rgj-pro-l\/#primaryimage\"},\"image\":{\"@id\":\"https:\/\/jospergrill.com\/es\/productos\/robatagrills-josper\/robatagrill-josper-rgj-pro-l\/#primaryimage\"},\"thumbnailUrl\":\"https:\/\/jospergrill.com\/wp-content\/uploads\/josper-rgjt-PRO-L.jpg\",\"datePublished\":\"2024-07-19T10:12:12+00:00\",\"dateModified\":\"2025-06-08T09:12:07+00:00\",\"description\":\"Robatagrill Josper RGJ-PRO L, la parrilla abierta de carb\u00f3n vegetal perfecta para la cocina robatayaki, temperatura de braseado 250 \u00b0C, \u00b1 100 pinchos.\",\"breadcrumb\":{\"@id\":\"https:\/\/jospergrill.com\/es\/productos\/robatagrills-josper\/robatagrill-josper-rgj-pro-l\/#breadcrumb\"},\"inLanguage\":\"es\",\"potentialAction\":[{\"@type\":\"ReadAction\",\"target\":[\"https:\/\/jospergrill.com\/es\/productos\/robatagrills-josper\/robatagrill-josper-rgj-pro-l\/\"]}]},{\"@type\":\"ImageObject\",\"inLanguage\":\"es\",\"@id\":\"https:\/\/jospergrill.com\/es\/productos\/robatagrills-josper\/robatagrill-josper-rgj-pro-l\/#primaryimage\",\"url\":\"https:\/\/jospergrill.com\/wp-content\/uploads\/josper-rgjt-PRO-L.jpg\",\"contentUrl\":\"https:\/\/jospergrill.com\/wp-content\/uploads\/josper-rgjt-PRO-L.jpg\",\"width\":900,\"height\":900},{\"@type\":\"BreadcrumbList\",\"@id\":\"https:\/\/jospergrill.com\/es\/productos\/robatagrills-josper\/robatagrill-josper-rgj-pro-l\/#breadcrumb\",\"itemListElement\":[{\"@type\":\"ListItem\",\"position\":1,\"name\":\"Home\",\"item\":\"https:\/\/jospergrill.com\/es\/\"},{\"@type\":\"ListItem\",\"position\":2,\"name\":\"Tienda\",\"item\":\"https:\/\/jospergrill.com\/tienda\/\"},{\"@type\":\"ListItem\",\"position\":3,\"name\":\"Robatagrill Josper RGJ-PRO L\"}]},{\"@type\":\"WebSite\",\"@id\":\"https:\/\/jospergrill.com\/es\/#website\",\"url\":\"https:\/\/jospergrill.com\/es\/\",\"name\":\"Josper\",\"description\":\"Passion for Grilling\",\"publisher\":{\"@id\":\"https:\/\/jospergrill.com\/es\/#organization\"},\"potentialAction\":[{\"@type\":\"SearchAction\",\"target\":{\"@type\":\"EntryPoint\",\"urlTemplate\":\"https:\/\/jospergrill.com\/es\/?s={search_term_string}\"},\"query-input\":{\"@type\":\"PropertyValueSpecification\",\"valueRequired\":true,\"valueName\":\"search_term_string\"}}],\"inLanguage\":\"es\"},{\"@type\":\"Organization\",\"@id\":\"https:\/\/jospergrill.com\/es\/#organization\",\"name\":\"Josper\",\"url\":\"https:\/\/jospergrill.com\/es\/\",\"logo\":{\"@type\":\"ImageObject\",\"inLanguage\":\"es\",\"@id\":\"https:\/\/jospergrill.com\/es\/#\/schema\/logo\/image\/\",\"url\":\"https:\/\/jospergrill.com\/wp-content\/uploads\/josper-logo-escudo.png\",\"contentUrl\":\"https:\/\/jospergrill.com\/wp-content\/uploads\/josper-logo-escudo.png\",\"width\":112,\"height\":144,\"caption\":\"Josper\"},\"image\":{\"@id\":\"https:\/\/jospergrill.com\/es\/#\/schema\/logo\/image\/\"},\"sameAs\":[\"https:\/\/www.facebook.com\/josperofficial\/\",\"https:\/\/x.com\/JosperOfficial\"]}]}<\/script>\n<!-- \/ Yoast SEO plugin. -->","yoast_head_json":{"title":"Robatagrill Josper RGJ-PRO L | Cocina Robatayaki | JOSPER","description":"Robatagrill Josper RGJ-PRO L, la parrilla abierta de carb\u00f3n vegetal perfecta para la cocina robatayaki, temperatura de braseado 250 \u00b0C, \u00b1 100 pinchos.","robots":{"index":"index","follow":"follow","max-snippet":"max-snippet:-1","max-image-preview":"max-image-preview:large","max-video-preview":"max-video-preview:-1"},"canonical":"https:\/\/jospergrill.com\/es\/productos\/robatagrills-josper\/robatagrill-josper-rgj-pro-l\/","og_locale":"es_ES","og_type":"article","og_title":"Robatagrill Josper RGJ-PRO L | Cocina Robatayaki | JOSPER","og_description":"Robatagrill Josper RGJ-PRO L, la parrilla abierta de carb\u00f3n vegetal perfecta para la cocina robatayaki, temperatura de braseado 250 \u00b0C, \u00b1 100 pinchos.","og_url":"https:\/\/jospergrill.com\/es\/productos\/robatagrills-josper\/robatagrill-josper-rgj-pro-l\/","og_site_name":"Josper","article_publisher":"https:\/\/www.facebook.com\/josperofficial\/","article_modified_time":"2025-06-08T09:12:07+00:00","og_image":[{"width":900,"height":900,"url":"https:\/\/jospergrill.com\/wp-content\/uploads\/josper-rgjt-PRO-L.jpg","type":"image\/jpeg"}],"twitter_card":"summary_large_image","twitter_site":"@JosperOfficial","twitter_misc":{"Tiempo de lectura":"1 minuto"},"schema":{"@context":"https:\/\/schema.org","@graph":[{"@type":"WebPage","@id":"https:\/\/jospergrill.com\/es\/productos\/robatagrills-josper\/robatagrill-josper-rgj-pro-l\/","url":"https:\/\/jospergrill.com\/es\/productos\/robatagrills-josper\/robatagrill-josper-rgj-pro-l\/","name":"Robatagrill Josper RGJ-PRO L | Cocina Robatayaki | JOSPER","isPartOf":{"@id":"https:\/\/jospergrill.com\/es\/#website"},"primaryImageOfPage":{"@id":"https:\/\/jospergrill.com\/es\/productos\/robatagrills-josper\/robatagrill-josper-rgj-pro-l\/#primaryimage"},"image":{"@id":"https:\/\/jospergrill.com\/es\/productos\/robatagrills-josper\/robatagrill-josper-rgj-pro-l\/#primaryimage"},"thumbnailUrl":"https:\/\/jospergrill.com\/wp-content\/uploads\/josper-rgjt-PRO-L.jpg","datePublished":"2024-07-19T10:12:12+00:00","dateModified":"2025-06-08T09:12:07+00:00","description":"Robatagrill Josper RGJ-PRO L, la parrilla abierta de carb\u00f3n vegetal perfecta para la cocina robatayaki, temperatura de braseado 250 \u00b0C, \u00b1 100 pinchos.","breadcrumb":{"@id":"https:\/\/jospergrill.com\/es\/productos\/robatagrills-josper\/robatagrill-josper-rgj-pro-l\/#breadcrumb"},"inLanguage":"es","potentialAction":[{"@type":"ReadAction","target":["https:\/\/jospergrill.com\/es\/productos\/robatagrills-josper\/robatagrill-josper-rgj-pro-l\/"]}]},{"@type":"ImageObject","inLanguage":"es","@id":"https:\/\/jospergrill.com\/es\/productos\/robatagrills-josper\/robatagrill-josper-rgj-pro-l\/#primaryimage","url":"https:\/\/jospergrill.com\/wp-content\/uploads\/josper-rgjt-PRO-L.jpg","contentUrl":"https:\/\/jospergrill.com\/wp-content\/uploads\/josper-rgjt-PRO-L.jpg","width":900,"height":900},{"@type":"BreadcrumbList","@id":"https:\/\/jospergrill.com\/es\/productos\/robatagrills-josper\/robatagrill-josper-rgj-pro-l\/#breadcrumb","itemListElement":[{"@type":"ListItem","position":1,"name":"Home","item":"https:\/\/jospergrill.com\/es\/"},{"@type":"ListItem","position":2,"name":"Tienda","item":"https:\/\/jospergrill.com\/tienda\/"},{"@type":"ListItem","position":3,"name":"Robatagrill Josper RGJ-PRO L"}]},{"@type":"WebSite","@id":"https:\/\/jospergrill.com\/es\/#website","url":"https:\/\/jospergrill.com\/es\/","name":"Josper","description":"Passion for Grilling","publisher":{"@id":"https:\/\/jospergrill.com\/es\/#organization"},"potentialAction":[{"@type":"SearchAction","target":{"@type":"EntryPoint","urlTemplate":"https:\/\/jospergrill.com\/es\/?s={search_term_string}"},"query-input":{"@type":"PropertyValueSpecification","valueRequired":true,"valueName":"search_term_string"}}],"inLanguage":"es"},{"@type":"Organization","@id":"https:\/\/jospergrill.com\/es\/#organization","name":"Josper","url":"https:\/\/jospergrill.com\/es\/","logo":{"@type":"ImageObject","inLanguage":"es","@id":"https:\/\/jospergrill.com\/es\/#\/schema\/logo\/image\/","url":"https:\/\/jospergrill.com\/wp-content\/uploads\/josper-logo-escudo.png","contentUrl":"https:\/\/jospergrill.com\/wp-content\/uploads\/josper-logo-escudo.png","width":112,"height":144,"caption":"Josper"},"image":{"@id":"https:\/\/jospergrill.com\/es\/#\/schema\/logo\/image\/"},"sameAs":["https:\/\/www.facebook.com\/josperofficial\/","https:\/\/x.com\/JosperOfficial"]}]}},"_links":{"self":[{"href":"https:\/\/jospergrill.com\/es\/wp-json\/wp\/v2\/product\/46889","targetHints":{"allow":["GET"]}}],"collection":[{"href":"https:\/\/jospergrill.com\/es\/wp-json\/wp\/v2\/product"}],"about":[{"href":"https:\/\/jospergrill.com\/es\/wp-json\/wp\/v2\/types\/product"}],"replies":[{"embeddable":true,"href":"https:\/\/jospergrill.com\/es\/wp-json\/wp\/v2\/comments?post=46889"}],"wp:featuredmedia":[{"embeddable":true,"href":"https:\/\/jospergrill.com\/es\/wp-json\/wp\/v2\/media\/46640"}],"wp:attachment":[{"href":"https:\/\/jospergrill.com\/es\/wp-json\/wp\/v2\/media?parent=46889"}],"wp:term":[{"taxonomy":"product_brand","embeddable":true,"href":"https:\/\/jospergrill.com\/es\/wp-json\/wp\/v2\/product_brand?post=46889"},{"taxonomy":"product_cat","embeddable":true,"href":"https:\/\/jospergrill.com\/es\/wp-json\/wp\/v2\/product_cat?post=46889"},{"taxonomy":"product_tag","embeddable":true,"href":"https:\/\/jospergrill.com\/es\/wp-json\/wp\/v2\/product_tag?post=46889"}],"curies":[{"name":"wp","href":"https:\/\/api.w.org\/{rel}","templated":true}]}}