{"id":45576,"date":"2024-02-11T15:35:08","date_gmt":"2024-02-11T15:35:07","guid":{"rendered":"https:\/\/jospergrill.com\/?post_type=product&#038;p=45576"},"modified":"2025-06-01T11:21:43","modified_gmt":"2025-06-01T11:21:43","slug":"biocarbon-carbon-sostenible","status":"publish","type":"product","link":"https:\/\/jospergrill.com\/es\/productos\/carbon-vegetal-josper\/biocarbon-carbon-sostenible\/","title":{"rendered":"Biocarb\u00f3n: Carb\u00f3n Sostenible"},"content":{"rendered":"","protected":false},"excerpt":{"rendered":"<h2>BIOCARB\u00d3N JOSPER, EL CARB\u00d3N SOSTENIBLE ECOL\u00d3GICO<\/h2>\n<p class=\"p2\">El BIOCARB\u00d3N JOSPER es un <strong>carb\u00f3n 100% ecol\u00f3gico<\/strong> de producci\u00f3n sostenible. Constituye la alternativa ideal para quienes se preocupan por el medio ambiente y por una alimentaci\u00f3n sana. Producido mediante el proceso de pir\u00f3lisis lenta, sin ninguna emisi\u00f3n de gases (CO2) al medio ambiente. El resultado es un producto completamente natural y ecol\u00f3gico, sin aditivos qu\u00edmicos ni minerales.<\/p>\n<p><img decoding=\"async\" class=\"alignnone wp-image-41491\" style=\"font-weight: inherit;\" src=\"https:\/\/jospergrill.com\/wp-content\/uploads\/\/pefc-logo-1-1-236x300.png\" alt=\"\" width=\"66\" height=\"84\" srcset=\"https:\/\/jospergrill.com\/wp-content\/uploads\/pefc-logo-1-1-236x300.png 236w, https:\/\/jospergrill.com\/wp-content\/uploads\/pefc-logo-1-1-720x914.png 720w, https:\/\/jospergrill.com\/wp-content\/uploads\/pefc-logo-1-1-807x1024.png 807w, https:\/\/jospergrill.com\/wp-content\/uploads\/pefc-logo-1-1-768x975.png 768w, https:\/\/jospergrill.com\/wp-content\/uploads\/pefc-logo-1-1-1210x1536.png 1210w, https:\/\/jospergrill.com\/wp-content\/uploads\/pefc-logo-1-1-1614x2048.png 1614w, https:\/\/jospergrill.com\/wp-content\/uploads\/pefc-logo-1-1.png 1891w\" sizes=\"(max-width: 66px) 100vw, 66px\" \/> \u00a0<img decoding=\"async\" class=\"alignnone wp-image-45409\" src=\"https:\/\/jospergrill.com\/wp-content\/uploads\/reach-compilant-logo.png\" alt=\"\" width=\"118\" height=\"66\" \/> \u00a0 <img decoding=\"async\" class=\"alignnone wp-image-45398\" src=\"https:\/\/jospergrill.com\/wp-content\/uploads\/pastillas-natural-logo.png\" alt=\"\" width=\"79\" height=\"81\" \/><\/p>\n","protected":false},"featured_media":45589,"comment_status":"closed","ping_status":"closed","template":"","meta":{"_acf_changed":false,"site-sidebar-layout":"default","site-content-layout":"default","ast-site-content-layout":"default","site-content-style":"default","site-sidebar-style":"default","ast-global-header-display":"","ast-banner-title-visibility":"","ast-main-header-display":"","ast-hfb-above-header-display":"","ast-hfb-below-header-display":"","ast-hfb-mobile-header-display":"","site-post-title":"","ast-breadcrumbs-content":"","ast-featured-img":"","footer-sml-layout":"","ast-disable-related-posts":"","theme-transparent-header-meta":"default","adv-header-id-meta":"","stick-header-meta":"default","header-above-stick-meta":"","header-main-stick-meta":"","header-below-stick-meta":"","astra-migrate-meta-layouts":"set","ast-page-background-enabled":"default","ast-page-background-meta":{"desktop":{"background-color":"","background-image":"","background-repeat":"repeat","background-position":"center center","background-size":"auto","background-attachment":"scroll","background-type":"","background-media":"","overlay-type":"","overlay-color":"","overlay-opacity":"","overlay-gradient":""},"tablet":{"background-color":"","background-image":"","background-repeat":"repeat","background-position":"center center","background-size":"auto","background-attachment":"scroll","background-type":"","background-media":"","overlay-type":"","overlay-color":"","overlay-opacity":"","overlay-gradient":""},"mobile":{"background-color":"","background-image":"","background-repeat":"repeat","background-position":"center center","background-size":"auto","background-attachment":"scroll","background-type":"","background-media":"","overlay-type":"","overlay-color":"","overlay-opacity":"","overlay-gradient":""}},"ast-content-background-meta":{"desktop":{"background-color":"var(--ast-global-color-5)","background-image":"","background-repeat":"repeat","background-position":"center center","background-size":"auto","background-attachment":"scroll","background-type":"","background-media":"","overlay-type":"","overlay-color":"","overlay-opacity":"","overlay-gradient":""},"tablet":{"background-color":"var(--ast-global-color-5)","background-image":"","background-repeat":"repeat","background-position":"center center","background-size":"auto","background-attachment":"scroll","background-type":"","background-media":"","overlay-type":"","overlay-color":"","overlay-opacity":"","overlay-gradient":""},"mobile":{"background-color":"var(--ast-global-color-5)","background-image":"","background-repeat":"repeat","background-position":"center center","background-size":"auto","background-attachment":"scroll","background-type":"","background-media":"","overlay-type":"","overlay-color":"","overlay-opacity":"","overlay-gradient":""}}},"product_brand":[],"product_cat":[1341],"product_tag":[],"class_list":{"0":"post-45576","1":"product","2":"type-product","3":"status-publish","4":"has-post-thumbnail","6":"product_cat-carbon-vegetal-josper","7":"desktop-align-center","8":"tablet-align-center","9":"mobile-align-center","11":"first","12":"instock","13":"taxable","14":"shipping-taxable","15":"product-type-simple"},"acf":[],"yoast_head":"<!-- This site is optimized with the Yoast SEO plugin v27.5 - https:\/\/yoast.com\/product\/yoast-seo-wordpress\/ -->\n<title>Carb\u00f3n Ecol\u00f3gico Sostenible | Biocarb\u00f3n vegetal JOSPER<\/title>\n<meta name=\"description\" content=\"Carb\u00f3n 100% ecol\u00f3gico de producci\u00f3n sostenible. Producido sin ninguna emisi\u00f3n de gases (CO2) al medio ambiente. Completamente natural y sin aditivos qu\u00edmicos.\" \/>\n<meta name=\"robots\" content=\"index, follow, max-snippet:-1, max-image-preview:large, max-video-preview:-1\" \/>\n<link rel=\"canonical\" href=\"https:\/\/jospergrill.com\/es\/productos\/carbon-vegetal-josper\/biocarbon-carbon-sostenible\/\" \/>\n<meta property=\"og:locale\" content=\"es_ES\" \/>\n<meta property=\"og:type\" content=\"article\" \/>\n<meta property=\"og:title\" content=\"Carb\u00f3n Ecol\u00f3gico Sostenible | Biocarb\u00f3n vegetal JOSPER\" \/>\n<meta property=\"og:description\" content=\"Carb\u00f3n 100% ecol\u00f3gico de producci\u00f3n sostenible. Producido sin ninguna emisi\u00f3n de gases (CO2) al medio ambiente. Completamente natural y sin aditivos qu\u00edmicos.\" \/>\n<meta property=\"og:url\" content=\"https:\/\/jospergrill.com\/es\/productos\/carbon-vegetal-josper\/biocarbon-carbon-sostenible\/\" \/>\n<meta property=\"og:site_name\" content=\"Josper\" \/>\n<meta property=\"article:publisher\" content=\"https:\/\/www.facebook.com\/josperofficial\/\" \/>\n<meta property=\"article:modified_time\" content=\"2025-06-01T11:21:43+00:00\" \/>\n<meta property=\"og:image\" content=\"https:\/\/jospergrill.com\/wp-content\/uploads\/carbon-sostenible-biocarbon-josper.jpg\" \/>\n\t<meta property=\"og:image:width\" content=\"900\" \/>\n\t<meta property=\"og:image:height\" content=\"900\" \/>\n\t<meta property=\"og:image:type\" content=\"image\/jpeg\" \/>\n<meta name=\"twitter:card\" content=\"summary_large_image\" \/>\n<meta name=\"twitter:site\" content=\"@JosperOfficial\" \/>\n<meta name=\"twitter:label1\" content=\"Tiempo de lectura\" \/>\n\t<meta name=\"twitter:data1\" content=\"1 minuto\" \/>\n<script type=\"application\/ld+json\" class=\"yoast-schema-graph\">{\"@context\":\"https:\\\/\\\/schema.org\",\"@graph\":[{\"@type\":\"WebPage\",\"@id\":\"https:\\\/\\\/jospergrill.com\\\/es\\\/productos\\\/carbon-vegetal-josper\\\/biocarbon-carbon-sostenible\\\/\",\"url\":\"https:\\\/\\\/jospergrill.com\\\/es\\\/productos\\\/carbon-vegetal-josper\\\/biocarbon-carbon-sostenible\\\/\",\"name\":\"Carb\u00f3n Ecol\u00f3gico Sostenible | Biocarb\u00f3n vegetal JOSPER\",\"isPartOf\":{\"@id\":\"https:\\\/\\\/jospergrill.com\\\/es\\\/#website\"},\"primaryImageOfPage\":{\"@id\":\"https:\\\/\\\/jospergrill.com\\\/es\\\/productos\\\/carbon-vegetal-josper\\\/biocarbon-carbon-sostenible\\\/#primaryimage\"},\"image\":{\"@id\":\"https:\\\/\\\/jospergrill.com\\\/es\\\/productos\\\/carbon-vegetal-josper\\\/biocarbon-carbon-sostenible\\\/#primaryimage\"},\"thumbnailUrl\":\"https:\\\/\\\/jospergrill.com\\\/wp-content\\\/uploads\\\/carbon-sostenible-biocarbon-josper.jpg\",\"datePublished\":\"2024-02-11T15:35:07+00:00\",\"dateModified\":\"2025-06-01T11:21:43+00:00\",\"description\":\"Carb\u00f3n 100% ecol\u00f3gico de producci\u00f3n sostenible. Producido sin ninguna emisi\u00f3n de gases (CO2) al medio ambiente. Completamente natural y sin aditivos qu\u00edmicos.\",\"breadcrumb\":{\"@id\":\"https:\\\/\\\/jospergrill.com\\\/es\\\/productos\\\/carbon-vegetal-josper\\\/biocarbon-carbon-sostenible\\\/#breadcrumb\"},\"inLanguage\":\"es\",\"potentialAction\":[{\"@type\":\"ReadAction\",\"target\":[\"https:\\\/\\\/jospergrill.com\\\/es\\\/productos\\\/carbon-vegetal-josper\\\/biocarbon-carbon-sostenible\\\/\"]}]},{\"@type\":\"ImageObject\",\"inLanguage\":\"es\",\"@id\":\"https:\\\/\\\/jospergrill.com\\\/es\\\/productos\\\/carbon-vegetal-josper\\\/biocarbon-carbon-sostenible\\\/#primaryimage\",\"url\":\"https:\\\/\\\/jospergrill.com\\\/wp-content\\\/uploads\\\/carbon-sostenible-biocarbon-josper.jpg\",\"contentUrl\":\"https:\\\/\\\/jospergrill.com\\\/wp-content\\\/uploads\\\/carbon-sostenible-biocarbon-josper.jpg\",\"width\":900,\"height\":900},{\"@type\":\"BreadcrumbList\",\"@id\":\"https:\\\/\\\/jospergrill.com\\\/es\\\/productos\\\/carbon-vegetal-josper\\\/biocarbon-carbon-sostenible\\\/#breadcrumb\",\"itemListElement\":[{\"@type\":\"ListItem\",\"position\":1,\"name\":\"Home\",\"item\":\"https:\\\/\\\/jospergrill.com\\\/es\\\/\"},{\"@type\":\"ListItem\",\"position\":2,\"name\":\"Tienda\",\"item\":\"https:\\\/\\\/jospergrill.com\\\/tienda\\\/\"},{\"@type\":\"ListItem\",\"position\":3,\"name\":\"Biocarb\u00f3n: Carb\u00f3n Sostenible\"}]},{\"@type\":\"WebSite\",\"@id\":\"https:\\\/\\\/jospergrill.com\\\/es\\\/#website\",\"url\":\"https:\\\/\\\/jospergrill.com\\\/es\\\/\",\"name\":\"Josper\",\"description\":\"Passion for Grilling\",\"publisher\":{\"@id\":\"https:\\\/\\\/jospergrill.com\\\/es\\\/#organization\"},\"potentialAction\":[{\"@type\":\"SearchAction\",\"target\":{\"@type\":\"EntryPoint\",\"urlTemplate\":\"https:\\\/\\\/jospergrill.com\\\/es\\\/?s={search_term_string}\"},\"query-input\":{\"@type\":\"PropertyValueSpecification\",\"valueRequired\":true,\"valueName\":\"search_term_string\"}}],\"inLanguage\":\"es\"},{\"@type\":\"Organization\",\"@id\":\"https:\\\/\\\/jospergrill.com\\\/es\\\/#organization\",\"name\":\"Josper\",\"url\":\"https:\\\/\\\/jospergrill.com\\\/es\\\/\",\"logo\":{\"@type\":\"ImageObject\",\"inLanguage\":\"es\",\"@id\":\"https:\\\/\\\/jospergrill.com\\\/es\\\/#\\\/schema\\\/logo\\\/image\\\/\",\"url\":\"https:\\\/\\\/jospergrill.com\\\/wp-content\\\/uploads\\\/josper-logo-escudo.png\",\"contentUrl\":\"https:\\\/\\\/jospergrill.com\\\/wp-content\\\/uploads\\\/josper-logo-escudo.png\",\"width\":112,\"height\":144,\"caption\":\"Josper\"},\"image\":{\"@id\":\"https:\\\/\\\/jospergrill.com\\\/es\\\/#\\\/schema\\\/logo\\\/image\\\/\"},\"sameAs\":[\"https:\\\/\\\/www.facebook.com\\\/josperofficial\\\/\",\"https:\\\/\\\/x.com\\\/JosperOfficial\"]}]}<\/script>\n<!-- \/ Yoast SEO plugin. -->","yoast_head_json":{"title":"Carb\u00f3n Ecol\u00f3gico Sostenible | Biocarb\u00f3n vegetal JOSPER","description":"Carb\u00f3n 100% ecol\u00f3gico de producci\u00f3n sostenible. Producido sin ninguna emisi\u00f3n de gases (CO2) al medio ambiente. Completamente natural y sin aditivos qu\u00edmicos.","robots":{"index":"index","follow":"follow","max-snippet":"max-snippet:-1","max-image-preview":"max-image-preview:large","max-video-preview":"max-video-preview:-1"},"canonical":"https:\/\/jospergrill.com\/es\/productos\/carbon-vegetal-josper\/biocarbon-carbon-sostenible\/","og_locale":"es_ES","og_type":"article","og_title":"Carb\u00f3n Ecol\u00f3gico Sostenible | Biocarb\u00f3n vegetal JOSPER","og_description":"Carb\u00f3n 100% ecol\u00f3gico de producci\u00f3n sostenible. Producido sin ninguna emisi\u00f3n de gases (CO2) al medio ambiente. Completamente natural y sin aditivos qu\u00edmicos.","og_url":"https:\/\/jospergrill.com\/es\/productos\/carbon-vegetal-josper\/biocarbon-carbon-sostenible\/","og_site_name":"Josper","article_publisher":"https:\/\/www.facebook.com\/josperofficial\/","article_modified_time":"2025-06-01T11:21:43+00:00","og_image":[{"width":900,"height":900,"url":"https:\/\/jospergrill.com\/wp-content\/uploads\/carbon-sostenible-biocarbon-josper.jpg","type":"image\/jpeg"}],"twitter_card":"summary_large_image","twitter_site":"@JosperOfficial","twitter_misc":{"Tiempo de lectura":"1 minuto"},"schema":{"@context":"https:\/\/schema.org","@graph":[{"@type":"WebPage","@id":"https:\/\/jospergrill.com\/es\/productos\/carbon-vegetal-josper\/biocarbon-carbon-sostenible\/","url":"https:\/\/jospergrill.com\/es\/productos\/carbon-vegetal-josper\/biocarbon-carbon-sostenible\/","name":"Carb\u00f3n Ecol\u00f3gico Sostenible | Biocarb\u00f3n vegetal JOSPER","isPartOf":{"@id":"https:\/\/jospergrill.com\/es\/#website"},"primaryImageOfPage":{"@id":"https:\/\/jospergrill.com\/es\/productos\/carbon-vegetal-josper\/biocarbon-carbon-sostenible\/#primaryimage"},"image":{"@id":"https:\/\/jospergrill.com\/es\/productos\/carbon-vegetal-josper\/biocarbon-carbon-sostenible\/#primaryimage"},"thumbnailUrl":"https:\/\/jospergrill.com\/wp-content\/uploads\/carbon-sostenible-biocarbon-josper.jpg","datePublished":"2024-02-11T15:35:07+00:00","dateModified":"2025-06-01T11:21:43+00:00","description":"Carb\u00f3n 100% ecol\u00f3gico de producci\u00f3n sostenible. Producido sin ninguna emisi\u00f3n de gases (CO2) al medio ambiente. Completamente natural y sin aditivos qu\u00edmicos.","breadcrumb":{"@id":"https:\/\/jospergrill.com\/es\/productos\/carbon-vegetal-josper\/biocarbon-carbon-sostenible\/#breadcrumb"},"inLanguage":"es","potentialAction":[{"@type":"ReadAction","target":["https:\/\/jospergrill.com\/es\/productos\/carbon-vegetal-josper\/biocarbon-carbon-sostenible\/"]}]},{"@type":"ImageObject","inLanguage":"es","@id":"https:\/\/jospergrill.com\/es\/productos\/carbon-vegetal-josper\/biocarbon-carbon-sostenible\/#primaryimage","url":"https:\/\/jospergrill.com\/wp-content\/uploads\/carbon-sostenible-biocarbon-josper.jpg","contentUrl":"https:\/\/jospergrill.com\/wp-content\/uploads\/carbon-sostenible-biocarbon-josper.jpg","width":900,"height":900},{"@type":"BreadcrumbList","@id":"https:\/\/jospergrill.com\/es\/productos\/carbon-vegetal-josper\/biocarbon-carbon-sostenible\/#breadcrumb","itemListElement":[{"@type":"ListItem","position":1,"name":"Home","item":"https:\/\/jospergrill.com\/es\/"},{"@type":"ListItem","position":2,"name":"Tienda","item":"https:\/\/jospergrill.com\/tienda\/"},{"@type":"ListItem","position":3,"name":"Biocarb\u00f3n: Carb\u00f3n Sostenible"}]},{"@type":"WebSite","@id":"https:\/\/jospergrill.com\/es\/#website","url":"https:\/\/jospergrill.com\/es\/","name":"Josper","description":"Passion for Grilling","publisher":{"@id":"https:\/\/jospergrill.com\/es\/#organization"},"potentialAction":[{"@type":"SearchAction","target":{"@type":"EntryPoint","urlTemplate":"https:\/\/jospergrill.com\/es\/?s={search_term_string}"},"query-input":{"@type":"PropertyValueSpecification","valueRequired":true,"valueName":"search_term_string"}}],"inLanguage":"es"},{"@type":"Organization","@id":"https:\/\/jospergrill.com\/es\/#organization","name":"Josper","url":"https:\/\/jospergrill.com\/es\/","logo":{"@type":"ImageObject","inLanguage":"es","@id":"https:\/\/jospergrill.com\/es\/#\/schema\/logo\/image\/","url":"https:\/\/jospergrill.com\/wp-content\/uploads\/josper-logo-escudo.png","contentUrl":"https:\/\/jospergrill.com\/wp-content\/uploads\/josper-logo-escudo.png","width":112,"height":144,"caption":"Josper"},"image":{"@id":"https:\/\/jospergrill.com\/es\/#\/schema\/logo\/image\/"},"sameAs":["https:\/\/www.facebook.com\/josperofficial\/","https:\/\/x.com\/JosperOfficial"]}]}},"_links":{"self":[{"href":"https:\/\/jospergrill.com\/es\/wp-json\/wp\/v2\/product\/45576","targetHints":{"allow":["GET"]}}],"collection":[{"href":"https:\/\/jospergrill.com\/es\/wp-json\/wp\/v2\/product"}],"about":[{"href":"https:\/\/jospergrill.com\/es\/wp-json\/wp\/v2\/types\/product"}],"replies":[{"embeddable":true,"href":"https:\/\/jospergrill.com\/es\/wp-json\/wp\/v2\/comments?post=45576"}],"wp:featuredmedia":[{"embeddable":true,"href":"https:\/\/jospergrill.com\/es\/wp-json\/wp\/v2\/media\/45589"}],"wp:attachment":[{"href":"https:\/\/jospergrill.com\/es\/wp-json\/wp\/v2\/media?parent=45576"}],"wp:term":[{"taxonomy":"product_brand","embeddable":true,"href":"https:\/\/jospergrill.com\/es\/wp-json\/wp\/v2\/product_brand?post=45576"},{"taxonomy":"product_cat","embeddable":true,"href":"https:\/\/jospergrill.com\/es\/wp-json\/wp\/v2\/product_cat?post=45576"},{"taxonomy":"product_tag","embeddable":true,"href":"https:\/\/jospergrill.com\/es\/wp-json\/wp\/v2\/product_tag?post=45576"}],"curies":[{"name":"wp","href":"https:\/\/api.w.org\/{rel}","templated":true}]}}