{"id":45489,"date":"2024-01-21T19:20:58","date_gmt":"2024-01-21T19:20:58","guid":{"rendered":"https:\/\/jospergrill.com\/?post_type=product&#038;p=45489"},"modified":"2025-05-25T14:35:52","modified_gmt":"2025-05-25T14:35:52","slug":"pastillas-aromaticas-naturales-para-ahumar-limonero","status":"publish","type":"product","link":"https:\/\/jospergrill.com\/es\/productos\/pastillas-para-ahumar-josper\/pastillas-aromaticas-naturales-para-ahumar-limonero\/","title":{"rendered":"Pastillas Arom\u00e1ticas Naturales para Ahumar &#8211; Limonero"},"content":{"rendered":"","protected":false},"excerpt":{"rendered":"<h2><span style=\"font-size: 16px;\">Ahumar con aroma de limonero<\/span><\/h2>\n<p><span style=\"font-size: 16px;\">El aroma que proporciona la madera de limonero aportar\u00e1 a los alimentos un sabor fresco y afrutado propio de los c\u00edtricos. Por lo que es a<strong>decuado para ahumar verduras, pescados, frutas, marisco, aves y carne de cerdo.<\/strong><\/span><\/p>\n<p class=\"p2\">Las pastillas arom\u00e1ticas para ahumar JOSPER est\u00e1n realizadas con las materias primas m\u00e1s puras y naturales, para llevar a nuestros clientes un producto exclusivo, de calidad y respetuoso con el medioambiente. Nuestras briquetas para ahumar no llevan ning\u00fan tipo de aglutinante artificial, ni melaminas, pegamentos, colas, ni producto inflamable etc.<\/p>\n<p class=\"p3\">Todos los aromas de las pastillas para ahumar se obtienen de las maderas y arbustos que se describen en la etiqueta, sin a\u00f1adir ning\u00fan otro aditivo que pueda interferir en el aroma natura. No hay mejor esencia que la que conseguimos en la naturaleza, por eso estas pastillas arom\u00e1ticas son el resultado de\u00a0 una exquisita b\u00fasqueda que las hace \u00fanicas.<\/p>\n<p><img decoding=\"async\" class=\"alignnone wp-image-45398\" src=\"https:\/\/jospergrill.com\/wp-content\/uploads\/pastillas-natural-logo.png\" alt=\"\" width=\"115\" height=\"118\" \/> <img decoding=\"async\" class=\"alignnone size-medium wp-image-45409\" src=\"https:\/\/jospergrill.com\/wp-content\/uploads\/reach-compilant-logo.png\" alt=\"\" width=\"180\" height=\"101\" \/><\/p>\n","protected":false},"featured_media":50053,"comment_status":"closed","ping_status":"closed","template":"","meta":{"_acf_changed":false,"site-sidebar-layout":"default","site-content-layout":"default","ast-site-content-layout":"default","site-content-style":"default","site-sidebar-style":"default","ast-global-header-display":"","ast-banner-title-visibility":"","ast-main-header-display":"","ast-hfb-above-header-display":"","ast-hfb-below-header-display":"","ast-hfb-mobile-header-display":"","site-post-title":"","ast-breadcrumbs-content":"","ast-featured-img":"","footer-sml-layout":"","ast-disable-related-posts":"","theme-transparent-header-meta":"default","adv-header-id-meta":"","stick-header-meta":"default","header-above-stick-meta":"","header-main-stick-meta":"","header-below-stick-meta":"","astra-migrate-meta-layouts":"set","ast-page-background-enabled":"default","ast-page-background-meta":{"desktop":{"background-color":"","background-image":"","background-repeat":"repeat","background-position":"center center","background-size":"auto","background-attachment":"scroll","background-type":"","background-media":"","overlay-type":"","overlay-color":"","overlay-opacity":"","overlay-gradient":""},"tablet":{"background-color":"","background-image":"","background-repeat":"repeat","background-position":"center center","background-size":"auto","background-attachment":"scroll","background-type":"","background-media":"","overlay-type":"","overlay-color":"","overlay-opacity":"","overlay-gradient":""},"mobile":{"background-color":"","background-image":"","background-repeat":"repeat","background-position":"center center","background-size":"auto","background-attachment":"scroll","background-type":"","background-media":"","overlay-type":"","overlay-color":"","overlay-opacity":"","overlay-gradient":""}},"ast-content-background-meta":{"desktop":{"background-color":"var(--ast-global-color-5)","background-image":"","background-repeat":"repeat","background-position":"center center","background-size":"auto","background-attachment":"scroll","background-type":"","background-media":"","overlay-type":"","overlay-color":"","overlay-opacity":"","overlay-gradient":""},"tablet":{"background-color":"var(--ast-global-color-5)","background-image":"","background-repeat":"repeat","background-position":"center center","background-size":"auto","background-attachment":"scroll","background-type":"","background-media":"","overlay-type":"","overlay-color":"","overlay-opacity":"","overlay-gradient":""},"mobile":{"background-color":"var(--ast-global-color-5)","background-image":"","background-repeat":"repeat","background-position":"center center","background-size":"auto","background-attachment":"scroll","background-type":"","background-media":"","overlay-type":"","overlay-color":"","overlay-opacity":"","overlay-gradient":""}}},"product_brand":[],"product_cat":[5147],"product_tag":[],"class_list":{"0":"post-45489","1":"product","2":"type-product","3":"status-publish","4":"has-post-thumbnail","6":"product_cat-pastillas-para-ahumar-josper","7":"desktop-align-center","8":"tablet-align-center","9":"mobile-align-center","11":"first","12":"instock","13":"taxable","14":"shipping-taxable","15":"purchasable","16":"product-type-simple"},"acf":[],"yoast_head":"<!-- This site is optimized with the Yoast SEO plugin v27.2 - https:\/\/yoast.com\/product\/yoast-seo-wordpress\/ -->\n<title>Pastillas Arom\u00e1ticas para Ahumar, Aroma de Limonero | JOSPER<\/title>\n<meta name=\"description\" content=\"Briquetas 100% naturales, ideales para ahumar en brasa. Con un sorprendente sabor y un gran aroma de limonero. Caja con 48 pastillas Josper para ahumar.\" \/>\n<meta name=\"robots\" content=\"index, follow, max-snippet:-1, max-image-preview:large, max-video-preview:-1\" \/>\n<link rel=\"canonical\" href=\"https:\/\/jospergrill.com\/es\/productos\/pastillas-para-ahumar-josper\/pastillas-aromaticas-naturales-para-ahumar-limonero\/\" \/>\n<meta property=\"og:locale\" content=\"es_ES\" \/>\n<meta property=\"og:type\" content=\"article\" \/>\n<meta property=\"og:title\" content=\"Pastillas Arom\u00e1ticas para Ahumar, Aroma de Limonero | JOSPER\" \/>\n<meta property=\"og:description\" content=\"Briquetas 100% naturales, ideales para ahumar en brasa. Con un sorprendente sabor y un gran aroma de limonero. Caja con 48 pastillas Josper para ahumar.\" \/>\n<meta property=\"og:url\" content=\"https:\/\/jospergrill.com\/es\/productos\/pastillas-para-ahumar-josper\/pastillas-aromaticas-naturales-para-ahumar-limonero\/\" \/>\n<meta property=\"og:site_name\" content=\"Josper\" \/>\n<meta property=\"article:publisher\" content=\"https:\/\/www.facebook.com\/josperofficial\/\" \/>\n<meta property=\"article:modified_time\" content=\"2025-05-25T14:35:52+00:00\" \/>\n<meta property=\"og:image\" content=\"https:\/\/jospergrill.com\/wp-content\/uploads\/05-LIMONERO_AMBIENTADOS.jpg\" \/>\n\t<meta property=\"og:image:width\" content=\"1000\" \/>\n\t<meta property=\"og:image:height\" content=\"667\" \/>\n\t<meta property=\"og:image:type\" content=\"image\/jpeg\" \/>\n<meta name=\"twitter:card\" content=\"summary_large_image\" \/>\n<meta name=\"twitter:site\" content=\"@JosperOfficial\" \/>\n<meta name=\"twitter:label1\" content=\"Tiempo de lectura\" \/>\n\t<meta name=\"twitter:data1\" content=\"1 minuto\" \/>\n<script type=\"application\/ld+json\" class=\"yoast-schema-graph\">{\"@context\":\"https:\/\/schema.org\",\"@graph\":[{\"@type\":\"WebPage\",\"@id\":\"https:\/\/jospergrill.com\/es\/productos\/pastillas-para-ahumar-josper\/pastillas-aromaticas-naturales-para-ahumar-limonero\/\",\"url\":\"https:\/\/jospergrill.com\/es\/productos\/pastillas-para-ahumar-josper\/pastillas-aromaticas-naturales-para-ahumar-limonero\/\",\"name\":\"Pastillas Arom\u00e1ticas para Ahumar, Aroma de Limonero | JOSPER\",\"isPartOf\":{\"@id\":\"https:\/\/jospergrill.com\/es\/#website\"},\"primaryImageOfPage\":{\"@id\":\"https:\/\/jospergrill.com\/es\/productos\/pastillas-para-ahumar-josper\/pastillas-aromaticas-naturales-para-ahumar-limonero\/#primaryimage\"},\"image\":{\"@id\":\"https:\/\/jospergrill.com\/es\/productos\/pastillas-para-ahumar-josper\/pastillas-aromaticas-naturales-para-ahumar-limonero\/#primaryimage\"},\"thumbnailUrl\":\"https:\/\/jospergrill.com\/wp-content\/uploads\/05-LIMONERO_AMBIENTADOS.jpg\",\"datePublished\":\"2024-01-21T19:20:58+00:00\",\"dateModified\":\"2025-05-25T14:35:52+00:00\",\"description\":\"Briquetas 100% naturales, ideales para ahumar en brasa. Con un sorprendente sabor y un gran aroma de limonero. Caja con 48 pastillas Josper para ahumar.\",\"breadcrumb\":{\"@id\":\"https:\/\/jospergrill.com\/es\/productos\/pastillas-para-ahumar-josper\/pastillas-aromaticas-naturales-para-ahumar-limonero\/#breadcrumb\"},\"inLanguage\":\"es\",\"potentialAction\":[{\"@type\":\"ReadAction\",\"target\":[\"https:\/\/jospergrill.com\/es\/productos\/pastillas-para-ahumar-josper\/pastillas-aromaticas-naturales-para-ahumar-limonero\/\"]}]},{\"@type\":\"ImageObject\",\"inLanguage\":\"es\",\"@id\":\"https:\/\/jospergrill.com\/es\/productos\/pastillas-para-ahumar-josper\/pastillas-aromaticas-naturales-para-ahumar-limonero\/#primaryimage\",\"url\":\"https:\/\/jospergrill.com\/wp-content\/uploads\/05-LIMONERO_AMBIENTADOS.jpg\",\"contentUrl\":\"https:\/\/jospergrill.com\/wp-content\/uploads\/05-LIMONERO_AMBIENTADOS.jpg\",\"width\":1000,\"height\":667},{\"@type\":\"BreadcrumbList\",\"@id\":\"https:\/\/jospergrill.com\/es\/productos\/pastillas-para-ahumar-josper\/pastillas-aromaticas-naturales-para-ahumar-limonero\/#breadcrumb\",\"itemListElement\":[{\"@type\":\"ListItem\",\"position\":1,\"name\":\"Home\",\"item\":\"https:\/\/jospergrill.com\/es\/\"},{\"@type\":\"ListItem\",\"position\":2,\"name\":\"Tienda\",\"item\":\"https:\/\/jospergrill.com\/tienda\/\"},{\"@type\":\"ListItem\",\"position\":3,\"name\":\"Pastillas Arom\u00e1ticas Naturales para Ahumar &#8211; Limonero\"}]},{\"@type\":\"WebSite\",\"@id\":\"https:\/\/jospergrill.com\/es\/#website\",\"url\":\"https:\/\/jospergrill.com\/es\/\",\"name\":\"Josper\",\"description\":\"Passion for Grilling\",\"publisher\":{\"@id\":\"https:\/\/jospergrill.com\/es\/#organization\"},\"potentialAction\":[{\"@type\":\"SearchAction\",\"target\":{\"@type\":\"EntryPoint\",\"urlTemplate\":\"https:\/\/jospergrill.com\/es\/?s={search_term_string}\"},\"query-input\":{\"@type\":\"PropertyValueSpecification\",\"valueRequired\":true,\"valueName\":\"search_term_string\"}}],\"inLanguage\":\"es\"},{\"@type\":\"Organization\",\"@id\":\"https:\/\/jospergrill.com\/es\/#organization\",\"name\":\"Josper\",\"url\":\"https:\/\/jospergrill.com\/es\/\",\"logo\":{\"@type\":\"ImageObject\",\"inLanguage\":\"es\",\"@id\":\"https:\/\/jospergrill.com\/es\/#\/schema\/logo\/image\/\",\"url\":\"https:\/\/jospergrill.com\/wp-content\/uploads\/josper-logo-escudo.png\",\"contentUrl\":\"https:\/\/jospergrill.com\/wp-content\/uploads\/josper-logo-escudo.png\",\"width\":112,\"height\":144,\"caption\":\"Josper\"},\"image\":{\"@id\":\"https:\/\/jospergrill.com\/es\/#\/schema\/logo\/image\/\"},\"sameAs\":[\"https:\/\/www.facebook.com\/josperofficial\/\",\"https:\/\/x.com\/JosperOfficial\"]}]}<\/script>\n<!-- \/ Yoast SEO plugin. -->","yoast_head_json":{"title":"Pastillas Arom\u00e1ticas para Ahumar, Aroma de Limonero | JOSPER","description":"Briquetas 100% naturales, ideales para ahumar en brasa. Con un sorprendente sabor y un gran aroma de limonero. Caja con 48 pastillas Josper para ahumar.","robots":{"index":"index","follow":"follow","max-snippet":"max-snippet:-1","max-image-preview":"max-image-preview:large","max-video-preview":"max-video-preview:-1"},"canonical":"https:\/\/jospergrill.com\/es\/productos\/pastillas-para-ahumar-josper\/pastillas-aromaticas-naturales-para-ahumar-limonero\/","og_locale":"es_ES","og_type":"article","og_title":"Pastillas Arom\u00e1ticas para Ahumar, Aroma de Limonero | JOSPER","og_description":"Briquetas 100% naturales, ideales para ahumar en brasa. Con un sorprendente sabor y un gran aroma de limonero. Caja con 48 pastillas Josper para ahumar.","og_url":"https:\/\/jospergrill.com\/es\/productos\/pastillas-para-ahumar-josper\/pastillas-aromaticas-naturales-para-ahumar-limonero\/","og_site_name":"Josper","article_publisher":"https:\/\/www.facebook.com\/josperofficial\/","article_modified_time":"2025-05-25T14:35:52+00:00","og_image":[{"width":1000,"height":667,"url":"https:\/\/jospergrill.com\/wp-content\/uploads\/05-LIMONERO_AMBIENTADOS.jpg","type":"image\/jpeg"}],"twitter_card":"summary_large_image","twitter_site":"@JosperOfficial","twitter_misc":{"Tiempo de lectura":"1 minuto"},"schema":{"@context":"https:\/\/schema.org","@graph":[{"@type":"WebPage","@id":"https:\/\/jospergrill.com\/es\/productos\/pastillas-para-ahumar-josper\/pastillas-aromaticas-naturales-para-ahumar-limonero\/","url":"https:\/\/jospergrill.com\/es\/productos\/pastillas-para-ahumar-josper\/pastillas-aromaticas-naturales-para-ahumar-limonero\/","name":"Pastillas Arom\u00e1ticas para Ahumar, Aroma de Limonero | JOSPER","isPartOf":{"@id":"https:\/\/jospergrill.com\/es\/#website"},"primaryImageOfPage":{"@id":"https:\/\/jospergrill.com\/es\/productos\/pastillas-para-ahumar-josper\/pastillas-aromaticas-naturales-para-ahumar-limonero\/#primaryimage"},"image":{"@id":"https:\/\/jospergrill.com\/es\/productos\/pastillas-para-ahumar-josper\/pastillas-aromaticas-naturales-para-ahumar-limonero\/#primaryimage"},"thumbnailUrl":"https:\/\/jospergrill.com\/wp-content\/uploads\/05-LIMONERO_AMBIENTADOS.jpg","datePublished":"2024-01-21T19:20:58+00:00","dateModified":"2025-05-25T14:35:52+00:00","description":"Briquetas 100% naturales, ideales para ahumar en brasa. Con un sorprendente sabor y un gran aroma de limonero. Caja con 48 pastillas Josper para ahumar.","breadcrumb":{"@id":"https:\/\/jospergrill.com\/es\/productos\/pastillas-para-ahumar-josper\/pastillas-aromaticas-naturales-para-ahumar-limonero\/#breadcrumb"},"inLanguage":"es","potentialAction":[{"@type":"ReadAction","target":["https:\/\/jospergrill.com\/es\/productos\/pastillas-para-ahumar-josper\/pastillas-aromaticas-naturales-para-ahumar-limonero\/"]}]},{"@type":"ImageObject","inLanguage":"es","@id":"https:\/\/jospergrill.com\/es\/productos\/pastillas-para-ahumar-josper\/pastillas-aromaticas-naturales-para-ahumar-limonero\/#primaryimage","url":"https:\/\/jospergrill.com\/wp-content\/uploads\/05-LIMONERO_AMBIENTADOS.jpg","contentUrl":"https:\/\/jospergrill.com\/wp-content\/uploads\/05-LIMONERO_AMBIENTADOS.jpg","width":1000,"height":667},{"@type":"BreadcrumbList","@id":"https:\/\/jospergrill.com\/es\/productos\/pastillas-para-ahumar-josper\/pastillas-aromaticas-naturales-para-ahumar-limonero\/#breadcrumb","itemListElement":[{"@type":"ListItem","position":1,"name":"Home","item":"https:\/\/jospergrill.com\/es\/"},{"@type":"ListItem","position":2,"name":"Tienda","item":"https:\/\/jospergrill.com\/tienda\/"},{"@type":"ListItem","position":3,"name":"Pastillas Arom\u00e1ticas Naturales para Ahumar &#8211; Limonero"}]},{"@type":"WebSite","@id":"https:\/\/jospergrill.com\/es\/#website","url":"https:\/\/jospergrill.com\/es\/","name":"Josper","description":"Passion for Grilling","publisher":{"@id":"https:\/\/jospergrill.com\/es\/#organization"},"potentialAction":[{"@type":"SearchAction","target":{"@type":"EntryPoint","urlTemplate":"https:\/\/jospergrill.com\/es\/?s={search_term_string}"},"query-input":{"@type":"PropertyValueSpecification","valueRequired":true,"valueName":"search_term_string"}}],"inLanguage":"es"},{"@type":"Organization","@id":"https:\/\/jospergrill.com\/es\/#organization","name":"Josper","url":"https:\/\/jospergrill.com\/es\/","logo":{"@type":"ImageObject","inLanguage":"es","@id":"https:\/\/jospergrill.com\/es\/#\/schema\/logo\/image\/","url":"https:\/\/jospergrill.com\/wp-content\/uploads\/josper-logo-escudo.png","contentUrl":"https:\/\/jospergrill.com\/wp-content\/uploads\/josper-logo-escudo.png","width":112,"height":144,"caption":"Josper"},"image":{"@id":"https:\/\/jospergrill.com\/es\/#\/schema\/logo\/image\/"},"sameAs":["https:\/\/www.facebook.com\/josperofficial\/","https:\/\/x.com\/JosperOfficial"]}]}},"_links":{"self":[{"href":"https:\/\/jospergrill.com\/es\/wp-json\/wp\/v2\/product\/45489","targetHints":{"allow":["GET"]}}],"collection":[{"href":"https:\/\/jospergrill.com\/es\/wp-json\/wp\/v2\/product"}],"about":[{"href":"https:\/\/jospergrill.com\/es\/wp-json\/wp\/v2\/types\/product"}],"replies":[{"embeddable":true,"href":"https:\/\/jospergrill.com\/es\/wp-json\/wp\/v2\/comments?post=45489"}],"wp:featuredmedia":[{"embeddable":true,"href":"https:\/\/jospergrill.com\/es\/wp-json\/wp\/v2\/media\/50053"}],"wp:attachment":[{"href":"https:\/\/jospergrill.com\/es\/wp-json\/wp\/v2\/media?parent=45489"}],"wp:term":[{"taxonomy":"product_brand","embeddable":true,"href":"https:\/\/jospergrill.com\/es\/wp-json\/wp\/v2\/product_brand?post=45489"},{"taxonomy":"product_cat","embeddable":true,"href":"https:\/\/jospergrill.com\/es\/wp-json\/wp\/v2\/product_cat?post=45489"},{"taxonomy":"product_tag","embeddable":true,"href":"https:\/\/jospergrill.com\/es\/wp-json\/wp\/v2\/product_tag?post=45489"}],"curies":[{"name":"wp","href":"https:\/\/api.w.org\/{rel}","templated":true}]}}