{"id":45275,"date":"2023-12-03T17:11:40","date_gmt":"2023-12-03T17:11:40","guid":{"rendered":"https:\/\/jospergrill.com\/?post_type=product&#038;p=45275"},"modified":"2025-08-31T09:15:39","modified_gmt":"2025-08-31T09:15:39","slug":"combo-josper-cvj-76-pro-small-horno-brasa-hjx-pro-parrilla-vasca","status":"publish","type":"product","link":"https:\/\/jospergrill.com\/es\/productos\/combos-josper\/combo-josper-cvj-76-pro-small-horno-brasa-hjx-pro-parrilla-vasca\/","title":{"rendered":"Combo Josper CVJ-76-PRO-Small \/ Horno Brasa HJX-PRO + Parrilla Vasca"},"content":{"rendered":"","protected":false},"excerpt":{"rendered":"<div class=\"page\" title=\"Page 4\">\n<div class=\"layoutArea\">\n<div class=\"column\">\n<p>Combo de Horno Brasa Josper HJX-PRO y Parrilla Vasca Josper PVJ-76. <strong>Horno brasa<\/strong>: recomendado para unos <strong>80 comensales<\/strong>, con un tiempo de encendido de unos <strong>40 minutos <\/strong>aprox. <strong>Parrilla Vasca<\/strong>: tiempo de encendido de unos 20 minutos aprox.<\/p>\n<p>El t\u00e1ndem de horno y parrilla ofrece infinitas posibilidades gastron\u00f3micas:<\/p>\n<ul>\n<li>Triple o incluso cu\u00e1druple \u00e1rea de braseado: la parrilla elevable de la Parrilla Vasca, as\u00ed como los 5 niveles internos de braseado del horno.<\/li>\n<li>Versatilidad de elaboraciones y t\u00e9cnicas: sellado en parrilla abierta y finalizaci\u00f3n dentro del horno, ahumados de distinta intensidad, separaci\u00f3n de carne, pescado o verduras en cada una de las parrillas del combo y control absoluto de la materia prima as\u00ed como productos de delicada elaboraci\u00f3n.<\/li>\n<li>Control del sellado\u00a0tanto en la parrilla abierta como en el horno gracias a la regulaci\u00f3n de alturas.<\/li>\n<li>R\u00e1pida y \u00e1gil regulaci\u00f3n de temperatura\u00a0mediante el volante provisto de reductora en la parrilla abierta y mediante el sistema de tiros en el horno.<\/li>\n<li>Incremento de la velocidad y volumen\u00a0de producci\u00f3n\u00a0gracias a la capacidad energ\u00e9tica de ambos equipos funcionando a la vez.<\/li>\n<li>Reaprovechamiento de la energ\u00eda calor\u00edfica\u00a0generada en el proceso de pir\u00f3lisis tanto en el horno como en la parrilla vasca.<\/li>\n<li>Fuerte componente visual y de showgrilling\u00a0del combo. Permite dar juego al chef, captar la atenci\u00f3n de los comensales y atemperar producto a la vista del cliente.<\/li>\n<li>Consumo homog\u00e9neo de carb\u00f3n\u00a0al tratarse de escudos de combusti\u00f3n con repartici\u00f3n uniforme del carb\u00f3n.<\/li>\n<li>Servicio ininterrumpido\u00a0tanto en cocinas non-stop como en eventos de larga duraci\u00f3n.<\/li>\n<\/ul>\n<p>\u00c1rea de braseado de la parrilla abierta de 760 x 600 mm\u00a0 y de 500 x 510 mm del horno.<\/p>\n<p><span style=\"font-weight: 400;\">Accesorios incluidos: cortafuegos, sombrero, 2 pinzas, atizador y parrillas.<\/span><\/p>\n<\/div>\n<\/div>\n<\/div>\n","protected":false},"featured_media":45216,"comment_status":"closed","ping_status":"closed","template":"","meta":{"_acf_changed":false,"site-sidebar-layout":"default","site-content-layout":"default","ast-site-content-layout":"default","site-content-style":"default","site-sidebar-style":"default","ast-global-header-display":"","ast-banner-title-visibility":"","ast-main-header-display":"","ast-hfb-above-header-display":"","ast-hfb-below-header-display":"","ast-hfb-mobile-header-display":"","site-post-title":"","ast-breadcrumbs-content":"","ast-featured-img":"","footer-sml-layout":"","ast-disable-related-posts":"","theme-transparent-header-meta":"default","adv-header-id-meta":"","stick-header-meta":"default","header-above-stick-meta":"","header-main-stick-meta":"","header-below-stick-meta":"","astra-migrate-meta-layouts":"set","ast-page-background-enabled":"default","ast-page-background-meta":{"desktop":{"background-color":"","background-image":"","background-repeat":"repeat","background-position":"center center","background-size":"auto","background-attachment":"scroll","background-type":"","background-media":"","overlay-type":"","overlay-color":"","overlay-opacity":"","overlay-gradient":""},"tablet":{"background-color":"","background-image":"","background-repeat":"repeat","background-position":"center center","background-size":"auto","background-attachment":"scroll","background-type":"","background-media":"","overlay-type":"","overlay-color":"","overlay-opacity":"","overlay-gradient":""},"mobile":{"background-color":"","background-image":"","background-repeat":"repeat","background-position":"center center","background-size":"auto","background-attachment":"scroll","background-type":"","background-media":"","overlay-type":"","overlay-color":"","overlay-opacity":"","overlay-gradient":""}},"ast-content-background-meta":{"desktop":{"background-color":"var(--ast-global-color-5)","background-image":"","background-repeat":"repeat","background-position":"center center","background-size":"auto","background-attachment":"scroll","background-type":"","background-media":"","overlay-type":"","overlay-color":"","overlay-opacity":"","overlay-gradient":""},"tablet":{"background-color":"var(--ast-global-color-5)","background-image":"","background-repeat":"repeat","background-position":"center center","background-size":"auto","background-attachment":"scroll","background-type":"","background-media":"","overlay-type":"","overlay-color":"","overlay-opacity":"","overlay-gradient":""},"mobile":{"background-color":"var(--ast-global-color-5)","background-image":"","background-repeat":"repeat","background-position":"center center","background-size":"auto","background-attachment":"scroll","background-type":"","background-media":"","overlay-type":"","overlay-color":"","overlay-opacity":"","overlay-gradient":""}}},"product_brand":[],"product_cat":[1344],"product_tag":[],"class_list":{"0":"post-45275","1":"product","2":"type-product","3":"status-publish","4":"has-post-thumbnail","6":"product_cat-combos-josper","7":"desktop-align-center","8":"tablet-align-center","9":"mobile-align-center","11":"first","12":"instock","13":"taxable","14":"shipping-taxable","15":"product-type-simple"},"acf":[],"yoast_head":"<!-- This site is optimized with the Yoast SEO plugin v27.4 - https:\/\/yoast.com\/product\/yoast-seo-wordpress\/ -->\n<title>Combo Josper CVJ-76-PRO-S | JOSPER Combos<\/title>\n<meta name=\"description\" content=\"El Combo de Horno Brasa Josper HJX-PRO m\u00e1s Parrilla Vasca Josper PVJ-76. Ten todo lo mejor de Josper en un solo m\u00f3dulo para tu cocina.\" \/>\n<meta name=\"robots\" content=\"index, follow, max-snippet:-1, max-image-preview:large, max-video-preview:-1\" \/>\n<link rel=\"canonical\" href=\"https:\/\/jospergrill.com\/es\/productos\/combos-josper\/combo-josper-cvj-76-pro-small-horno-brasa-hjx-pro-parrilla-vasca\/\" \/>\n<meta property=\"og:locale\" content=\"es_ES\" \/>\n<meta property=\"og:type\" content=\"article\" \/>\n<meta property=\"og:title\" content=\"Combo Josper CVJ-76-PRO-S | JOSPER Combos\" \/>\n<meta property=\"og:description\" content=\"El Combo de Horno Brasa Josper HJX-PRO m\u00e1s Parrilla Vasca Josper PVJ-76. Ten todo lo mejor de Josper en un solo m\u00f3dulo para tu cocina.\" \/>\n<meta property=\"og:url\" content=\"https:\/\/jospergrill.com\/es\/productos\/combos-josper\/combo-josper-cvj-76-pro-small-horno-brasa-hjx-pro-parrilla-vasca\/\" \/>\n<meta property=\"og:site_name\" content=\"Josper\" \/>\n<meta property=\"article:publisher\" content=\"https:\/\/www.facebook.com\/josperofficial\/\" \/>\n<meta property=\"article:modified_time\" content=\"2025-08-31T09:15:39+00:00\" \/>\n<meta property=\"og:image\" content=\"https:\/\/jospergrill.com\/wp-content\/uploads\/CVJ-076-1-PRO-S-1.jpg\" \/>\n\t<meta property=\"og:image:width\" content=\"720\" \/>\n\t<meta property=\"og:image:height\" content=\"720\" \/>\n\t<meta property=\"og:image:type\" content=\"image\/jpeg\" \/>\n<meta name=\"twitter:card\" content=\"summary_large_image\" \/>\n<meta name=\"twitter:site\" content=\"@JosperOfficial\" \/>\n<meta name=\"twitter:label1\" content=\"Tiempo de lectura\" \/>\n\t<meta name=\"twitter:data1\" content=\"1 minuto\" \/>\n<script type=\"application\/ld+json\" class=\"yoast-schema-graph\">{\"@context\":\"https:\\\/\\\/schema.org\",\"@graph\":[{\"@type\":\"WebPage\",\"@id\":\"https:\\\/\\\/jospergrill.com\\\/es\\\/productos\\\/combos-josper\\\/combo-josper-cvj-76-pro-small-horno-brasa-hjx-pro-parrilla-vasca\\\/\",\"url\":\"https:\\\/\\\/jospergrill.com\\\/es\\\/productos\\\/combos-josper\\\/combo-josper-cvj-76-pro-small-horno-brasa-hjx-pro-parrilla-vasca\\\/\",\"name\":\"Combo Josper CVJ-76-PRO-S | JOSPER Combos\",\"isPartOf\":{\"@id\":\"https:\\\/\\\/jospergrill.com\\\/es\\\/#website\"},\"primaryImageOfPage\":{\"@id\":\"https:\\\/\\\/jospergrill.com\\\/es\\\/productos\\\/combos-josper\\\/combo-josper-cvj-76-pro-small-horno-brasa-hjx-pro-parrilla-vasca\\\/#primaryimage\"},\"image\":{\"@id\":\"https:\\\/\\\/jospergrill.com\\\/es\\\/productos\\\/combos-josper\\\/combo-josper-cvj-76-pro-small-horno-brasa-hjx-pro-parrilla-vasca\\\/#primaryimage\"},\"thumbnailUrl\":\"https:\\\/\\\/jospergrill.com\\\/wp-content\\\/uploads\\\/CVJ-076-1-PRO-S-1.jpg\",\"datePublished\":\"2023-12-03T17:11:40+00:00\",\"dateModified\":\"2025-08-31T09:15:39+00:00\",\"description\":\"El Combo de Horno Brasa Josper HJX-PRO m\u00e1s Parrilla Vasca Josper PVJ-76. Ten todo lo mejor de Josper en un solo m\u00f3dulo para tu cocina.\",\"breadcrumb\":{\"@id\":\"https:\\\/\\\/jospergrill.com\\\/es\\\/productos\\\/combos-josper\\\/combo-josper-cvj-76-pro-small-horno-brasa-hjx-pro-parrilla-vasca\\\/#breadcrumb\"},\"inLanguage\":\"es\",\"potentialAction\":[{\"@type\":\"ReadAction\",\"target\":[\"https:\\\/\\\/jospergrill.com\\\/es\\\/productos\\\/combos-josper\\\/combo-josper-cvj-76-pro-small-horno-brasa-hjx-pro-parrilla-vasca\\\/\"]}]},{\"@type\":\"ImageObject\",\"inLanguage\":\"es\",\"@id\":\"https:\\\/\\\/jospergrill.com\\\/es\\\/productos\\\/combos-josper\\\/combo-josper-cvj-76-pro-small-horno-brasa-hjx-pro-parrilla-vasca\\\/#primaryimage\",\"url\":\"https:\\\/\\\/jospergrill.com\\\/wp-content\\\/uploads\\\/CVJ-076-1-PRO-S-1.jpg\",\"contentUrl\":\"https:\\\/\\\/jospergrill.com\\\/wp-content\\\/uploads\\\/CVJ-076-1-PRO-S-1.jpg\",\"width\":720,\"height\":720},{\"@type\":\"BreadcrumbList\",\"@id\":\"https:\\\/\\\/jospergrill.com\\\/es\\\/productos\\\/combos-josper\\\/combo-josper-cvj-76-pro-small-horno-brasa-hjx-pro-parrilla-vasca\\\/#breadcrumb\",\"itemListElement\":[{\"@type\":\"ListItem\",\"position\":1,\"name\":\"Home\",\"item\":\"https:\\\/\\\/jospergrill.com\\\/es\\\/\"},{\"@type\":\"ListItem\",\"position\":2,\"name\":\"Tienda\",\"item\":\"https:\\\/\\\/jospergrill.com\\\/tienda\\\/\"},{\"@type\":\"ListItem\",\"position\":3,\"name\":\"Combo Josper CVJ-76-PRO-Small \\\/ Horno Brasa HJX-PRO + Parrilla Vasca\"}]},{\"@type\":\"WebSite\",\"@id\":\"https:\\\/\\\/jospergrill.com\\\/es\\\/#website\",\"url\":\"https:\\\/\\\/jospergrill.com\\\/es\\\/\",\"name\":\"Josper\",\"description\":\"Passion for Grilling\",\"publisher\":{\"@id\":\"https:\\\/\\\/jospergrill.com\\\/es\\\/#organization\"},\"potentialAction\":[{\"@type\":\"SearchAction\",\"target\":{\"@type\":\"EntryPoint\",\"urlTemplate\":\"https:\\\/\\\/jospergrill.com\\\/es\\\/?s={search_term_string}\"},\"query-input\":{\"@type\":\"PropertyValueSpecification\",\"valueRequired\":true,\"valueName\":\"search_term_string\"}}],\"inLanguage\":\"es\"},{\"@type\":\"Organization\",\"@id\":\"https:\\\/\\\/jospergrill.com\\\/es\\\/#organization\",\"name\":\"Josper\",\"url\":\"https:\\\/\\\/jospergrill.com\\\/es\\\/\",\"logo\":{\"@type\":\"ImageObject\",\"inLanguage\":\"es\",\"@id\":\"https:\\\/\\\/jospergrill.com\\\/es\\\/#\\\/schema\\\/logo\\\/image\\\/\",\"url\":\"https:\\\/\\\/jospergrill.com\\\/wp-content\\\/uploads\\\/josper-logo-escudo.png\",\"contentUrl\":\"https:\\\/\\\/jospergrill.com\\\/wp-content\\\/uploads\\\/josper-logo-escudo.png\",\"width\":112,\"height\":144,\"caption\":\"Josper\"},\"image\":{\"@id\":\"https:\\\/\\\/jospergrill.com\\\/es\\\/#\\\/schema\\\/logo\\\/image\\\/\"},\"sameAs\":[\"https:\\\/\\\/www.facebook.com\\\/josperofficial\\\/\",\"https:\\\/\\\/x.com\\\/JosperOfficial\"]}]}<\/script>\n<!-- \/ Yoast SEO plugin. -->","yoast_head_json":{"title":"Combo Josper CVJ-76-PRO-S | JOSPER Combos","description":"El Combo de Horno Brasa Josper HJX-PRO m\u00e1s Parrilla Vasca Josper PVJ-76. Ten todo lo mejor de Josper en un solo m\u00f3dulo para tu cocina.","robots":{"index":"index","follow":"follow","max-snippet":"max-snippet:-1","max-image-preview":"max-image-preview:large","max-video-preview":"max-video-preview:-1"},"canonical":"https:\/\/jospergrill.com\/es\/productos\/combos-josper\/combo-josper-cvj-76-pro-small-horno-brasa-hjx-pro-parrilla-vasca\/","og_locale":"es_ES","og_type":"article","og_title":"Combo Josper CVJ-76-PRO-S | JOSPER Combos","og_description":"El Combo de Horno Brasa Josper HJX-PRO m\u00e1s Parrilla Vasca Josper PVJ-76. Ten todo lo mejor de Josper en un solo m\u00f3dulo para tu cocina.","og_url":"https:\/\/jospergrill.com\/es\/productos\/combos-josper\/combo-josper-cvj-76-pro-small-horno-brasa-hjx-pro-parrilla-vasca\/","og_site_name":"Josper","article_publisher":"https:\/\/www.facebook.com\/josperofficial\/","article_modified_time":"2025-08-31T09:15:39+00:00","og_image":[{"width":720,"height":720,"url":"https:\/\/jospergrill.com\/wp-content\/uploads\/CVJ-076-1-PRO-S-1.jpg","type":"image\/jpeg"}],"twitter_card":"summary_large_image","twitter_site":"@JosperOfficial","twitter_misc":{"Tiempo de lectura":"1 minuto"},"schema":{"@context":"https:\/\/schema.org","@graph":[{"@type":"WebPage","@id":"https:\/\/jospergrill.com\/es\/productos\/combos-josper\/combo-josper-cvj-76-pro-small-horno-brasa-hjx-pro-parrilla-vasca\/","url":"https:\/\/jospergrill.com\/es\/productos\/combos-josper\/combo-josper-cvj-76-pro-small-horno-brasa-hjx-pro-parrilla-vasca\/","name":"Combo Josper CVJ-76-PRO-S | JOSPER Combos","isPartOf":{"@id":"https:\/\/jospergrill.com\/es\/#website"},"primaryImageOfPage":{"@id":"https:\/\/jospergrill.com\/es\/productos\/combos-josper\/combo-josper-cvj-76-pro-small-horno-brasa-hjx-pro-parrilla-vasca\/#primaryimage"},"image":{"@id":"https:\/\/jospergrill.com\/es\/productos\/combos-josper\/combo-josper-cvj-76-pro-small-horno-brasa-hjx-pro-parrilla-vasca\/#primaryimage"},"thumbnailUrl":"https:\/\/jospergrill.com\/wp-content\/uploads\/CVJ-076-1-PRO-S-1.jpg","datePublished":"2023-12-03T17:11:40+00:00","dateModified":"2025-08-31T09:15:39+00:00","description":"El Combo de Horno Brasa Josper HJX-PRO m\u00e1s Parrilla Vasca Josper PVJ-76. Ten todo lo mejor de Josper en un solo m\u00f3dulo para tu cocina.","breadcrumb":{"@id":"https:\/\/jospergrill.com\/es\/productos\/combos-josper\/combo-josper-cvj-76-pro-small-horno-brasa-hjx-pro-parrilla-vasca\/#breadcrumb"},"inLanguage":"es","potentialAction":[{"@type":"ReadAction","target":["https:\/\/jospergrill.com\/es\/productos\/combos-josper\/combo-josper-cvj-76-pro-small-horno-brasa-hjx-pro-parrilla-vasca\/"]}]},{"@type":"ImageObject","inLanguage":"es","@id":"https:\/\/jospergrill.com\/es\/productos\/combos-josper\/combo-josper-cvj-76-pro-small-horno-brasa-hjx-pro-parrilla-vasca\/#primaryimage","url":"https:\/\/jospergrill.com\/wp-content\/uploads\/CVJ-076-1-PRO-S-1.jpg","contentUrl":"https:\/\/jospergrill.com\/wp-content\/uploads\/CVJ-076-1-PRO-S-1.jpg","width":720,"height":720},{"@type":"BreadcrumbList","@id":"https:\/\/jospergrill.com\/es\/productos\/combos-josper\/combo-josper-cvj-76-pro-small-horno-brasa-hjx-pro-parrilla-vasca\/#breadcrumb","itemListElement":[{"@type":"ListItem","position":1,"name":"Home","item":"https:\/\/jospergrill.com\/es\/"},{"@type":"ListItem","position":2,"name":"Tienda","item":"https:\/\/jospergrill.com\/tienda\/"},{"@type":"ListItem","position":3,"name":"Combo Josper CVJ-76-PRO-Small \/ Horno Brasa HJX-PRO + Parrilla Vasca"}]},{"@type":"WebSite","@id":"https:\/\/jospergrill.com\/es\/#website","url":"https:\/\/jospergrill.com\/es\/","name":"Josper","description":"Passion for Grilling","publisher":{"@id":"https:\/\/jospergrill.com\/es\/#organization"},"potentialAction":[{"@type":"SearchAction","target":{"@type":"EntryPoint","urlTemplate":"https:\/\/jospergrill.com\/es\/?s={search_term_string}"},"query-input":{"@type":"PropertyValueSpecification","valueRequired":true,"valueName":"search_term_string"}}],"inLanguage":"es"},{"@type":"Organization","@id":"https:\/\/jospergrill.com\/es\/#organization","name":"Josper","url":"https:\/\/jospergrill.com\/es\/","logo":{"@type":"ImageObject","inLanguage":"es","@id":"https:\/\/jospergrill.com\/es\/#\/schema\/logo\/image\/","url":"https:\/\/jospergrill.com\/wp-content\/uploads\/josper-logo-escudo.png","contentUrl":"https:\/\/jospergrill.com\/wp-content\/uploads\/josper-logo-escudo.png","width":112,"height":144,"caption":"Josper"},"image":{"@id":"https:\/\/jospergrill.com\/es\/#\/schema\/logo\/image\/"},"sameAs":["https:\/\/www.facebook.com\/josperofficial\/","https:\/\/x.com\/JosperOfficial"]}]}},"_links":{"self":[{"href":"https:\/\/jospergrill.com\/es\/wp-json\/wp\/v2\/product\/45275","targetHints":{"allow":["GET"]}}],"collection":[{"href":"https:\/\/jospergrill.com\/es\/wp-json\/wp\/v2\/product"}],"about":[{"href":"https:\/\/jospergrill.com\/es\/wp-json\/wp\/v2\/types\/product"}],"replies":[{"embeddable":true,"href":"https:\/\/jospergrill.com\/es\/wp-json\/wp\/v2\/comments?post=45275"}],"wp:featuredmedia":[{"embeddable":true,"href":"https:\/\/jospergrill.com\/es\/wp-json\/wp\/v2\/media\/45216"}],"wp:attachment":[{"href":"https:\/\/jospergrill.com\/es\/wp-json\/wp\/v2\/media?parent=45275"}],"wp:term":[{"taxonomy":"product_brand","embeddable":true,"href":"https:\/\/jospergrill.com\/es\/wp-json\/wp\/v2\/product_brand?post=45275"},{"taxonomy":"product_cat","embeddable":true,"href":"https:\/\/jospergrill.com\/es\/wp-json\/wp\/v2\/product_cat?post=45275"},{"taxonomy":"product_tag","embeddable":true,"href":"https:\/\/jospergrill.com\/es\/wp-json\/wp\/v2\/product_tag?post=45275"}],"curies":[{"name":"wp","href":"https:\/\/api.w.org\/{rel}","templated":true}]}}