{"id":44771,"date":"2023-10-09T16:35:42","date_gmt":"2023-10-09T16:35:42","guid":{"rendered":"https:\/\/jospergrill.com\/?post_type=product&#038;p=44771"},"modified":"2025-06-08T09:10:58","modified_gmt":"2025-06-08T09:10:58","slug":"parrilla-vasca-josper-pvj-50-1-1-mb","status":"publish","type":"product","link":"https:\/\/jospergrill.com\/es\/productos\/parrillas-vascas-josper\/parrillas-vascas-josper-monobloque\/parrilla-vasca-josper-pvj-50-1-1-mb\/","title":{"rendered":"Parrilla Vasca Josper PVJ-50-1-1-MB Individual<br><img src=\"\/wp-content\/uploads\/2019\/03\/certification-ce-ul-nsf.svg\" class=\"cert\">"},"content":{"rendered":"","protected":false},"excerpt":{"rendered":"<h2 style=\"font-size: 1.1rem; line-height: 1; font-weight: bold;\">Parrilla monobloque de 50 cm con un m\u00e1stil y una cubeta<\/h2>\n<p>La Parrilla Vasca Josper individual PVJ-50-1-1-MB tiene una superficie de braseado de 500 x 600 mm y un recorrido de parrilla de 290 mm. El tiempo de encendido es de unos 20 minutos, la temperatura de braseado de 250 \u00b0C y el consumo diario de carb\u00f3n de 20 a 22 kg aprox. Accesorios incluidos: pinzas, atizador.<\/p>\n<p>Las caracter\u00edsticas que hacen de la Parrilla Vasca Josper un equipo destacado en el sector son:<\/p>\n<ul>\n<li>Volante de control de altura de la parrilla hidr\u00e1ulico provisto de reductora resistente a altas temperaturas, garantizando un movimiento suave y continuo de la parrilla a diferentes alturas.<\/li>\n<li>M\u00e1ximo aislamiento t\u00e9rmico garantizado a trav\u00e9s de un sistema de ventilaci\u00f3n multic\u00e1mara.<\/li>\n<li>Barrera de protecci\u00f3n interna con aislamiento mineral.<\/li>\n<li>Flujo de convecci\u00f3n del calor de la Parrilla Vasca Josper natural, no forzado, limitando la transferencia de calor y reduciendo en consecuencia la temperatura exterior de la Parrilla Vasca, y por lo tanto, facilitando su usabilidad.<\/li>\n<\/ul>\n<p>En el proceso de fabricaci\u00f3n de la Parrilla Vasca hemos usado las mejores aleaciones de acero de alta tecnolog\u00eda creadas por y para Josper, as\u00ed como el dise\u00f1o m\u00e1s avanzado en la construcci\u00f3n de parrillas tradicionales.<\/p>\n","protected":false},"featured_media":44572,"comment_status":"closed","ping_status":"closed","template":"","meta":{"_acf_changed":false,"site-sidebar-layout":"default","site-content-layout":"default","ast-site-content-layout":"default","site-content-style":"default","site-sidebar-style":"default","ast-global-header-display":"","ast-banner-title-visibility":"","ast-main-header-display":"","ast-hfb-above-header-display":"","ast-hfb-below-header-display":"","ast-hfb-mobile-header-display":"","site-post-title":"","ast-breadcrumbs-content":"","ast-featured-img":"","footer-sml-layout":"","ast-disable-related-posts":"","theme-transparent-header-meta":"default","adv-header-id-meta":"","stick-header-meta":"default","header-above-stick-meta":"","header-main-stick-meta":"","header-below-stick-meta":"","astra-migrate-meta-layouts":"set","ast-page-background-enabled":"default","ast-page-background-meta":{"desktop":{"background-color":"","background-image":"","background-repeat":"repeat","background-position":"center center","background-size":"auto","background-attachment":"scroll","background-type":"","background-media":"","overlay-type":"","overlay-color":"","overlay-opacity":"","overlay-gradient":""},"tablet":{"background-color":"","background-image":"","background-repeat":"repeat","background-position":"center center","background-size":"auto","background-attachment":"scroll","background-type":"","background-media":"","overlay-type":"","overlay-color":"","overlay-opacity":"","overlay-gradient":""},"mobile":{"background-color":"","background-image":"","background-repeat":"repeat","background-position":"center center","background-size":"auto","background-attachment":"scroll","background-type":"","background-media":"","overlay-type":"","overlay-color":"","overlay-opacity":"","overlay-gradient":""}},"ast-content-background-meta":{"desktop":{"background-color":"var(--ast-global-color-5)","background-image":"","background-repeat":"repeat","background-position":"center center","background-size":"auto","background-attachment":"scroll","background-type":"","background-media":"","overlay-type":"","overlay-color":"","overlay-opacity":"","overlay-gradient":""},"tablet":{"background-color":"var(--ast-global-color-5)","background-image":"","background-repeat":"repeat","background-position":"center center","background-size":"auto","background-attachment":"scroll","background-type":"","background-media":"","overlay-type":"","overlay-color":"","overlay-opacity":"","overlay-gradient":""},"mobile":{"background-color":"var(--ast-global-color-5)","background-image":"","background-repeat":"repeat","background-position":"center center","background-size":"auto","background-attachment":"scroll","background-type":"","background-media":"","overlay-type":"","overlay-color":"","overlay-opacity":"","overlay-gradient":""}}},"product_brand":[],"product_cat":[1342,199,5108],"product_tag":[],"class_list":{"0":"post-44771","1":"product","2":"type-product","3":"status-publish","4":"has-post-thumbnail","6":"product_cat-accesorios-josper","7":"product_cat-parrillas-vascas-josper","8":"product_cat-parrillas-vascas-josper-monobloque","9":"desktop-align-center","10":"tablet-align-center","11":"mobile-align-center","13":"first","14":"instock","15":"taxable","16":"shipping-taxable","17":"product-type-simple"},"acf":[],"yoast_head":"<!-- This site is optimized with the Yoast SEO plugin v27.2 - https:\/\/yoast.com\/product\/yoast-seo-wordpress\/ -->\n<title>Parrilla Vasca Josper Monoblock PVJ-50-1-1-MB | JOSPER<\/title>\n<meta name=\"description\" content=\"Parrilla vasca Josper individual PVJ-50-1-1-MB, \u00b1 50 comensales, tiempo de encendido \u00b1 20 minutos, temperatura braseado 250 \u00b0C\" \/>\n<meta name=\"robots\" content=\"index, follow, max-snippet:-1, max-image-preview:large, max-video-preview:-1\" \/>\n<link rel=\"canonical\" href=\"https:\/\/jospergrill.com\/es\/productos\/parrillas-vascas-josper\/parrillas-vascas-josper-monobloque\/parrilla-vasca-josper-pvj-50-1-1-mb\/\" \/>\n<meta property=\"og:locale\" content=\"es_ES\" \/>\n<meta property=\"og:type\" content=\"article\" \/>\n<meta property=\"og:title\" content=\"Parrilla Vasca Josper Monoblock PVJ-50-1-1-MB | JOSPER\" \/>\n<meta property=\"og:description\" content=\"Parrilla vasca Josper individual PVJ-50-1-1-MB, \u00b1 50 comensales, tiempo de encendido \u00b1 20 minutos, temperatura braseado 250 \u00b0C\" \/>\n<meta property=\"og:url\" content=\"https:\/\/jospergrill.com\/es\/productos\/parrillas-vascas-josper\/parrillas-vascas-josper-monobloque\/parrilla-vasca-josper-pvj-50-1-1-mb\/\" \/>\n<meta property=\"og:site_name\" content=\"Josper\" \/>\n<meta property=\"article:publisher\" content=\"https:\/\/www.facebook.com\/josperofficial\/\" \/>\n<meta property=\"article:modified_time\" content=\"2025-06-08T09:10:58+00:00\" \/>\n<meta property=\"og:image\" content=\"https:\/\/jospergrill.com\/wp-content\/uploads\/PVJ-050-1-1-MB-SS.jpg\" \/>\n\t<meta property=\"og:image:width\" content=\"720\" \/>\n\t<meta property=\"og:image:height\" content=\"720\" \/>\n\t<meta property=\"og:image:type\" content=\"image\/jpeg\" \/>\n<meta name=\"twitter:card\" content=\"summary_large_image\" \/>\n<meta name=\"twitter:site\" content=\"@JosperOfficial\" \/>\n<meta name=\"twitter:label1\" content=\"Tiempo de lectura\" \/>\n\t<meta name=\"twitter:data1\" content=\"1 minuto\" \/>\n<script type=\"application\/ld+json\" class=\"yoast-schema-graph\">{\"@context\":\"https:\/\/schema.org\",\"@graph\":[{\"@type\":\"WebPage\",\"@id\":\"https:\/\/jospergrill.com\/es\/productos\/parrillas-vascas-josper\/parrillas-vascas-josper-monobloque\/parrilla-vasca-josper-pvj-50-1-1-mb\/\",\"url\":\"https:\/\/jospergrill.com\/es\/productos\/parrillas-vascas-josper\/parrillas-vascas-josper-monobloque\/parrilla-vasca-josper-pvj-50-1-1-mb\/\",\"name\":\"Parrilla Vasca Josper Monoblock PVJ-50-1-1-MB | JOSPER\",\"isPartOf\":{\"@id\":\"https:\/\/jospergrill.com\/es\/#website\"},\"primaryImageOfPage\":{\"@id\":\"https:\/\/jospergrill.com\/es\/productos\/parrillas-vascas-josper\/parrillas-vascas-josper-monobloque\/parrilla-vasca-josper-pvj-50-1-1-mb\/#primaryimage\"},\"image\":{\"@id\":\"https:\/\/jospergrill.com\/es\/productos\/parrillas-vascas-josper\/parrillas-vascas-josper-monobloque\/parrilla-vasca-josper-pvj-50-1-1-mb\/#primaryimage\"},\"thumbnailUrl\":\"https:\/\/jospergrill.com\/wp-content\/uploads\/PVJ-050-1-1-MB-SS.jpg\",\"datePublished\":\"2023-10-09T16:35:42+00:00\",\"dateModified\":\"2025-06-08T09:10:58+00:00\",\"description\":\"Parrilla vasca Josper individual PVJ-50-1-1-MB, \u00b1 50 comensales, tiempo de encendido \u00b1 20 minutos, temperatura braseado 250 \u00b0C\",\"breadcrumb\":{\"@id\":\"https:\/\/jospergrill.com\/es\/productos\/parrillas-vascas-josper\/parrillas-vascas-josper-monobloque\/parrilla-vasca-josper-pvj-50-1-1-mb\/#breadcrumb\"},\"inLanguage\":\"es\",\"potentialAction\":[{\"@type\":\"ReadAction\",\"target\":[\"https:\/\/jospergrill.com\/es\/productos\/parrillas-vascas-josper\/parrillas-vascas-josper-monobloque\/parrilla-vasca-josper-pvj-50-1-1-mb\/\"]}]},{\"@type\":\"ImageObject\",\"inLanguage\":\"es\",\"@id\":\"https:\/\/jospergrill.com\/es\/productos\/parrillas-vascas-josper\/parrillas-vascas-josper-monobloque\/parrilla-vasca-josper-pvj-50-1-1-mb\/#primaryimage\",\"url\":\"https:\/\/jospergrill.com\/wp-content\/uploads\/PVJ-050-1-1-MB-SS.jpg\",\"contentUrl\":\"https:\/\/jospergrill.com\/wp-content\/uploads\/PVJ-050-1-1-MB-SS.jpg\",\"width\":720,\"height\":720},{\"@type\":\"BreadcrumbList\",\"@id\":\"https:\/\/jospergrill.com\/es\/productos\/parrillas-vascas-josper\/parrillas-vascas-josper-monobloque\/parrilla-vasca-josper-pvj-50-1-1-mb\/#breadcrumb\",\"itemListElement\":[{\"@type\":\"ListItem\",\"position\":1,\"name\":\"Home\",\"item\":\"https:\/\/jospergrill.com\/es\/\"},{\"@type\":\"ListItem\",\"position\":2,\"name\":\"Tienda\",\"item\":\"https:\/\/jospergrill.com\/tienda\/\"},{\"@type\":\"ListItem\",\"position\":3,\"name\":\"Parrilla Vasca Josper PVJ-50-1-1-MB Individual\"}]},{\"@type\":\"WebSite\",\"@id\":\"https:\/\/jospergrill.com\/es\/#website\",\"url\":\"https:\/\/jospergrill.com\/es\/\",\"name\":\"Josper\",\"description\":\"Passion for Grilling\",\"publisher\":{\"@id\":\"https:\/\/jospergrill.com\/es\/#organization\"},\"potentialAction\":[{\"@type\":\"SearchAction\",\"target\":{\"@type\":\"EntryPoint\",\"urlTemplate\":\"https:\/\/jospergrill.com\/es\/?s={search_term_string}\"},\"query-input\":{\"@type\":\"PropertyValueSpecification\",\"valueRequired\":true,\"valueName\":\"search_term_string\"}}],\"inLanguage\":\"es\"},{\"@type\":\"Organization\",\"@id\":\"https:\/\/jospergrill.com\/es\/#organization\",\"name\":\"Josper\",\"url\":\"https:\/\/jospergrill.com\/es\/\",\"logo\":{\"@type\":\"ImageObject\",\"inLanguage\":\"es\",\"@id\":\"https:\/\/jospergrill.com\/es\/#\/schema\/logo\/image\/\",\"url\":\"https:\/\/jospergrill.com\/wp-content\/uploads\/josper-logo-escudo.png\",\"contentUrl\":\"https:\/\/jospergrill.com\/wp-content\/uploads\/josper-logo-escudo.png\",\"width\":112,\"height\":144,\"caption\":\"Josper\"},\"image\":{\"@id\":\"https:\/\/jospergrill.com\/es\/#\/schema\/logo\/image\/\"},\"sameAs\":[\"https:\/\/www.facebook.com\/josperofficial\/\",\"https:\/\/x.com\/JosperOfficial\"]}]}<\/script>\n<!-- \/ Yoast SEO plugin. -->","yoast_head_json":{"title":"Parrilla Vasca Josper Monoblock PVJ-50-1-1-MB | JOSPER","description":"Parrilla vasca Josper individual PVJ-50-1-1-MB, \u00b1 50 comensales, tiempo de encendido \u00b1 20 minutos, temperatura braseado 250 \u00b0C","robots":{"index":"index","follow":"follow","max-snippet":"max-snippet:-1","max-image-preview":"max-image-preview:large","max-video-preview":"max-video-preview:-1"},"canonical":"https:\/\/jospergrill.com\/es\/productos\/parrillas-vascas-josper\/parrillas-vascas-josper-monobloque\/parrilla-vasca-josper-pvj-50-1-1-mb\/","og_locale":"es_ES","og_type":"article","og_title":"Parrilla Vasca Josper Monoblock PVJ-50-1-1-MB | JOSPER","og_description":"Parrilla vasca Josper individual PVJ-50-1-1-MB, \u00b1 50 comensales, tiempo de encendido \u00b1 20 minutos, temperatura braseado 250 \u00b0C","og_url":"https:\/\/jospergrill.com\/es\/productos\/parrillas-vascas-josper\/parrillas-vascas-josper-monobloque\/parrilla-vasca-josper-pvj-50-1-1-mb\/","og_site_name":"Josper","article_publisher":"https:\/\/www.facebook.com\/josperofficial\/","article_modified_time":"2025-06-08T09:10:58+00:00","og_image":[{"width":720,"height":720,"url":"https:\/\/jospergrill.com\/wp-content\/uploads\/PVJ-050-1-1-MB-SS.jpg","type":"image\/jpeg"}],"twitter_card":"summary_large_image","twitter_site":"@JosperOfficial","twitter_misc":{"Tiempo de lectura":"1 minuto"},"schema":{"@context":"https:\/\/schema.org","@graph":[{"@type":"WebPage","@id":"https:\/\/jospergrill.com\/es\/productos\/parrillas-vascas-josper\/parrillas-vascas-josper-monobloque\/parrilla-vasca-josper-pvj-50-1-1-mb\/","url":"https:\/\/jospergrill.com\/es\/productos\/parrillas-vascas-josper\/parrillas-vascas-josper-monobloque\/parrilla-vasca-josper-pvj-50-1-1-mb\/","name":"Parrilla Vasca Josper Monoblock PVJ-50-1-1-MB | JOSPER","isPartOf":{"@id":"https:\/\/jospergrill.com\/es\/#website"},"primaryImageOfPage":{"@id":"https:\/\/jospergrill.com\/es\/productos\/parrillas-vascas-josper\/parrillas-vascas-josper-monobloque\/parrilla-vasca-josper-pvj-50-1-1-mb\/#primaryimage"},"image":{"@id":"https:\/\/jospergrill.com\/es\/productos\/parrillas-vascas-josper\/parrillas-vascas-josper-monobloque\/parrilla-vasca-josper-pvj-50-1-1-mb\/#primaryimage"},"thumbnailUrl":"https:\/\/jospergrill.com\/wp-content\/uploads\/PVJ-050-1-1-MB-SS.jpg","datePublished":"2023-10-09T16:35:42+00:00","dateModified":"2025-06-08T09:10:58+00:00","description":"Parrilla vasca Josper individual PVJ-50-1-1-MB, \u00b1 50 comensales, tiempo de encendido \u00b1 20 minutos, temperatura braseado 250 \u00b0C","breadcrumb":{"@id":"https:\/\/jospergrill.com\/es\/productos\/parrillas-vascas-josper\/parrillas-vascas-josper-monobloque\/parrilla-vasca-josper-pvj-50-1-1-mb\/#breadcrumb"},"inLanguage":"es","potentialAction":[{"@type":"ReadAction","target":["https:\/\/jospergrill.com\/es\/productos\/parrillas-vascas-josper\/parrillas-vascas-josper-monobloque\/parrilla-vasca-josper-pvj-50-1-1-mb\/"]}]},{"@type":"ImageObject","inLanguage":"es","@id":"https:\/\/jospergrill.com\/es\/productos\/parrillas-vascas-josper\/parrillas-vascas-josper-monobloque\/parrilla-vasca-josper-pvj-50-1-1-mb\/#primaryimage","url":"https:\/\/jospergrill.com\/wp-content\/uploads\/PVJ-050-1-1-MB-SS.jpg","contentUrl":"https:\/\/jospergrill.com\/wp-content\/uploads\/PVJ-050-1-1-MB-SS.jpg","width":720,"height":720},{"@type":"BreadcrumbList","@id":"https:\/\/jospergrill.com\/es\/productos\/parrillas-vascas-josper\/parrillas-vascas-josper-monobloque\/parrilla-vasca-josper-pvj-50-1-1-mb\/#breadcrumb","itemListElement":[{"@type":"ListItem","position":1,"name":"Home","item":"https:\/\/jospergrill.com\/es\/"},{"@type":"ListItem","position":2,"name":"Tienda","item":"https:\/\/jospergrill.com\/tienda\/"},{"@type":"ListItem","position":3,"name":"Parrilla Vasca Josper PVJ-50-1-1-MB Individual"}]},{"@type":"WebSite","@id":"https:\/\/jospergrill.com\/es\/#website","url":"https:\/\/jospergrill.com\/es\/","name":"Josper","description":"Passion for Grilling","publisher":{"@id":"https:\/\/jospergrill.com\/es\/#organization"},"potentialAction":[{"@type":"SearchAction","target":{"@type":"EntryPoint","urlTemplate":"https:\/\/jospergrill.com\/es\/?s={search_term_string}"},"query-input":{"@type":"PropertyValueSpecification","valueRequired":true,"valueName":"search_term_string"}}],"inLanguage":"es"},{"@type":"Organization","@id":"https:\/\/jospergrill.com\/es\/#organization","name":"Josper","url":"https:\/\/jospergrill.com\/es\/","logo":{"@type":"ImageObject","inLanguage":"es","@id":"https:\/\/jospergrill.com\/es\/#\/schema\/logo\/image\/","url":"https:\/\/jospergrill.com\/wp-content\/uploads\/josper-logo-escudo.png","contentUrl":"https:\/\/jospergrill.com\/wp-content\/uploads\/josper-logo-escudo.png","width":112,"height":144,"caption":"Josper"},"image":{"@id":"https:\/\/jospergrill.com\/es\/#\/schema\/logo\/image\/"},"sameAs":["https:\/\/www.facebook.com\/josperofficial\/","https:\/\/x.com\/JosperOfficial"]}]}},"_links":{"self":[{"href":"https:\/\/jospergrill.com\/es\/wp-json\/wp\/v2\/product\/44771","targetHints":{"allow":["GET"]}}],"collection":[{"href":"https:\/\/jospergrill.com\/es\/wp-json\/wp\/v2\/product"}],"about":[{"href":"https:\/\/jospergrill.com\/es\/wp-json\/wp\/v2\/types\/product"}],"replies":[{"embeddable":true,"href":"https:\/\/jospergrill.com\/es\/wp-json\/wp\/v2\/comments?post=44771"}],"wp:featuredmedia":[{"embeddable":true,"href":"https:\/\/jospergrill.com\/es\/wp-json\/wp\/v2\/media\/44572"}],"wp:attachment":[{"href":"https:\/\/jospergrill.com\/es\/wp-json\/wp\/v2\/media?parent=44771"}],"wp:term":[{"taxonomy":"product_brand","embeddable":true,"href":"https:\/\/jospergrill.com\/es\/wp-json\/wp\/v2\/product_brand?post=44771"},{"taxonomy":"product_cat","embeddable":true,"href":"https:\/\/jospergrill.com\/es\/wp-json\/wp\/v2\/product_cat?post=44771"},{"taxonomy":"product_tag","embeddable":true,"href":"https:\/\/jospergrill.com\/es\/wp-json\/wp\/v2\/product_tag?post=44771"}],"curies":[{"name":"wp","href":"https:\/\/api.w.org\/{rel}","templated":true}]}}