{"id":4031,"date":"2019-03-28T13:35:52","date_gmt":"2019-03-28T13:35:52","guid":{"rendered":"http:\/\/jospergrill.com\/?post_type=product&#038;p=4031"},"modified":"2025-06-08T09:09:06","modified_gmt":"2025-06-08T09:09:06","slug":"horno-josper-hja-plus-l175-large","status":"publish","type":"product","link":"https:\/\/jospergrill.com\/es\/productos\/hornos-brasa-josper\/hornos-brasa-josper-hja-plus\/horno-josper-hja-plus-l175-large\/","title":{"rendered":"Horno Brasa Josper HJA-PLUS L175 Large<br><img src=\"\/wp-content\/uploads\/2019\/03\/certification-ce-ul-nsf.svg\" class=\"cert\">"},"content":{"rendered":"","protected":false},"excerpt":{"rendered":"[elementor-template id=\"33499\"]\n<p style=\"font-weight: 400;\">Los hornos de la gama Clase A, ahora mejorados a trav\u00e9s de la aplicaci\u00f3n del nuevo est\u00e1ndar HJA-PLUS, mantienen el dise\u00f1o, calidad y fiabilidad de sus predecesores y adem\u00e1s, aumentan en prestaciones. Sistema de retenci\u00f3n hidr\u00e1ulico de la puerta perfeccionado, optimizando as\u00ed las maniobras del cocinero. Registros superior e inferior redise\u00f1ados y modernizados, facilitando la circulaci\u00f3n del aire as\u00ed como la limpieza de ambos. \u00c1rea superior de templado optimizada, permitiendo la customizaci\u00f3n y cierre incluyendo diferentes accesorios en su interior.<\/p>\n<p style=\"font-weight: 400;\">La configuraci\u00f3n del HJA-PLUS permite la selecci\u00f3n de mesas auxiliares opcionales, as\u00ed como cajones y armario superior atemperador seg\u00fan las necesidades del usuario.Ver diferentes opciones de color de puertas, cajones y armario atemperador en nuestro cat\u00e1logo.<\/p>\n<p>Horno Brasa Josper HJA-PLUS-L175, el horno m\u00e1s grande de Josper, recomendado para unos 175 comensales, el tiempo de encendido de \u00b1 40 minutos, consumo diario de carb\u00f3n de 16 a 20 kg, autonom\u00eda por carga de 9 horas. Producci\u00f3n por hora de 110 kg aprox. y una temperatura de braseado de 250 a 350 \u00b0C.<\/p>\n","protected":false},"featured_media":41347,"comment_status":"closed","ping_status":"closed","template":"","meta":{"_acf_changed":false,"site-sidebar-layout":"default","site-content-layout":"default","ast-site-content-layout":"default","site-content-style":"default","site-sidebar-style":"default","ast-global-header-display":"","ast-banner-title-visibility":"","ast-main-header-display":"","ast-hfb-above-header-display":"","ast-hfb-below-header-display":"","ast-hfb-mobile-header-display":"","site-post-title":"","ast-breadcrumbs-content":"","ast-featured-img":"","footer-sml-layout":"","ast-disable-related-posts":"","theme-transparent-header-meta":"default","adv-header-id-meta":"","stick-header-meta":"default","header-above-stick-meta":"","header-main-stick-meta":"","header-below-stick-meta":"","astra-migrate-meta-layouts":"set","ast-page-background-enabled":"default","ast-page-background-meta":{"desktop":{"background-color":"","background-image":"","background-repeat":"repeat","background-position":"center center","background-size":"auto","background-attachment":"scroll","background-type":"","background-media":"","overlay-type":"","overlay-color":"","overlay-opacity":"","overlay-gradient":""},"tablet":{"background-color":"","background-image":"","background-repeat":"repeat","background-position":"center center","background-size":"auto","background-attachment":"scroll","background-type":"","background-media":"","overlay-type":"","overlay-color":"","overlay-opacity":"","overlay-gradient":""},"mobile":{"background-color":"","background-image":"","background-repeat":"repeat","background-position":"center center","background-size":"auto","background-attachment":"scroll","background-type":"","background-media":"","overlay-type":"","overlay-color":"","overlay-opacity":"","overlay-gradient":""}},"ast-content-background-meta":{"desktop":{"background-color":"var(--ast-global-color-5)","background-image":"","background-repeat":"repeat","background-position":"center center","background-size":"auto","background-attachment":"scroll","background-type":"","background-media":"","overlay-type":"","overlay-color":"","overlay-opacity":"","overlay-gradient":""},"tablet":{"background-color":"var(--ast-global-color-5)","background-image":"","background-repeat":"repeat","background-position":"center center","background-size":"auto","background-attachment":"scroll","background-type":"","background-media":"","overlay-type":"","overlay-color":"","overlay-opacity":"","overlay-gradient":""},"mobile":{"background-color":"var(--ast-global-color-5)","background-image":"","background-repeat":"repeat","background-position":"center center","background-size":"auto","background-attachment":"scroll","background-type":"","background-media":"","overlay-type":"","overlay-color":"","overlay-opacity":"","overlay-gradient":""}}},"product_brand":[],"product_cat":[183,909],"product_tag":[],"class_list":{"0":"post-4031","1":"product","2":"type-product","3":"status-publish","4":"has-post-thumbnail","6":"product_cat-hornos-brasa-josper","7":"product_cat-hornos-brasa-josper-hja-plus","8":"desktop-align-center","9":"tablet-align-center","10":"mobile-align-center","12":"first","13":"instock","14":"taxable","15":"shipping-taxable","16":"product-type-variable"},"acf":[],"yoast_head":"<!-- This site is optimized with the Yoast SEO plugin v27.4 - https:\/\/yoast.com\/product\/yoast-seo-wordpress\/ -->\n<title>Horno Brasa Josper Clase A HJA-50 Grande | JOSPER Hornos Brasa<\/title>\n<meta name=\"description\" content=\"Horno brasa Josper HJA-50, el horno m\u00e1s grande de Josper, Clase A, \u00b1 175 comensales, tiempo de encendido\u00a0\u00b1 40 minutos, consumo diario de carb\u00f3n 16 a 20 kg.\" \/>\n<meta name=\"robots\" content=\"index, follow, max-snippet:-1, max-image-preview:large, max-video-preview:-1\" \/>\n<link rel=\"canonical\" href=\"https:\/\/jospergrill.com\/es\/productos\/hornos-brasa-josper\/hornos-brasa-josper-hja-plus\/horno-josper-hja-plus-l175-large\/\" \/>\n<meta property=\"og:locale\" content=\"es_ES\" \/>\n<meta property=\"og:type\" content=\"article\" \/>\n<meta property=\"og:title\" content=\"Horno Brasa Josper Clase A HJA-50 Grande | JOSPER Hornos Brasa\" \/>\n<meta property=\"og:description\" content=\"Horno brasa Josper HJA-50, el horno m\u00e1s grande de Josper, Clase A, \u00b1 175 comensales, tiempo de encendido\u00a0\u00b1 40 minutos, consumo diario de carb\u00f3n 16 a 20 kg.\" \/>\n<meta property=\"og:url\" content=\"https:\/\/jospergrill.com\/es\/productos\/hornos-brasa-josper\/hornos-brasa-josper-hja-plus\/horno-josper-hja-plus-l175-large\/\" \/>\n<meta property=\"og:site_name\" content=\"Josper\" \/>\n<meta property=\"article:publisher\" content=\"https:\/\/www.facebook.com\/josperofficial\/\" \/>\n<meta property=\"article:modified_time\" content=\"2025-06-08T09:09:06+00:00\" \/>\n<meta property=\"og:image\" content=\"https:\/\/jospergrill.com\/wp-content\/uploads\/HJA-PLUS-L175-WTD-Green.jpg\" \/>\n\t<meta property=\"og:image:width\" content=\"600\" \/>\n\t<meta property=\"og:image:height\" content=\"600\" \/>\n\t<meta property=\"og:image:type\" content=\"image\/jpeg\" \/>\n<meta name=\"twitter:card\" content=\"summary_large_image\" \/>\n<meta name=\"twitter:site\" content=\"@JosperOfficial\" \/>\n<meta name=\"twitter:label1\" content=\"Tiempo de lectura\" \/>\n\t<meta name=\"twitter:data1\" content=\"1 minuto\" \/>\n<script type=\"application\/ld+json\" class=\"yoast-schema-graph\">{\"@context\":\"https:\\\/\\\/schema.org\",\"@graph\":[{\"@type\":\"WebPage\",\"@id\":\"https:\\\/\\\/jospergrill.com\\\/es\\\/productos\\\/hornos-brasa-josper\\\/hornos-brasa-josper-hja-plus\\\/horno-josper-hja-plus-l175-large\\\/\",\"url\":\"https:\\\/\\\/jospergrill.com\\\/es\\\/productos\\\/hornos-brasa-josper\\\/hornos-brasa-josper-hja-plus\\\/horno-josper-hja-plus-l175-large\\\/\",\"name\":\"Horno Brasa Josper Clase A HJA-50 Grande | JOSPER Hornos Brasa\",\"isPartOf\":{\"@id\":\"https:\\\/\\\/jospergrill.com\\\/es\\\/#website\"},\"primaryImageOfPage\":{\"@id\":\"https:\\\/\\\/jospergrill.com\\\/es\\\/productos\\\/hornos-brasa-josper\\\/hornos-brasa-josper-hja-plus\\\/horno-josper-hja-plus-l175-large\\\/#primaryimage\"},\"image\":{\"@id\":\"https:\\\/\\\/jospergrill.com\\\/es\\\/productos\\\/hornos-brasa-josper\\\/hornos-brasa-josper-hja-plus\\\/horno-josper-hja-plus-l175-large\\\/#primaryimage\"},\"thumbnailUrl\":\"https:\\\/\\\/jospergrill.com\\\/wp-content\\\/uploads\\\/HJA-PLUS-L175-WTD-Green.jpg\",\"datePublished\":\"2019-03-28T13:35:52+00:00\",\"dateModified\":\"2025-06-08T09:09:06+00:00\",\"description\":\"Horno brasa Josper HJA-50, el horno m\u00e1s grande de Josper, Clase A, \u00b1 175 comensales, tiempo de encendido\u00a0\u00b1 40 minutos, consumo diario de carb\u00f3n 16 a 20 kg.\",\"breadcrumb\":{\"@id\":\"https:\\\/\\\/jospergrill.com\\\/es\\\/productos\\\/hornos-brasa-josper\\\/hornos-brasa-josper-hja-plus\\\/horno-josper-hja-plus-l175-large\\\/#breadcrumb\"},\"inLanguage\":\"es\",\"potentialAction\":[{\"@type\":\"ReadAction\",\"target\":[\"https:\\\/\\\/jospergrill.com\\\/es\\\/productos\\\/hornos-brasa-josper\\\/hornos-brasa-josper-hja-plus\\\/horno-josper-hja-plus-l175-large\\\/\"]}]},{\"@type\":\"ImageObject\",\"inLanguage\":\"es\",\"@id\":\"https:\\\/\\\/jospergrill.com\\\/es\\\/productos\\\/hornos-brasa-josper\\\/hornos-brasa-josper-hja-plus\\\/horno-josper-hja-plus-l175-large\\\/#primaryimage\",\"url\":\"https:\\\/\\\/jospergrill.com\\\/wp-content\\\/uploads\\\/HJA-PLUS-L175-WTD-Green.jpg\",\"contentUrl\":\"https:\\\/\\\/jospergrill.com\\\/wp-content\\\/uploads\\\/HJA-PLUS-L175-WTD-Green.jpg\",\"width\":600,\"height\":600},{\"@type\":\"BreadcrumbList\",\"@id\":\"https:\\\/\\\/jospergrill.com\\\/es\\\/productos\\\/hornos-brasa-josper\\\/hornos-brasa-josper-hja-plus\\\/horno-josper-hja-plus-l175-large\\\/#breadcrumb\",\"itemListElement\":[{\"@type\":\"ListItem\",\"position\":1,\"name\":\"Home\",\"item\":\"https:\\\/\\\/jospergrill.com\\\/es\\\/\"},{\"@type\":\"ListItem\",\"position\":2,\"name\":\"Tienda\",\"item\":\"https:\\\/\\\/jospergrill.com\\\/tienda\\\/\"},{\"@type\":\"ListItem\",\"position\":3,\"name\":\"Horno Brasa Josper HJA-PLUS L175 Large\"}]},{\"@type\":\"WebSite\",\"@id\":\"https:\\\/\\\/jospergrill.com\\\/es\\\/#website\",\"url\":\"https:\\\/\\\/jospergrill.com\\\/es\\\/\",\"name\":\"Josper\",\"description\":\"Passion for Grilling\",\"publisher\":{\"@id\":\"https:\\\/\\\/jospergrill.com\\\/es\\\/#organization\"},\"potentialAction\":[{\"@type\":\"SearchAction\",\"target\":{\"@type\":\"EntryPoint\",\"urlTemplate\":\"https:\\\/\\\/jospergrill.com\\\/es\\\/?s={search_term_string}\"},\"query-input\":{\"@type\":\"PropertyValueSpecification\",\"valueRequired\":true,\"valueName\":\"search_term_string\"}}],\"inLanguage\":\"es\"},{\"@type\":\"Organization\",\"@id\":\"https:\\\/\\\/jospergrill.com\\\/es\\\/#organization\",\"name\":\"Josper\",\"url\":\"https:\\\/\\\/jospergrill.com\\\/es\\\/\",\"logo\":{\"@type\":\"ImageObject\",\"inLanguage\":\"es\",\"@id\":\"https:\\\/\\\/jospergrill.com\\\/es\\\/#\\\/schema\\\/logo\\\/image\\\/\",\"url\":\"https:\\\/\\\/jospergrill.com\\\/wp-content\\\/uploads\\\/josper-logo-escudo.png\",\"contentUrl\":\"https:\\\/\\\/jospergrill.com\\\/wp-content\\\/uploads\\\/josper-logo-escudo.png\",\"width\":112,\"height\":144,\"caption\":\"Josper\"},\"image\":{\"@id\":\"https:\\\/\\\/jospergrill.com\\\/es\\\/#\\\/schema\\\/logo\\\/image\\\/\"},\"sameAs\":[\"https:\\\/\\\/www.facebook.com\\\/josperofficial\\\/\",\"https:\\\/\\\/x.com\\\/JosperOfficial\"]}]}<\/script>\n<!-- \/ Yoast SEO plugin. -->","yoast_head_json":{"title":"Horno Brasa Josper Clase A HJA-50 Grande | JOSPER Hornos Brasa","description":"Horno brasa Josper HJA-50, el horno m\u00e1s grande de Josper, Clase A, \u00b1 175 comensales, tiempo de encendido\u00a0\u00b1 40 minutos, consumo diario de carb\u00f3n 16 a 20 kg.","robots":{"index":"index","follow":"follow","max-snippet":"max-snippet:-1","max-image-preview":"max-image-preview:large","max-video-preview":"max-video-preview:-1"},"canonical":"https:\/\/jospergrill.com\/es\/productos\/hornos-brasa-josper\/hornos-brasa-josper-hja-plus\/horno-josper-hja-plus-l175-large\/","og_locale":"es_ES","og_type":"article","og_title":"Horno Brasa Josper Clase A HJA-50 Grande | JOSPER Hornos Brasa","og_description":"Horno brasa Josper HJA-50, el horno m\u00e1s grande de Josper, Clase A, \u00b1 175 comensales, tiempo de encendido\u00a0\u00b1 40 minutos, consumo diario de carb\u00f3n 16 a 20 kg.","og_url":"https:\/\/jospergrill.com\/es\/productos\/hornos-brasa-josper\/hornos-brasa-josper-hja-plus\/horno-josper-hja-plus-l175-large\/","og_site_name":"Josper","article_publisher":"https:\/\/www.facebook.com\/josperofficial\/","article_modified_time":"2025-06-08T09:09:06+00:00","og_image":[{"width":600,"height":600,"url":"https:\/\/jospergrill.com\/wp-content\/uploads\/HJA-PLUS-L175-WTD-Green.jpg","type":"image\/jpeg"}],"twitter_card":"summary_large_image","twitter_site":"@JosperOfficial","twitter_misc":{"Tiempo de lectura":"1 minuto"},"schema":{"@context":"https:\/\/schema.org","@graph":[{"@type":"WebPage","@id":"https:\/\/jospergrill.com\/es\/productos\/hornos-brasa-josper\/hornos-brasa-josper-hja-plus\/horno-josper-hja-plus-l175-large\/","url":"https:\/\/jospergrill.com\/es\/productos\/hornos-brasa-josper\/hornos-brasa-josper-hja-plus\/horno-josper-hja-plus-l175-large\/","name":"Horno Brasa Josper Clase A HJA-50 Grande | JOSPER Hornos Brasa","isPartOf":{"@id":"https:\/\/jospergrill.com\/es\/#website"},"primaryImageOfPage":{"@id":"https:\/\/jospergrill.com\/es\/productos\/hornos-brasa-josper\/hornos-brasa-josper-hja-plus\/horno-josper-hja-plus-l175-large\/#primaryimage"},"image":{"@id":"https:\/\/jospergrill.com\/es\/productos\/hornos-brasa-josper\/hornos-brasa-josper-hja-plus\/horno-josper-hja-plus-l175-large\/#primaryimage"},"thumbnailUrl":"https:\/\/jospergrill.com\/wp-content\/uploads\/HJA-PLUS-L175-WTD-Green.jpg","datePublished":"2019-03-28T13:35:52+00:00","dateModified":"2025-06-08T09:09:06+00:00","description":"Horno brasa Josper HJA-50, el horno m\u00e1s grande de Josper, Clase A, \u00b1 175 comensales, tiempo de encendido\u00a0\u00b1 40 minutos, consumo diario de carb\u00f3n 16 a 20 kg.","breadcrumb":{"@id":"https:\/\/jospergrill.com\/es\/productos\/hornos-brasa-josper\/hornos-brasa-josper-hja-plus\/horno-josper-hja-plus-l175-large\/#breadcrumb"},"inLanguage":"es","potentialAction":[{"@type":"ReadAction","target":["https:\/\/jospergrill.com\/es\/productos\/hornos-brasa-josper\/hornos-brasa-josper-hja-plus\/horno-josper-hja-plus-l175-large\/"]}]},{"@type":"ImageObject","inLanguage":"es","@id":"https:\/\/jospergrill.com\/es\/productos\/hornos-brasa-josper\/hornos-brasa-josper-hja-plus\/horno-josper-hja-plus-l175-large\/#primaryimage","url":"https:\/\/jospergrill.com\/wp-content\/uploads\/HJA-PLUS-L175-WTD-Green.jpg","contentUrl":"https:\/\/jospergrill.com\/wp-content\/uploads\/HJA-PLUS-L175-WTD-Green.jpg","width":600,"height":600},{"@type":"BreadcrumbList","@id":"https:\/\/jospergrill.com\/es\/productos\/hornos-brasa-josper\/hornos-brasa-josper-hja-plus\/horno-josper-hja-plus-l175-large\/#breadcrumb","itemListElement":[{"@type":"ListItem","position":1,"name":"Home","item":"https:\/\/jospergrill.com\/es\/"},{"@type":"ListItem","position":2,"name":"Tienda","item":"https:\/\/jospergrill.com\/tienda\/"},{"@type":"ListItem","position":3,"name":"Horno Brasa Josper HJA-PLUS L175 Large"}]},{"@type":"WebSite","@id":"https:\/\/jospergrill.com\/es\/#website","url":"https:\/\/jospergrill.com\/es\/","name":"Josper","description":"Passion for Grilling","publisher":{"@id":"https:\/\/jospergrill.com\/es\/#organization"},"potentialAction":[{"@type":"SearchAction","target":{"@type":"EntryPoint","urlTemplate":"https:\/\/jospergrill.com\/es\/?s={search_term_string}"},"query-input":{"@type":"PropertyValueSpecification","valueRequired":true,"valueName":"search_term_string"}}],"inLanguage":"es"},{"@type":"Organization","@id":"https:\/\/jospergrill.com\/es\/#organization","name":"Josper","url":"https:\/\/jospergrill.com\/es\/","logo":{"@type":"ImageObject","inLanguage":"es","@id":"https:\/\/jospergrill.com\/es\/#\/schema\/logo\/image\/","url":"https:\/\/jospergrill.com\/wp-content\/uploads\/josper-logo-escudo.png","contentUrl":"https:\/\/jospergrill.com\/wp-content\/uploads\/josper-logo-escudo.png","width":112,"height":144,"caption":"Josper"},"image":{"@id":"https:\/\/jospergrill.com\/es\/#\/schema\/logo\/image\/"},"sameAs":["https:\/\/www.facebook.com\/josperofficial\/","https:\/\/x.com\/JosperOfficial"]}]}},"_links":{"self":[{"href":"https:\/\/jospergrill.com\/es\/wp-json\/wp\/v2\/product\/4031","targetHints":{"allow":["GET"]}}],"collection":[{"href":"https:\/\/jospergrill.com\/es\/wp-json\/wp\/v2\/product"}],"about":[{"href":"https:\/\/jospergrill.com\/es\/wp-json\/wp\/v2\/types\/product"}],"replies":[{"embeddable":true,"href":"https:\/\/jospergrill.com\/es\/wp-json\/wp\/v2\/comments?post=4031"}],"wp:featuredmedia":[{"embeddable":true,"href":"https:\/\/jospergrill.com\/es\/wp-json\/wp\/v2\/media\/41347"}],"wp:attachment":[{"href":"https:\/\/jospergrill.com\/es\/wp-json\/wp\/v2\/media?parent=4031"}],"wp:term":[{"taxonomy":"product_brand","embeddable":true,"href":"https:\/\/jospergrill.com\/es\/wp-json\/wp\/v2\/product_brand?post=4031"},{"taxonomy":"product_cat","embeddable":true,"href":"https:\/\/jospergrill.com\/es\/wp-json\/wp\/v2\/product_cat?post=4031"},{"taxonomy":"product_tag","embeddable":true,"href":"https:\/\/jospergrill.com\/es\/wp-json\/wp\/v2\/product_tag?post=4031"}],"curies":[{"name":"wp","href":"https:\/\/api.w.org\/{rel}","templated":true}]}}