{"id":35046,"date":"2022-03-31T07:55:23","date_gmt":"2022-03-31T07:55:23","guid":{"rendered":"https:\/\/jospergrill.com\/?post_type=product&#038;p=35046"},"modified":"2025-06-08T09:03:39","modified_gmt":"2025-06-08T09:03:39","slug":"horno-brasa-josper-hjx-pro-mini","status":"publish","type":"product","link":"https:\/\/jospergrill.com\/es\/productos\/hornos-brasa-josper\/hornos-brasa-josper-hjx-pro\/horno-brasa-josper-hjx-pro-mini\/","title":{"rendered":"Horno Brasa Josper HJX <span style=\"background-color:#AF0B08; padding-left:5px; padding-right:5px\">Pro<\/span><br>Mini<br><img src=\"\/wp-content\/uploads\/2019\/03\/certification-ce-ul-nsf.svg\" class=\"cert\">"},"content":{"rendered":"","protected":false},"excerpt":{"rendered":"<p>Horno Brasa Josper HJX-PRO Mini, el horno mini de Josper, recomendado para aproximadamente <strong>40 comensales<\/strong>, el tiempo de encendido es de \u00b1 <strong>25 minutos<\/strong>, consumo diario de carb\u00f3n de 6 a 8 kg, autonom\u00eda por carga de 7horas. Producci\u00f3n por hora 25 kg aprox. y una temperatura de braseado de250 a 350 \u00b0C.<\/p>\n","protected":false},"featured_media":35600,"comment_status":"open","ping_status":"closed","template":"","meta":{"_acf_changed":false,"site-sidebar-layout":"default","site-content-layout":"default","ast-site-content-layout":"default","site-content-style":"default","site-sidebar-style":"default","ast-global-header-display":"","ast-banner-title-visibility":"","ast-main-header-display":"","ast-hfb-above-header-display":"","ast-hfb-below-header-display":"","ast-hfb-mobile-header-display":"","site-post-title":"","ast-breadcrumbs-content":"","ast-featured-img":"","footer-sml-layout":"","ast-disable-related-posts":"","theme-transparent-header-meta":"default","adv-header-id-meta":"","stick-header-meta":"default","header-above-stick-meta":"","header-main-stick-meta":"","header-below-stick-meta":"","astra-migrate-meta-layouts":"set","ast-page-background-enabled":"default","ast-page-background-meta":{"desktop":{"background-color":"","background-image":"","background-repeat":"repeat","background-position":"center center","background-size":"auto","background-attachment":"scroll","background-type":"","background-media":"","overlay-type":"","overlay-color":"","overlay-opacity":"","overlay-gradient":""},"tablet":{"background-color":"","background-image":"","background-repeat":"repeat","background-position":"center center","background-size":"auto","background-attachment":"scroll","background-type":"","background-media":"","overlay-type":"","overlay-color":"","overlay-opacity":"","overlay-gradient":""},"mobile":{"background-color":"","background-image":"","background-repeat":"repeat","background-position":"center center","background-size":"auto","background-attachment":"scroll","background-type":"","background-media":"","overlay-type":"","overlay-color":"","overlay-opacity":"","overlay-gradient":""}},"ast-content-background-meta":{"desktop":{"background-color":"var(--ast-global-color-5)","background-image":"","background-repeat":"repeat","background-position":"center center","background-size":"auto","background-attachment":"scroll","background-type":"","background-media":"","overlay-type":"","overlay-color":"","overlay-opacity":"","overlay-gradient":""},"tablet":{"background-color":"var(--ast-global-color-5)","background-image":"","background-repeat":"repeat","background-position":"center center","background-size":"auto","background-attachment":"scroll","background-type":"","background-media":"","overlay-type":"","overlay-color":"","overlay-opacity":"","overlay-gradient":""},"mobile":{"background-color":"var(--ast-global-color-5)","background-image":"","background-repeat":"repeat","background-position":"center center","background-size":"auto","background-attachment":"scroll","background-type":"","background-media":"","overlay-type":"","overlay-color":"","overlay-opacity":"","overlay-gradient":""}}},"product_brand":[],"product_cat":[5079],"product_tag":[],"class_list":{"0":"post-35046","1":"product","2":"type-product","3":"status-publish","4":"has-post-thumbnail","6":"product_cat-hornos-brasa-josper-hjx-pro","7":"desktop-align-center","8":"tablet-align-center","9":"mobile-align-center","11":"first","12":"instock","13":"taxable","14":"shipping-taxable","15":"product-type-simple"},"acf":[],"yoast_head":"<!-- This site is optimized with the Yoast SEO plugin v27.4 - https:\/\/yoast.com\/product\/yoast-seo-wordpress\/ -->\n<title>Horno Brasa Josper HJX ProMini | Josper<\/title>\n<meta name=\"robots\" content=\"index, follow, max-snippet:-1, max-image-preview:large, max-video-preview:-1\" \/>\n<link rel=\"canonical\" href=\"https:\/\/jospergrill.com\/es\/productos\/hornos-brasa-josper\/hornos-brasa-josper-hjx-pro\/horno-brasa-josper-hjx-pro-mini\/\" \/>\n<meta property=\"og:locale\" content=\"es_ES\" \/>\n<meta property=\"og:type\" content=\"article\" \/>\n<meta property=\"og:title\" content=\"Horno Brasa Josper HJX ProMini | Josper\" \/>\n<meta property=\"og:description\" content=\"Horno Brasa Josper HJX-PRO Mini, el horno mini de Josper, recomendado para aproximadamente 40 comensales, el tiempo de encendido es de \u00b1 25 minutos, consumo diario de carb\u00f3n de 6 a 8 kg, autonom\u00eda por carga de 7horas. Producci\u00f3n por hora 25 kg aprox. y una temperatura de braseado de250 a 350 \u00b0C.\" \/>\n<meta property=\"og:url\" content=\"https:\/\/jospergrill.com\/es\/productos\/hornos-brasa-josper\/hornos-brasa-josper-hjx-pro\/horno-brasa-josper-hjx-pro-mini\/\" \/>\n<meta property=\"og:site_name\" content=\"Josper\" \/>\n<meta property=\"article:publisher\" content=\"https:\/\/www.facebook.com\/josperofficial\/\" \/>\n<meta property=\"article:modified_time\" content=\"2025-06-08T09:03:39+00:00\" \/>\n<meta property=\"og:image\" content=\"https:\/\/jospergrill.com\/wp-content\/uploads\/horno-josper-hjx-pro-mini-1-1.jpg\" \/>\n\t<meta property=\"og:image:width\" content=\"600\" \/>\n\t<meta property=\"og:image:height\" content=\"600\" \/>\n\t<meta property=\"og:image:type\" content=\"image\/jpeg\" \/>\n<meta name=\"twitter:card\" content=\"summary_large_image\" \/>\n<meta name=\"twitter:site\" content=\"@JosperOfficial\" \/>\n<meta name=\"twitter:label1\" content=\"Tiempo de lectura\" \/>\n\t<meta name=\"twitter:data1\" content=\"1 minuto\" \/>\n<script type=\"application\/ld+json\" class=\"yoast-schema-graph\">{\"@context\":\"https:\\\/\\\/schema.org\",\"@graph\":[{\"@type\":\"WebPage\",\"@id\":\"https:\\\/\\\/jospergrill.com\\\/es\\\/productos\\\/hornos-brasa-josper\\\/hornos-brasa-josper-hjx-pro\\\/horno-brasa-josper-hjx-pro-mini\\\/\",\"url\":\"https:\\\/\\\/jospergrill.com\\\/es\\\/productos\\\/hornos-brasa-josper\\\/hornos-brasa-josper-hjx-pro\\\/horno-brasa-josper-hjx-pro-mini\\\/\",\"name\":\"Horno Brasa Josper HJX Pro Mini | Josper\",\"isPartOf\":{\"@id\":\"https:\\\/\\\/jospergrill.com\\\/es\\\/#website\"},\"primaryImageOfPage\":{\"@id\":\"https:\\\/\\\/jospergrill.com\\\/es\\\/productos\\\/hornos-brasa-josper\\\/hornos-brasa-josper-hjx-pro\\\/horno-brasa-josper-hjx-pro-mini\\\/#primaryimage\"},\"image\":{\"@id\":\"https:\\\/\\\/jospergrill.com\\\/es\\\/productos\\\/hornos-brasa-josper\\\/hornos-brasa-josper-hjx-pro\\\/horno-brasa-josper-hjx-pro-mini\\\/#primaryimage\"},\"thumbnailUrl\":\"https:\\\/\\\/jospergrill.com\\\/wp-content\\\/uploads\\\/horno-josper-hjx-pro-mini-1-1.jpg\",\"datePublished\":\"2022-03-31T07:55:23+00:00\",\"dateModified\":\"2025-06-08T09:03:39+00:00\",\"breadcrumb\":{\"@id\":\"https:\\\/\\\/jospergrill.com\\\/es\\\/productos\\\/hornos-brasa-josper\\\/hornos-brasa-josper-hjx-pro\\\/horno-brasa-josper-hjx-pro-mini\\\/#breadcrumb\"},\"inLanguage\":\"es\",\"potentialAction\":[{\"@type\":\"ReadAction\",\"target\":[\"https:\\\/\\\/jospergrill.com\\\/es\\\/productos\\\/hornos-brasa-josper\\\/hornos-brasa-josper-hjx-pro\\\/horno-brasa-josper-hjx-pro-mini\\\/\"]}]},{\"@type\":\"ImageObject\",\"inLanguage\":\"es\",\"@id\":\"https:\\\/\\\/jospergrill.com\\\/es\\\/productos\\\/hornos-brasa-josper\\\/hornos-brasa-josper-hjx-pro\\\/horno-brasa-josper-hjx-pro-mini\\\/#primaryimage\",\"url\":\"https:\\\/\\\/jospergrill.com\\\/wp-content\\\/uploads\\\/horno-josper-hjx-pro-mini-1-1.jpg\",\"contentUrl\":\"https:\\\/\\\/jospergrill.com\\\/wp-content\\\/uploads\\\/horno-josper-hjx-pro-mini-1-1.jpg\",\"width\":600,\"height\":600},{\"@type\":\"BreadcrumbList\",\"@id\":\"https:\\\/\\\/jospergrill.com\\\/es\\\/productos\\\/hornos-brasa-josper\\\/hornos-brasa-josper-hjx-pro\\\/horno-brasa-josper-hjx-pro-mini\\\/#breadcrumb\",\"itemListElement\":[{\"@type\":\"ListItem\",\"position\":1,\"name\":\"Home\",\"item\":\"https:\\\/\\\/jospergrill.com\\\/es\\\/\"},{\"@type\":\"ListItem\",\"position\":2,\"name\":\"Tienda\",\"item\":\"https:\\\/\\\/jospergrill.com\\\/tienda\\\/\"},{\"@type\":\"ListItem\",\"position\":3,\"name\":\"Horno Brasa Josper HJX ProMini\"}]},{\"@type\":\"WebSite\",\"@id\":\"https:\\\/\\\/jospergrill.com\\\/es\\\/#website\",\"url\":\"https:\\\/\\\/jospergrill.com\\\/es\\\/\",\"name\":\"Josper\",\"description\":\"Passion for Grilling\",\"publisher\":{\"@id\":\"https:\\\/\\\/jospergrill.com\\\/es\\\/#organization\"},\"potentialAction\":[{\"@type\":\"SearchAction\",\"target\":{\"@type\":\"EntryPoint\",\"urlTemplate\":\"https:\\\/\\\/jospergrill.com\\\/es\\\/?s={search_term_string}\"},\"query-input\":{\"@type\":\"PropertyValueSpecification\",\"valueRequired\":true,\"valueName\":\"search_term_string\"}}],\"inLanguage\":\"es\"},{\"@type\":\"Organization\",\"@id\":\"https:\\\/\\\/jospergrill.com\\\/es\\\/#organization\",\"name\":\"Josper\",\"url\":\"https:\\\/\\\/jospergrill.com\\\/es\\\/\",\"logo\":{\"@type\":\"ImageObject\",\"inLanguage\":\"es\",\"@id\":\"https:\\\/\\\/jospergrill.com\\\/es\\\/#\\\/schema\\\/logo\\\/image\\\/\",\"url\":\"https:\\\/\\\/jospergrill.com\\\/wp-content\\\/uploads\\\/josper-logo-escudo.png\",\"contentUrl\":\"https:\\\/\\\/jospergrill.com\\\/wp-content\\\/uploads\\\/josper-logo-escudo.png\",\"width\":112,\"height\":144,\"caption\":\"Josper\"},\"image\":{\"@id\":\"https:\\\/\\\/jospergrill.com\\\/es\\\/#\\\/schema\\\/logo\\\/image\\\/\"},\"sameAs\":[\"https:\\\/\\\/www.facebook.com\\\/josperofficial\\\/\",\"https:\\\/\\\/x.com\\\/JosperOfficial\"]}]}<\/script>\n<!-- \/ Yoast SEO plugin. -->","yoast_head_json":{"title":"Horno Brasa Josper HJX ProMini | Josper","robots":{"index":"index","follow":"follow","max-snippet":"max-snippet:-1","max-image-preview":"max-image-preview:large","max-video-preview":"max-video-preview:-1"},"canonical":"https:\/\/jospergrill.com\/es\/productos\/hornos-brasa-josper\/hornos-brasa-josper-hjx-pro\/horno-brasa-josper-hjx-pro-mini\/","og_locale":"es_ES","og_type":"article","og_title":"Horno Brasa Josper HJX ProMini | Josper","og_description":"Horno Brasa Josper HJX-PRO Mini, el horno mini de Josper, recomendado para aproximadamente 40 comensales, el tiempo de encendido es de \u00b1 25 minutos, consumo diario de carb\u00f3n de 6 a 8 kg, autonom\u00eda por carga de 7horas. Producci\u00f3n por hora 25 kg aprox. y una temperatura de braseado de250 a 350 \u00b0C.","og_url":"https:\/\/jospergrill.com\/es\/productos\/hornos-brasa-josper\/hornos-brasa-josper-hjx-pro\/horno-brasa-josper-hjx-pro-mini\/","og_site_name":"Josper","article_publisher":"https:\/\/www.facebook.com\/josperofficial\/","article_modified_time":"2025-06-08T09:03:39+00:00","og_image":[{"width":600,"height":600,"url":"https:\/\/jospergrill.com\/wp-content\/uploads\/horno-josper-hjx-pro-mini-1-1.jpg","type":"image\/jpeg"}],"twitter_card":"summary_large_image","twitter_site":"@JosperOfficial","twitter_misc":{"Tiempo de lectura":"1 minuto"},"schema":{"@context":"https:\/\/schema.org","@graph":[{"@type":"WebPage","@id":"https:\/\/jospergrill.com\/es\/productos\/hornos-brasa-josper\/hornos-brasa-josper-hjx-pro\/horno-brasa-josper-hjx-pro-mini\/","url":"https:\/\/jospergrill.com\/es\/productos\/hornos-brasa-josper\/hornos-brasa-josper-hjx-pro\/horno-brasa-josper-hjx-pro-mini\/","name":"Horno Brasa Josper HJX Pro Mini | Josper","isPartOf":{"@id":"https:\/\/jospergrill.com\/es\/#website"},"primaryImageOfPage":{"@id":"https:\/\/jospergrill.com\/es\/productos\/hornos-brasa-josper\/hornos-brasa-josper-hjx-pro\/horno-brasa-josper-hjx-pro-mini\/#primaryimage"},"image":{"@id":"https:\/\/jospergrill.com\/es\/productos\/hornos-brasa-josper\/hornos-brasa-josper-hjx-pro\/horno-brasa-josper-hjx-pro-mini\/#primaryimage"},"thumbnailUrl":"https:\/\/jospergrill.com\/wp-content\/uploads\/horno-josper-hjx-pro-mini-1-1.jpg","datePublished":"2022-03-31T07:55:23+00:00","dateModified":"2025-06-08T09:03:39+00:00","breadcrumb":{"@id":"https:\/\/jospergrill.com\/es\/productos\/hornos-brasa-josper\/hornos-brasa-josper-hjx-pro\/horno-brasa-josper-hjx-pro-mini\/#breadcrumb"},"inLanguage":"es","potentialAction":[{"@type":"ReadAction","target":["https:\/\/jospergrill.com\/es\/productos\/hornos-brasa-josper\/hornos-brasa-josper-hjx-pro\/horno-brasa-josper-hjx-pro-mini\/"]}]},{"@type":"ImageObject","inLanguage":"es","@id":"https:\/\/jospergrill.com\/es\/productos\/hornos-brasa-josper\/hornos-brasa-josper-hjx-pro\/horno-brasa-josper-hjx-pro-mini\/#primaryimage","url":"https:\/\/jospergrill.com\/wp-content\/uploads\/horno-josper-hjx-pro-mini-1-1.jpg","contentUrl":"https:\/\/jospergrill.com\/wp-content\/uploads\/horno-josper-hjx-pro-mini-1-1.jpg","width":600,"height":600},{"@type":"BreadcrumbList","@id":"https:\/\/jospergrill.com\/es\/productos\/hornos-brasa-josper\/hornos-brasa-josper-hjx-pro\/horno-brasa-josper-hjx-pro-mini\/#breadcrumb","itemListElement":[{"@type":"ListItem","position":1,"name":"Home","item":"https:\/\/jospergrill.com\/es\/"},{"@type":"ListItem","position":2,"name":"Tienda","item":"https:\/\/jospergrill.com\/tienda\/"},{"@type":"ListItem","position":3,"name":"Horno Brasa Josper HJX ProMini"}]},{"@type":"WebSite","@id":"https:\/\/jospergrill.com\/es\/#website","url":"https:\/\/jospergrill.com\/es\/","name":"Josper","description":"Passion for Grilling","publisher":{"@id":"https:\/\/jospergrill.com\/es\/#organization"},"potentialAction":[{"@type":"SearchAction","target":{"@type":"EntryPoint","urlTemplate":"https:\/\/jospergrill.com\/es\/?s={search_term_string}"},"query-input":{"@type":"PropertyValueSpecification","valueRequired":true,"valueName":"search_term_string"}}],"inLanguage":"es"},{"@type":"Organization","@id":"https:\/\/jospergrill.com\/es\/#organization","name":"Josper","url":"https:\/\/jospergrill.com\/es\/","logo":{"@type":"ImageObject","inLanguage":"es","@id":"https:\/\/jospergrill.com\/es\/#\/schema\/logo\/image\/","url":"https:\/\/jospergrill.com\/wp-content\/uploads\/josper-logo-escudo.png","contentUrl":"https:\/\/jospergrill.com\/wp-content\/uploads\/josper-logo-escudo.png","width":112,"height":144,"caption":"Josper"},"image":{"@id":"https:\/\/jospergrill.com\/es\/#\/schema\/logo\/image\/"},"sameAs":["https:\/\/www.facebook.com\/josperofficial\/","https:\/\/x.com\/JosperOfficial"]}]}},"_links":{"self":[{"href":"https:\/\/jospergrill.com\/es\/wp-json\/wp\/v2\/product\/35046","targetHints":{"allow":["GET"]}}],"collection":[{"href":"https:\/\/jospergrill.com\/es\/wp-json\/wp\/v2\/product"}],"about":[{"href":"https:\/\/jospergrill.com\/es\/wp-json\/wp\/v2\/types\/product"}],"replies":[{"embeddable":true,"href":"https:\/\/jospergrill.com\/es\/wp-json\/wp\/v2\/comments?post=35046"}],"wp:featuredmedia":[{"embeddable":true,"href":"https:\/\/jospergrill.com\/es\/wp-json\/wp\/v2\/media\/35600"}],"wp:attachment":[{"href":"https:\/\/jospergrill.com\/es\/wp-json\/wp\/v2\/media?parent=35046"}],"wp:term":[{"taxonomy":"product_brand","embeddable":true,"href":"https:\/\/jospergrill.com\/es\/wp-json\/wp\/v2\/product_brand?post=35046"},{"taxonomy":"product_cat","embeddable":true,"href":"https:\/\/jospergrill.com\/es\/wp-json\/wp\/v2\/product_cat?post=35046"},{"taxonomy":"product_tag","embeddable":true,"href":"https:\/\/jospergrill.com\/es\/wp-json\/wp\/v2\/product_tag?post=35046"}],"curies":[{"name":"wp","href":"https:\/\/api.w.org\/{rel}","templated":true}]}}