{"id":8972,"date":"2019-07-12T14:26:42","date_gmt":"2019-07-12T14:26:42","guid":{"rendered":"http:\/\/jospergrill.com\/?page_id=8972"},"modified":"2020-01-09T12:51:40","modified_gmt":"2020-01-09T12:51:40","slug":"distribuidores-oficiales","status":"publish","type":"page","link":"https:\/\/jospergrill.com\/es\/distribuidores-oficiales\/","title":{"rendered":"Distribuidores <br>Oficiales"},"content":{"rendered":"\t\t<div data-elementor-type=\"wp-page\" data-elementor-id=\"8972\" class=\"elementor elementor-8972\" data-elementor-post-type=\"page\">\n\t\t\t\t\t\t<section class=\"elementor-section elementor-top-section elementor-element elementor-element-f83ce9f elementor-section-boxed elementor-section-height-default elementor-section-height-default\" data-id=\"f83ce9f\" data-element_type=\"section\" data-e-type=\"section\" data-settings=\"{&quot;jet_parallax_layout_list&quot;:[{&quot;jet_parallax_layout_image&quot;:{&quot;url&quot;:&quot;&quot;,&quot;id&quot;:&quot;&quot;,&quot;size&quot;:&quot;&quot;},&quot;_id&quot;:&quot;f628d0d&quot;,&quot;jet_parallax_layout_image_tablet&quot;:{&quot;url&quot;:&quot;&quot;,&quot;id&quot;:&quot;&quot;,&quot;size&quot;:&quot;&quot;},&quot;jet_parallax_layout_image_mobile&quot;:{&quot;url&quot;:&quot;&quot;,&quot;id&quot;:&quot;&quot;,&quot;size&quot;:&quot;&quot;},&quot;jet_parallax_layout_speed&quot;:{&quot;unit&quot;:&quot;%&quot;,&quot;size&quot;:50,&quot;sizes&quot;:[]},&quot;jet_parallax_layout_type&quot;:&quot;scroll&quot;,&quot;jet_parallax_layout_z_index&quot;:&quot;&quot;,&quot;jet_parallax_layout_bg_x&quot;:50,&quot;jet_parallax_layout_bg_y&quot;:50,&quot;jet_parallax_layout_bg_size&quot;:&quot;auto&quot;,&quot;jet_parallax_layout_animation_prop&quot;:&quot;transform&quot;,&quot;jet_parallax_layout_on&quot;:[&quot;desktop&quot;,&quot;tablet&quot;],&quot;jet_parallax_layout_direction&quot;:&quot;1&quot;,&quot;jet_parallax_layout_fx_direction&quot;:null,&quot;jet_parallax_layout_bg_x_tablet&quot;:&quot;&quot;,&quot;jet_parallax_layout_bg_x_mobile&quot;:&quot;&quot;,&quot;jet_parallax_layout_bg_y_tablet&quot;:&quot;&quot;,&quot;jet_parallax_layout_bg_y_mobile&quot;:&quot;&quot;,&quot;jet_parallax_layout_bg_size_tablet&quot;:&quot;&quot;,&quot;jet_parallax_layout_bg_size_mobile&quot;:&quot;&quot;}],&quot;background_background&quot;:&quot;classic&quot;}\">\n\t\t\t\t\t\t\t<div class=\"elementor-background-overlay\"><\/div>\n\t\t\t\t\t\t\t<div class=\"elementor-container elementor-column-gap-default\">\n\t\t\t\t\t<div class=\"elementor-column elementor-col-50 elementor-top-column elementor-element elementor-element-3f59a03\" data-id=\"3f59a03\" data-element_type=\"column\" data-e-type=\"column\">\n\t\t\t<div class=\"elementor-widget-wrap elementor-element-populated\">\n\t\t\t\t\t\t<div class=\"elementor-element elementor-element-60b3b62 elementor-widget elementor-widget-heading\" data-id=\"60b3b62\" data-element_type=\"widget\" data-e-type=\"widget\" data-widget_type=\"heading.default\">\n\t\t\t\t<div class=\"elementor-widget-container\">\n\t\t\t\t\t<h2 class=\"elementor-heading-title elementor-size-default\">Distribuidores <br>Oficiales<\/h2>\t\t\t\t<\/div>\n\t\t\t\t<\/div>\n\t\t\t\t<section class=\"elementor-section elementor-inner-section elementor-element elementor-element-de305e1 elementor-section-boxed elementor-section-height-default elementor-section-height-default\" data-id=\"de305e1\" data-element_type=\"section\" data-e-type=\"section\" data-settings=\"{&quot;jet_parallax_layout_list&quot;:[{&quot;jet_parallax_layout_image&quot;:{&quot;url&quot;:&quot;&quot;,&quot;id&quot;:&quot;&quot;,&quot;size&quot;:&quot;&quot;},&quot;_id&quot;:&quot;5a5a632&quot;,&quot;jet_parallax_layout_image_tablet&quot;:{&quot;url&quot;:&quot;&quot;,&quot;id&quot;:&quot;&quot;,&quot;size&quot;:&quot;&quot;},&quot;jet_parallax_layout_image_mobile&quot;:{&quot;url&quot;:&quot;&quot;,&quot;id&quot;:&quot;&quot;,&quot;size&quot;:&quot;&quot;},&quot;jet_parallax_layout_speed&quot;:{&quot;unit&quot;:&quot;%&quot;,&quot;size&quot;:50,&quot;sizes&quot;:[]},&quot;jet_parallax_layout_type&quot;:&quot;scroll&quot;,&quot;jet_parallax_layout_z_index&quot;:&quot;&quot;,&quot;jet_parallax_layout_bg_x&quot;:50,&quot;jet_parallax_layout_bg_y&quot;:50,&quot;jet_parallax_layout_bg_size&quot;:&quot;auto&quot;,&quot;jet_parallax_layout_animation_prop&quot;:&quot;transform&quot;,&quot;jet_parallax_layout_on&quot;:[&quot;desktop&quot;,&quot;tablet&quot;],&quot;jet_parallax_layout_direction&quot;:&quot;1&quot;,&quot;jet_parallax_layout_fx_direction&quot;:null,&quot;jet_parallax_layout_bg_x_tablet&quot;:&quot;&quot;,&quot;jet_parallax_layout_bg_x_mobile&quot;:&quot;&quot;,&quot;jet_parallax_layout_bg_y_tablet&quot;:&quot;&quot;,&quot;jet_parallax_layout_bg_y_mobile&quot;:&quot;&quot;,&quot;jet_parallax_layout_bg_size_tablet&quot;:&quot;&quot;,&quot;jet_parallax_layout_bg_size_mobile&quot;:&quot;&quot;}]}\">\n\t\t\t\t\t\t<div class=\"elementor-container elementor-column-gap-default\">\n\t\t\t\t\t<div class=\"elementor-column elementor-col-50 elementor-inner-column elementor-element elementor-element-a18ad71\" data-id=\"a18ad71\" data-element_type=\"column\" data-e-type=\"column\">\n\t\t\t<div class=\"elementor-widget-wrap elementor-element-populated\">\n\t\t\t\t\t\t<div class=\"elementor-element elementor-element-9d03d9c elementor-widget elementor-widget-image\" data-id=\"9d03d9c\" data-element_type=\"widget\" data-e-type=\"widget\" data-widget_type=\"image.default\">\n\t\t\t\t<div class=\"elementor-widget-container\">\n\t\t\t\t\t\t\t\t\t\t\t\t\t\t\t<img decoding=\"async\" width=\"200\" height=\"200\" src=\"https:\/\/jospergrill.com\/wp-content\/uploads\/2019\/05\/escudo-josper.png\" class=\"attachment-full size-full wp-image-5627\" alt=\"\" srcset=\"https:\/\/jospergrill.com\/wp-content\/uploads\/2019\/05\/escudo-josper.png 200w, https:\/\/jospergrill.com\/wp-content\/uploads\/2019\/05\/escudo-josper-100x100.png 100w, https:\/\/jospergrill.com\/wp-content\/uploads\/2019\/05\/escudo-josper-150x150.png 150w, https:\/\/jospergrill.com\/wp-content\/uploads\/2019\/05\/escudo-josper-64x64.png 64w\" sizes=\"(max-width: 200px) 100vw, 200px\" \/>\t\t\t\t\t\t\t\t\t\t\t\t\t\t\t<\/div>\n\t\t\t\t<\/div>\n\t\t\t\t\t<\/div>\n\t\t<\/div>\n\t\t\t\t<div class=\"elementor-column elementor-col-50 elementor-inner-column elementor-element elementor-element-44968af\" data-id=\"44968af\" data-element_type=\"column\" data-e-type=\"column\">\n\t\t\t<div class=\"elementor-widget-wrap elementor-element-populated\">\n\t\t\t\t\t\t<div class=\"elementor-element elementor-element-e6f8e07 elementor-widget elementor-widget-text-editor\" data-id=\"e6f8e07\" data-element_type=\"widget\" data-e-type=\"widget\" data-widget_type=\"text-editor.default\">\n\t\t\t\t<div class=\"elementor-widget-container\">\n\t\t\t\t\t\t\t\t\t<p><a href=\"https:\/\/www.google.com\/maps\/place\/Josper+Hornos+de+Brasa\/@41.6245082,2.668997,15z\/data=!4m2!3m1!1s0x0:0x6234d432955a8ce3?sa=X&amp;ved=2ahUKEwjo47ni4pjiAhUoz4UKHaB9BwAQ_BIwDnoECAwQCA\" target=\"_blank\" rel=\"noopener\">Josper, S.A.U. Gutenberg, 11<\/a><a href=\"https:\/\/www.google.com\/maps\/place\/Josper+Hornos+de+Brasa\/@41.6245082,2.668997,15z\/data=!4m2!3m1!1s0x0:0x6234d432955a8ce3?sa=X&amp;ved=2ahUKEwjo47ni4pjiAhUoz4UKHaB9BwAQ_BIwDnoECAwQCA\" target=\"_blank\" rel=\"noopener\"><br \/>Pol. Ind. Mas Roger<br \/>08397 Pineda de Mar (Barcelona)<\/a><\/p>\t\t\t\t\t\t\t\t<\/div>\n\t\t\t\t<\/div>\n\t\t\t\t<div class=\"elementor-element elementor-element-834e824 elementor-widget elementor-widget-text-editor\" data-id=\"834e824\" data-element_type=\"widget\" data-e-type=\"widget\" data-widget_type=\"text-editor.default\">\n\t\t\t\t<div class=\"elementor-widget-container\">\n\t\t\t\t\t\t\t\t\t<p>Para m\u00e1s informaci\u00f3n:<br \/><a href=\"tel:+34 937 671 516\" target=\"_blank\" rel=\"noopener\">+34 937 671 516<\/a><br \/><a href=\"mailto:josper@jospergrill.com\" target=\"_blank\" rel=\"noopener\">josper@jospergrill.com<\/a><\/p>\t\t\t\t\t\t\t\t<\/div>\n\t\t\t\t<\/div>\n\t\t\t\t<div class=\"elementor-element elementor-element-e716170 elementor-widget elementor-widget-image\" data-id=\"e716170\" data-element_type=\"widget\" data-e-type=\"widget\" data-widget_type=\"image.default\">\n\t\t\t\t<div class=\"elementor-widget-container\">\n\t\t\t\t\t\t\t\t\t\t\t\t\t\t\t<img fetchpriority=\"high\" decoding=\"async\" width=\"1000\" height=\"167\" src=\"https:\/\/jospergrill.com\/wp-content\/uploads\/2019\/05\/Middleby-logo.png\" class=\"attachment-full size-full wp-image-8968\" alt=\"\" srcset=\"https:\/\/jospergrill.com\/wp-content\/uploads\/2019\/05\/Middleby-logo.png 1000w, https:\/\/jospergrill.com\/wp-content\/uploads\/2019\/05\/Middleby-logo-720x120.png 720w, https:\/\/jospergrill.com\/wp-content\/uploads\/2019\/05\/Middleby-logo-300x50.png 300w, https:\/\/jospergrill.com\/wp-content\/uploads\/2019\/05\/Middleby-logo-768x128.png 768w, https:\/\/jospergrill.com\/wp-content\/uploads\/2019\/05\/Middleby-logo-64x11.png 64w\" sizes=\"(max-width: 1000px) 100vw, 1000px\" \/>\t\t\t\t\t\t\t\t\t\t\t\t\t\t\t<\/div>\n\t\t\t\t<\/div>\n\t\t\t\t<div class=\"elementor-element elementor-element-efae8f1 elementor-widget__width-initial elementor-widget elementor-widget-image\" data-id=\"efae8f1\" data-element_type=\"widget\" data-e-type=\"widget\" data-widget_type=\"image.default\">\n\t\t\t\t<div class=\"elementor-widget-container\">\n\t\t\t\t\t\t\t\t\t\t\t\t\t\t\t<img decoding=\"async\" width=\"652\" height=\"193\" src=\"https:\/\/jospergrill.com\/wp-content\/uploads\/sellos-josper-1.png\" class=\"attachment-large size-large wp-image-10232\" alt=\"\" srcset=\"https:\/\/jospergrill.com\/wp-content\/uploads\/sellos-josper-1.png 652w, https:\/\/jospergrill.com\/wp-content\/uploads\/sellos-josper-1-300x89.png 300w\" sizes=\"(max-width: 652px) 100vw, 652px\" \/>\t\t\t\t\t\t\t\t\t\t\t\t\t\t\t<\/div>\n\t\t\t\t<\/div>\n\t\t\t\t<div class=\"elementor-element elementor-element-a1c73f5 elementor-widget__width-initial elementor-widget elementor-widget-image\" data-id=\"a1c73f5\" data-element_type=\"widget\" data-e-type=\"widget\" data-widget_type=\"image.default\">\n\t\t\t\t<div class=\"elementor-widget-container\">\n\t\t\t\t\t\t\t\t\t\t\t\t\t\t\t<img loading=\"lazy\" decoding=\"async\" width=\"864\" height=\"193\" src=\"https:\/\/jospergrill.com\/wp-content\/uploads\/sello-josper-3.png\" class=\"attachment-large size-large wp-image-10234\" alt=\"\" srcset=\"https:\/\/jospergrill.com\/wp-content\/uploads\/sello-josper-3.png 864w, https:\/\/jospergrill.com\/wp-content\/uploads\/sello-josper-3-720x161.png 720w, https:\/\/jospergrill.com\/wp-content\/uploads\/sello-josper-3-300x67.png 300w, https:\/\/jospergrill.com\/wp-content\/uploads\/sello-josper-3-768x172.png 768w\" sizes=\"(max-width: 864px) 100vw, 864px\" \/>\t\t\t\t\t\t\t\t\t\t\t\t\t\t\t<\/div>\n\t\t\t\t<\/div>\n\t\t\t\t<div class=\"elementor-element elementor-element-93faadb elementor-widget__width-initial elementor-widget elementor-widget-image\" data-id=\"93faadb\" data-element_type=\"widget\" data-e-type=\"widget\" data-widget_type=\"image.default\">\n\t\t\t\t<div class=\"elementor-widget-container\">\n\t\t\t\t\t\t\t\t\t\t\t\t\t\t\t<img loading=\"lazy\" decoding=\"async\" width=\"707\" height=\"193\" src=\"https:\/\/jospergrill.com\/wp-content\/uploads\/sellos-josper-4.png\" class=\"attachment-large size-large wp-image-10222\" alt=\"\" srcset=\"https:\/\/jospergrill.com\/wp-content\/uploads\/sellos-josper-4.png 707w, https:\/\/jospergrill.com\/wp-content\/uploads\/sellos-josper-4-300x82.png 300w\" sizes=\"(max-width: 707px) 100vw, 707px\" \/>\t\t\t\t\t\t\t\t\t\t\t\t\t\t\t<\/div>\n\t\t\t\t<\/div>\n\t\t\t\t\t<\/div>\n\t\t<\/div>\n\t\t\t\t\t<\/div>\n\t\t<\/section>\n\t\t\t\t\t<\/div>\n\t\t<\/div>\n\t\t\t\t<div class=\"elementor-column elementor-col-50 elementor-top-column elementor-element elementor-element-f53256d\" data-id=\"f53256d\" data-element_type=\"column\" data-e-type=\"column\">\n\t\t\t<div class=\"elementor-widget-wrap elementor-element-populated\">\n\t\t\t\t\t\t<div class=\"elementor-element elementor-element-4f944cc elementor-widget elementor-widget-heading\" data-id=\"4f944cc\" data-element_type=\"widget\" data-e-type=\"widget\" data-widget_type=\"heading.default\">\n\t\t\t\t<div class=\"elementor-widget-container\">\n\t\t\t\t\t<h3 class=\"elementor-heading-title elementor-size-default\">Disponemos de una red de distribuidores autorizados y chefs consultores por todo el mundo.<\/h3>\t\t\t\t<\/div>\n\t\t\t\t<\/div>\n\t\t\t\t<div class=\"elementor-element elementor-element-7cd26d4 elementor-widget elementor-widget-text-editor\" data-id=\"7cd26d4\" data-element_type=\"widget\" data-e-type=\"widget\" data-widget_type=\"text-editor.default\">\n\t\t\t\t<div class=\"elementor-widget-container\">\n\t\t\t\t\t\t\t\t\t<p>Josper fabrica desde hace m\u00e1s de 50 a\u00f1os la base del mismo producto, combinando la tradici\u00f3n y los conocimientos de los artesanos locales con las m\u00e1s innovadoras tecnolog\u00edas de dise\u00f1o y producci\u00f3n, para conseguir un producto \u00fanico en el mercado.<\/p>\n<p><!-- \/wp:paragraph --><!-- wp:paragraph --><\/p>\n<p>Actualmente estamos presentes en m\u00e1s de 120 pa\u00edses en los 5 continentes y disponemos de una red de distribuidores autorizados que garantizan la calidad de nuestro producto por todo el mundo.<\/p>\n<p><!-- \/wp:paragraph --><!-- wp:paragraph --><\/p>\n<p>Para conocer el distribuidor autorizado Josper en tu zona, por favor rellena el siguiente <a href=\"https:\/\/jospergrill.com\/contacto\/\"><strong>formulario<\/strong><\/a> y en breve responderemos a tu consulta.<\/p>\t\t\t\t\t\t\t\t<\/div>\n\t\t\t\t<\/div>\n\t\t\t\t<div class=\"elementor-element elementor-element-1edf4a5 elementor-widget elementor-widget-button\" data-id=\"1edf4a5\" data-element_type=\"widget\" data-e-type=\"widget\" data-widget_type=\"button.default\">\n\t\t\t\t<div class=\"elementor-widget-container\">\n\t\t\t\t\t\t\t\t\t<div class=\"elementor-button-wrapper\">\n\t\t\t\t\t<a class=\"elementor-button elementor-button-link elementor-size-md\" href=\"https:\/\/jospergrill.com\/contacto\/\">\n\t\t\t\t\t\t<span class=\"elementor-button-content-wrapper\">\n\t\t\t\t\t\t\t\t\t<span class=\"elementor-button-text\">Consulta tu distribuidor oficial<\/span>\n\t\t\t\t\t<\/span>\n\t\t\t\t\t<\/a>\n\t\t\t\t<\/div>\n\t\t\t\t\t\t\t\t<\/div>\n\t\t\t\t<\/div>\n\t\t\t\t\t<\/div>\n\t\t<\/div>\n\t\t\t\t\t<\/div>\n\t\t<\/section>\n\t\t\t\t<\/div>\n\t\t","protected":false},"excerpt":{"rendered":"<p>Josper, S.A.U. Gutenberg, 11Pol. Ind. Mas Roger08397 Pineda de Mar (Barcelona) Para m\u00e1s informaci\u00f3n:+34 937 671 516josper@jospergrill.com Disponemos de una red de distribuidores autorizados y chefs consultores por todo el mundo. Josper fabrica desde hace m\u00e1s de 50 a\u00f1os la base del mismo producto, combinando la tradici\u00f3n y los conocimientos de los artesanos locales con [&hellip;]<\/p>\n","protected":false},"author":16,"featured_media":0,"parent":0,"menu_order":0,"comment_status":"closed","ping_status":"closed","template":"elementor_header_footer","meta":{"_acf_changed":false,"site-sidebar-layout":"default","site-content-layout":"default","ast-site-content-layout":"default","site-content-style":"default","site-sidebar-style":"default","ast-global-header-display":"","ast-banner-title-visibility":"","ast-main-header-display":"","ast-hfb-above-header-display":"","ast-hfb-below-header-display":"","ast-hfb-mobile-header-display":"","site-post-title":"","ast-breadcrumbs-content":"","ast-featured-img":"","footer-sml-layout":"","ast-disable-related-posts":"","theme-transparent-header-meta":"default","adv-header-id-meta":"","stick-header-meta":"default","header-above-stick-meta":"","header-main-stick-meta":"","header-below-stick-meta":"","astra-migrate-meta-layouts":"default","ast-page-background-enabled":"default","ast-page-background-meta":{"desktop":{"background-color":"","background-image":"","background-repeat":"repeat","background-position":"center center","background-size":"auto","background-attachment":"scroll","background-type":"","background-media":"","overlay-type":"","overlay-color":"","overlay-opacity":"","overlay-gradient":""},"tablet":{"background-color":"","background-image":"","background-repeat":"repeat","background-position":"center center","background-size":"auto","background-attachment":"scroll","background-type":"","background-media":"","overlay-type":"","overlay-color":"","overlay-opacity":"","overlay-gradient":""},"mobile":{"background-color":"","background-image":"","background-repeat":"repeat","background-position":"center center","background-size":"auto","background-attachment":"scroll","background-type":"","background-media":"","overlay-type":"","overlay-color":"","overlay-opacity":"","overlay-gradient":""}},"ast-content-background-meta":{"desktop":{"background-color":"var(--ast-global-color-5)","background-image":"","background-repeat":"repeat","background-position":"center center","background-size":"auto","background-attachment":"scroll","background-type":"","background-media":"","overlay-type":"","overlay-color":"","overlay-opacity":"","overlay-gradient":""},"tablet":{"background-color":"var(--ast-global-color-5)","background-image":"","background-repeat":"repeat","background-position":"center center","background-size":"auto","background-attachment":"scroll","background-type":"","background-media":"","overlay-type":"","overlay-color":"","overlay-opacity":"","overlay-gradient":""},"mobile":{"background-color":"var(--ast-global-color-5)","background-image":"","background-repeat":"repeat","background-position":"center center","background-size":"auto","background-attachment":"scroll","background-type":"","background-media":"","overlay-type":"","overlay-color":"","overlay-opacity":"","overlay-gradient":""}},"footnotes":""},"class_list":["post-8972","page","type-page","status-publish","hentry"],"acf":[],"yoast_head":"<!-- This site is optimized with the Yoast SEO plugin v27.6 - https:\/\/yoast.com\/product\/yoast-seo-wordpress\/ -->\n<title>Distribuidores Oficiales Josper | Hornos Brasa JOSPER<\/title>\n<meta name=\"description\" content=\"En Josper disponemos de una red de distribuidores autorizados y chefs consultores por todo el mundo. Conoce el distribuidor autorizado Josper en tu zona.\" \/>\n<meta name=\"robots\" content=\"index, follow, max-snippet:-1, max-image-preview:large, max-video-preview:-1\" \/>\n<link rel=\"canonical\" href=\"https:\/\/jospergrill.com\/es\/distribuidores-oficiales\/\" \/>\n<meta property=\"og:locale\" content=\"es_ES\" \/>\n<meta property=\"og:type\" content=\"article\" \/>\n<meta property=\"og:title\" content=\"Distribuidores Oficiales Josper | Hornos Brasa JOSPER\" \/>\n<meta property=\"og:description\" content=\"En Josper disponemos de una red de distribuidores autorizados y chefs consultores por todo el mundo. Conoce el distribuidor autorizado Josper en tu zona.\" \/>\n<meta property=\"og:url\" content=\"https:\/\/jospergrill.com\/es\/distribuidores-oficiales\/\" \/>\n<meta property=\"og:site_name\" content=\"Josper\" \/>\n<meta property=\"article:publisher\" content=\"https:\/\/www.facebook.com\/josperofficial\/\" \/>\n<meta property=\"article:modified_time\" content=\"2020-01-09T12:51:40+00:00\" \/>\n<meta property=\"og:image\" content=\"https:\/\/jospergrill.com\/\/wp-content\/uploads\/2019\/05\/escudo-josper.png\" \/>\n<meta name=\"twitter:card\" content=\"summary_large_image\" \/>\n<meta name=\"twitter:site\" content=\"@JosperOfficial\" \/>\n<meta name=\"twitter:label1\" content=\"Tiempo de lectura\" \/>\n\t<meta name=\"twitter:data1\" content=\"1 minuto\" \/>\n<script type=\"application\/ld+json\" class=\"yoast-schema-graph\">{\"@context\":\"https:\\\/\\\/schema.org\",\"@graph\":[{\"@type\":\"WebPage\",\"@id\":\"https:\\\/\\\/jospergrill.com\\\/es\\\/distribuidores-oficiales\\\/\",\"url\":\"https:\\\/\\\/jospergrill.com\\\/es\\\/distribuidores-oficiales\\\/\",\"name\":\"Distribuidores Oficiales Josper | Hornos Brasa JOSPER\",\"isPartOf\":{\"@id\":\"https:\\\/\\\/jospergrill.com\\\/es\\\/#website\"},\"primaryImageOfPage\":{\"@id\":\"https:\\\/\\\/jospergrill.com\\\/es\\\/distribuidores-oficiales\\\/#primaryimage\"},\"image\":{\"@id\":\"https:\\\/\\\/jospergrill.com\\\/es\\\/distribuidores-oficiales\\\/#primaryimage\"},\"thumbnailUrl\":\"https:\\\/\\\/jospergrill.com\\\/\\\/wp-content\\\/uploads\\\/2019\\\/05\\\/escudo-josper.png\",\"datePublished\":\"2019-07-12T14:26:42+00:00\",\"dateModified\":\"2020-01-09T12:51:40+00:00\",\"description\":\"En Josper disponemos de una red de distribuidores autorizados y chefs consultores por todo el mundo. Conoce el distribuidor autorizado Josper en tu zona.\",\"breadcrumb\":{\"@id\":\"https:\\\/\\\/jospergrill.com\\\/es\\\/distribuidores-oficiales\\\/#breadcrumb\"},\"inLanguage\":\"es\",\"potentialAction\":[{\"@type\":\"ReadAction\",\"target\":[\"https:\\\/\\\/jospergrill.com\\\/es\\\/distribuidores-oficiales\\\/\"]}]},{\"@type\":\"ImageObject\",\"inLanguage\":\"es\",\"@id\":\"https:\\\/\\\/jospergrill.com\\\/es\\\/distribuidores-oficiales\\\/#primaryimage\",\"url\":\"https:\\\/\\\/jospergrill.com\\\/\\\/wp-content\\\/uploads\\\/2019\\\/05\\\/escudo-josper.png\",\"contentUrl\":\"https:\\\/\\\/jospergrill.com\\\/\\\/wp-content\\\/uploads\\\/2019\\\/05\\\/escudo-josper.png\"},{\"@type\":\"BreadcrumbList\",\"@id\":\"https:\\\/\\\/jospergrill.com\\\/es\\\/distribuidores-oficiales\\\/#breadcrumb\",\"itemListElement\":[{\"@type\":\"ListItem\",\"position\":1,\"name\":\"Home\",\"item\":\"https:\\\/\\\/jospergrill.com\\\/es\\\/\"},{\"@type\":\"ListItem\",\"position\":2,\"name\":\"Distribuidores Oficiales\"}]},{\"@type\":\"WebSite\",\"@id\":\"https:\\\/\\\/jospergrill.com\\\/es\\\/#website\",\"url\":\"https:\\\/\\\/jospergrill.com\\\/es\\\/\",\"name\":\"Josper\",\"description\":\"Passion for Grilling\",\"publisher\":{\"@id\":\"https:\\\/\\\/jospergrill.com\\\/es\\\/#organization\"},\"potentialAction\":[{\"@type\":\"SearchAction\",\"target\":{\"@type\":\"EntryPoint\",\"urlTemplate\":\"https:\\\/\\\/jospergrill.com\\\/es\\\/?s={search_term_string}\"},\"query-input\":{\"@type\":\"PropertyValueSpecification\",\"valueRequired\":true,\"valueName\":\"search_term_string\"}}],\"inLanguage\":\"es\"},{\"@type\":\"Organization\",\"@id\":\"https:\\\/\\\/jospergrill.com\\\/es\\\/#organization\",\"name\":\"Josper\",\"url\":\"https:\\\/\\\/jospergrill.com\\\/es\\\/\",\"logo\":{\"@type\":\"ImageObject\",\"inLanguage\":\"es\",\"@id\":\"https:\\\/\\\/jospergrill.com\\\/es\\\/#\\\/schema\\\/logo\\\/image\\\/\",\"url\":\"https:\\\/\\\/jospergrill.com\\\/wp-content\\\/uploads\\\/josper-logo-escudo.png\",\"contentUrl\":\"https:\\\/\\\/jospergrill.com\\\/wp-content\\\/uploads\\\/josper-logo-escudo.png\",\"width\":112,\"height\":144,\"caption\":\"Josper\"},\"image\":{\"@id\":\"https:\\\/\\\/jospergrill.com\\\/es\\\/#\\\/schema\\\/logo\\\/image\\\/\"},\"sameAs\":[\"https:\\\/\\\/www.facebook.com\\\/josperofficial\\\/\",\"https:\\\/\\\/x.com\\\/JosperOfficial\"]}]}<\/script>\n<!-- \/ Yoast SEO plugin. -->","yoast_head_json":{"title":"Distribuidores Oficiales Josper | Hornos Brasa JOSPER","description":"En Josper disponemos de una red de distribuidores autorizados y chefs consultores por todo el mundo. Conoce el distribuidor autorizado Josper en tu zona.","robots":{"index":"index","follow":"follow","max-snippet":"max-snippet:-1","max-image-preview":"max-image-preview:large","max-video-preview":"max-video-preview:-1"},"canonical":"https:\/\/jospergrill.com\/es\/distribuidores-oficiales\/","og_locale":"es_ES","og_type":"article","og_title":"Distribuidores Oficiales Josper | Hornos Brasa JOSPER","og_description":"En Josper disponemos de una red de distribuidores autorizados y chefs consultores por todo el mundo. Conoce el distribuidor autorizado Josper en tu zona.","og_url":"https:\/\/jospergrill.com\/es\/distribuidores-oficiales\/","og_site_name":"Josper","article_publisher":"https:\/\/www.facebook.com\/josperofficial\/","article_modified_time":"2020-01-09T12:51:40+00:00","og_image":[{"url":"https:\/\/jospergrill.com\/\/wp-content\/uploads\/2019\/05\/escudo-josper.png","type":"","width":"","height":""}],"twitter_card":"summary_large_image","twitter_site":"@JosperOfficial","twitter_misc":{"Tiempo de lectura":"1 minuto"},"schema":{"@context":"https:\/\/schema.org","@graph":[{"@type":"WebPage","@id":"https:\/\/jospergrill.com\/es\/distribuidores-oficiales\/","url":"https:\/\/jospergrill.com\/es\/distribuidores-oficiales\/","name":"Distribuidores Oficiales Josper | Hornos Brasa JOSPER","isPartOf":{"@id":"https:\/\/jospergrill.com\/es\/#website"},"primaryImageOfPage":{"@id":"https:\/\/jospergrill.com\/es\/distribuidores-oficiales\/#primaryimage"},"image":{"@id":"https:\/\/jospergrill.com\/es\/distribuidores-oficiales\/#primaryimage"},"thumbnailUrl":"https:\/\/jospergrill.com\/\/wp-content\/uploads\/2019\/05\/escudo-josper.png","datePublished":"2019-07-12T14:26:42+00:00","dateModified":"2020-01-09T12:51:40+00:00","description":"En Josper disponemos de una red de distribuidores autorizados y chefs consultores por todo el mundo. Conoce el distribuidor autorizado Josper en tu zona.","breadcrumb":{"@id":"https:\/\/jospergrill.com\/es\/distribuidores-oficiales\/#breadcrumb"},"inLanguage":"es","potentialAction":[{"@type":"ReadAction","target":["https:\/\/jospergrill.com\/es\/distribuidores-oficiales\/"]}]},{"@type":"ImageObject","inLanguage":"es","@id":"https:\/\/jospergrill.com\/es\/distribuidores-oficiales\/#primaryimage","url":"https:\/\/jospergrill.com\/\/wp-content\/uploads\/2019\/05\/escudo-josper.png","contentUrl":"https:\/\/jospergrill.com\/\/wp-content\/uploads\/2019\/05\/escudo-josper.png"},{"@type":"BreadcrumbList","@id":"https:\/\/jospergrill.com\/es\/distribuidores-oficiales\/#breadcrumb","itemListElement":[{"@type":"ListItem","position":1,"name":"Home","item":"https:\/\/jospergrill.com\/es\/"},{"@type":"ListItem","position":2,"name":"Distribuidores Oficiales"}]},{"@type":"WebSite","@id":"https:\/\/jospergrill.com\/es\/#website","url":"https:\/\/jospergrill.com\/es\/","name":"Josper","description":"Passion for Grilling","publisher":{"@id":"https:\/\/jospergrill.com\/es\/#organization"},"potentialAction":[{"@type":"SearchAction","target":{"@type":"EntryPoint","urlTemplate":"https:\/\/jospergrill.com\/es\/?s={search_term_string}"},"query-input":{"@type":"PropertyValueSpecification","valueRequired":true,"valueName":"search_term_string"}}],"inLanguage":"es"},{"@type":"Organization","@id":"https:\/\/jospergrill.com\/es\/#organization","name":"Josper","url":"https:\/\/jospergrill.com\/es\/","logo":{"@type":"ImageObject","inLanguage":"es","@id":"https:\/\/jospergrill.com\/es\/#\/schema\/logo\/image\/","url":"https:\/\/jospergrill.com\/wp-content\/uploads\/josper-logo-escudo.png","contentUrl":"https:\/\/jospergrill.com\/wp-content\/uploads\/josper-logo-escudo.png","width":112,"height":144,"caption":"Josper"},"image":{"@id":"https:\/\/jospergrill.com\/es\/#\/schema\/logo\/image\/"},"sameAs":["https:\/\/www.facebook.com\/josperofficial\/","https:\/\/x.com\/JosperOfficial"]}]}},"_links":{"self":[{"href":"https:\/\/jospergrill.com\/es\/wp-json\/wp\/v2\/pages\/8972","targetHints":{"allow":["GET"]}}],"collection":[{"href":"https:\/\/jospergrill.com\/es\/wp-json\/wp\/v2\/pages"}],"about":[{"href":"https:\/\/jospergrill.com\/es\/wp-json\/wp\/v2\/types\/page"}],"author":[{"embeddable":true,"href":"https:\/\/jospergrill.com\/es\/wp-json\/wp\/v2\/users\/16"}],"replies":[{"embeddable":true,"href":"https:\/\/jospergrill.com\/es\/wp-json\/wp\/v2\/comments?post=8972"}],"version-history":[{"count":0,"href":"https:\/\/jospergrill.com\/es\/wp-json\/wp\/v2\/pages\/8972\/revisions"}],"wp:attachment":[{"href":"https:\/\/jospergrill.com\/es\/wp-json\/wp\/v2\/media?parent=8972"}],"curies":[{"name":"wp","href":"https:\/\/api.w.org\/{rel}","templated":true}]}}