{"id":5890,"date":"2019-05-16T17:18:34","date_gmt":"2019-05-16T17:18:34","guid":{"rendered":"http:\/\/jospergrill.com\/?page_id=5890"},"modified":"2025-09-30T14:13:13","modified_gmt":"2025-09-30T14:13:13","slug":"politica-de-calidad","status":"publish","type":"page","link":"https:\/\/jospergrill.com\/es\/politica-de-calidad\/","title":{"rendered":"Pol\u00edtica de Calidad"},"content":{"rendered":"\n<h3 class=\"wp-block-heading\">Calidad Josper \u00ae<\/h3>\n\n\n\n<p><\/p>\n\n\n\n<p>Para la fabricaci\u00f3n de un Josper utilizamos las mejores aleaciones de acero de alta tecnolog\u00eda formulados por y para Josper. Esto nos permite garantizar que nuestro producto pueda trabajar continuamente a una media de entre 300\u00ba y 350\u00ba.<\/p>\n\n\n\n<p>Toda nuestra calidad queda reflejada con nuestros sellos de homologaci\u00f3n (CE, UL, NSF, GOST, TR\u2026 ) y con el cumplimiento de las m\u00e1s estrictas normas de seguridad, higiene y medioambientales a nivel mundial.<\/p>\n\n\n\n<p>La actividad que JOSPER\u00ae, S.A.U. considera conformes a la calidad exigida seg\u00fan la Norma Internacional ISO 9001:2015 es:<\/p>\n\n\n\n<p><strong>Dise\u00f1o, Ensamblaje, Comercializaci\u00f3n, Puesta en Marcha y Asistencia T\u00e9cnica de hornos de brasa. Comercializaci\u00f3n de carb\u00f3n vegetal y pastillas de combusti\u00f3n. Comercializaci\u00f3n de productos y accesorios de menaje para hornos.<\/strong><br><\/p>\n\n\n\n<h3 class=\"wp-block-heading\">La declaraci\u00f3n de Pol\u00edtica recoge como l\u00edneas maestras:<\/h3>\n\n\n\n<p><\/p>\n\n\n<a href=\"https:\/\/jospergrill.com\/wp-content\/uploads\/2_Politica_5Ed.pdf\" class=\"pdfemb-viewer\" style=\"\" data-width=\"max\" data-height=\"max\" data-toolbar=\"bottom\" data-toolbar-fixed=\"off\">2_Politica_5Ed<\/a>\n\n\n<p>La Direcci\u00f3n hace esta pol\u00edtica accesible y la pone a disposici\u00f3n de sus clientes, todos sus empleados, proveedores y para el p\u00fablico en general.<\/p>\n\n\n\n<p>La Pol\u00edtica se mantiene al d\u00eda mediante revisiones peri\u00f3dicas, coincidiendo con las revisiones del sistema por parte de la Direcci\u00f3n, con el fin de que tenga en cuenta los cambios en las condiciones del entorno y la informaci\u00f3n recibida. En ese sentido la Direcci\u00f3n proporciona y proporcionar\u00e1 todos los medios humanos, t\u00e9cnicos y econ\u00f3micos necesarios para alcanzar los objetivos y metas que se establezcan programada y peri\u00f3dicamente.<\/p>\n\n\n\n<p>Bakri Bouchi<br>Director General<\/p>\n\n\n\n<figure class=\"wp-block-image is-resized\"><img decoding=\"async\" src=\"https:\/\/jospergrill.com\/\/wp-content\/uploads\/2019\/03\/certification-ce-ul-nsf.svg\" alt=\"\" class=\"wp-image-9305\" style=\"width:106px;height:24px\"\/><\/figure>\n","protected":false},"excerpt":{"rendered":"<p>Calidad Josper \u00ae Para la fabricaci\u00f3n de un Josper utilizamos las mejores aleaciones de acero de alta tecnolog\u00eda formulados por y para Josper. Esto nos permite garantizar que nuestro producto pueda trabajar continuamente a una media de entre 300\u00ba y 350\u00ba. Toda nuestra calidad queda reflejada con nuestros sellos de homologaci\u00f3n (CE, UL, NSF, GOST, [&hellip;]<\/p>\n","protected":false},"author":16,"featured_media":0,"parent":0,"menu_order":0,"comment_status":"closed","ping_status":"closed","template":"","meta":{"_acf_changed":false,"site-sidebar-layout":"default","site-content-layout":"default","ast-site-content-layout":"default","site-content-style":"default","site-sidebar-style":"default","ast-global-header-display":"","ast-banner-title-visibility":"","ast-main-header-display":"","ast-hfb-above-header-display":"","ast-hfb-below-header-display":"","ast-hfb-mobile-header-display":"","site-post-title":"","ast-breadcrumbs-content":"","ast-featured-img":"","footer-sml-layout":"","ast-disable-related-posts":"","theme-transparent-header-meta":"default","adv-header-id-meta":"","stick-header-meta":"default","header-above-stick-meta":"","header-main-stick-meta":"","header-below-stick-meta":"","astra-migrate-meta-layouts":"set","ast-page-background-enabled":"default","ast-page-background-meta":{"desktop":{"background-color":"","background-image":"","background-repeat":"repeat","background-position":"center center","background-size":"auto","background-attachment":"scroll","background-type":"","background-media":"","overlay-type":"","overlay-color":"","overlay-opacity":"","overlay-gradient":""},"tablet":{"background-color":"","background-image":"","background-repeat":"repeat","background-position":"center center","background-size":"auto","background-attachment":"scroll","background-type":"","background-media":"","overlay-type":"","overlay-color":"","overlay-opacity":"","overlay-gradient":""},"mobile":{"background-color":"","background-image":"","background-repeat":"repeat","background-position":"center center","background-size":"auto","background-attachment":"scroll","background-type":"","background-media":"","overlay-type":"","overlay-color":"","overlay-opacity":"","overlay-gradient":""}},"ast-content-background-meta":{"desktop":{"background-color":"var(--ast-global-color-5)","background-image":"","background-repeat":"repeat","background-position":"center center","background-size":"auto","background-attachment":"scroll","background-type":"","background-media":"","overlay-type":"","overlay-color":"","overlay-opacity":"","overlay-gradient":""},"tablet":{"background-color":"var(--ast-global-color-5)","background-image":"","background-repeat":"repeat","background-position":"center center","background-size":"auto","background-attachment":"scroll","background-type":"","background-media":"","overlay-type":"","overlay-color":"","overlay-opacity":"","overlay-gradient":""},"mobile":{"background-color":"var(--ast-global-color-5)","background-image":"","background-repeat":"repeat","background-position":"center center","background-size":"auto","background-attachment":"scroll","background-type":"","background-media":"","overlay-type":"","overlay-color":"","overlay-opacity":"","overlay-gradient":""}},"footnotes":""},"class_list":["post-5890","page","type-page","status-publish","hentry"],"acf":[],"yoast_head":"<!-- This site is optimized with the Yoast SEO plugin v27.4 - https:\/\/yoast.com\/product\/yoast-seo-wordpress\/ -->\n<title>Pol\u00edtica de Calidad Josper | JOSPER Hornos Brasa<\/title>\n<meta name=\"description\" content=\"El compromiso de garant\u00eda y calidad Josper, el respeto por nuestros clientes, empleados, proveedores, p\u00fablico en general y el querido medioambiente.\" \/>\n<meta name=\"robots\" content=\"index, follow, max-snippet:-1, max-image-preview:large, max-video-preview:-1\" \/>\n<link rel=\"canonical\" href=\"https:\/\/jospergrill.com\/es\/politica-de-calidad\/\" \/>\n<meta property=\"og:locale\" content=\"es_ES\" \/>\n<meta property=\"og:type\" content=\"article\" \/>\n<meta property=\"og:title\" content=\"Pol\u00edtica de Calidad Josper | JOSPER Hornos Brasa\" \/>\n<meta property=\"og:description\" content=\"El compromiso de garant\u00eda y calidad Josper, el respeto por nuestros clientes, empleados, proveedores, p\u00fablico en general y el querido medioambiente.\" \/>\n<meta property=\"og:url\" content=\"https:\/\/jospergrill.com\/es\/politica-de-calidad\/\" \/>\n<meta property=\"og:site_name\" content=\"Josper\" \/>\n<meta property=\"article:publisher\" content=\"https:\/\/www.facebook.com\/josperofficial\/\" \/>\n<meta property=\"article:modified_time\" content=\"2025-09-30T14:13:13+00:00\" \/>\n<meta name=\"twitter:card\" content=\"summary_large_image\" \/>\n<meta name=\"twitter:site\" content=\"@JosperOfficial\" \/>\n<meta name=\"twitter:label1\" content=\"Tiempo de lectura\" \/>\n\t<meta name=\"twitter:data1\" content=\"2 minutos\" \/>\n<script type=\"application\/ld+json\" class=\"yoast-schema-graph\">{\"@context\":\"https:\\\/\\\/schema.org\",\"@graph\":[{\"@type\":\"WebPage\",\"@id\":\"https:\\\/\\\/jospergrill.com\\\/es\\\/politica-de-calidad\\\/\",\"url\":\"https:\\\/\\\/jospergrill.com\\\/es\\\/politica-de-calidad\\\/\",\"name\":\"Pol\u00edtica de Calidad Josper | JOSPER Hornos Brasa\",\"isPartOf\":{\"@id\":\"https:\\\/\\\/jospergrill.com\\\/es\\\/#website\"},\"primaryImageOfPage\":{\"@id\":\"https:\\\/\\\/jospergrill.com\\\/es\\\/politica-de-calidad\\\/#primaryimage\"},\"image\":{\"@id\":\"https:\\\/\\\/jospergrill.com\\\/es\\\/politica-de-calidad\\\/#primaryimage\"},\"thumbnailUrl\":\"https:\\\/\\\/jospergrill.com\\\/\\\/wp-content\\\/uploads\\\/2019\\\/03\\\/certification-ce-ul-nsf.svg\",\"datePublished\":\"2019-05-16T17:18:34+00:00\",\"dateModified\":\"2025-09-30T14:13:13+00:00\",\"description\":\"El compromiso de garant\u00eda y calidad Josper, el respeto por nuestros clientes, empleados, proveedores, p\u00fablico en general y el querido medioambiente.\",\"breadcrumb\":{\"@id\":\"https:\\\/\\\/jospergrill.com\\\/es\\\/politica-de-calidad\\\/#breadcrumb\"},\"inLanguage\":\"es\",\"potentialAction\":[{\"@type\":\"ReadAction\",\"target\":[\"https:\\\/\\\/jospergrill.com\\\/es\\\/politica-de-calidad\\\/\"]}]},{\"@type\":\"ImageObject\",\"inLanguage\":\"es\",\"@id\":\"https:\\\/\\\/jospergrill.com\\\/es\\\/politica-de-calidad\\\/#primaryimage\",\"url\":\"https:\\\/\\\/jospergrill.com\\\/\\\/wp-content\\\/uploads\\\/2019\\\/03\\\/certification-ce-ul-nsf.svg\",\"contentUrl\":\"https:\\\/\\\/jospergrill.com\\\/\\\/wp-content\\\/uploads\\\/2019\\\/03\\\/certification-ce-ul-nsf.svg\"},{\"@type\":\"BreadcrumbList\",\"@id\":\"https:\\\/\\\/jospergrill.com\\\/es\\\/politica-de-calidad\\\/#breadcrumb\",\"itemListElement\":[{\"@type\":\"ListItem\",\"position\":1,\"name\":\"Home\",\"item\":\"https:\\\/\\\/jospergrill.com\\\/es\\\/\"},{\"@type\":\"ListItem\",\"position\":2,\"name\":\"Pol\u00edtica de Calidad\"}]},{\"@type\":\"WebSite\",\"@id\":\"https:\\\/\\\/jospergrill.com\\\/es\\\/#website\",\"url\":\"https:\\\/\\\/jospergrill.com\\\/es\\\/\",\"name\":\"Josper\",\"description\":\"Passion for Grilling\",\"publisher\":{\"@id\":\"https:\\\/\\\/jospergrill.com\\\/es\\\/#organization\"},\"potentialAction\":[{\"@type\":\"SearchAction\",\"target\":{\"@type\":\"EntryPoint\",\"urlTemplate\":\"https:\\\/\\\/jospergrill.com\\\/es\\\/?s={search_term_string}\"},\"query-input\":{\"@type\":\"PropertyValueSpecification\",\"valueRequired\":true,\"valueName\":\"search_term_string\"}}],\"inLanguage\":\"es\"},{\"@type\":\"Organization\",\"@id\":\"https:\\\/\\\/jospergrill.com\\\/es\\\/#organization\",\"name\":\"Josper\",\"url\":\"https:\\\/\\\/jospergrill.com\\\/es\\\/\",\"logo\":{\"@type\":\"ImageObject\",\"inLanguage\":\"es\",\"@id\":\"https:\\\/\\\/jospergrill.com\\\/es\\\/#\\\/schema\\\/logo\\\/image\\\/\",\"url\":\"https:\\\/\\\/jospergrill.com\\\/wp-content\\\/uploads\\\/josper-logo-escudo.png\",\"contentUrl\":\"https:\\\/\\\/jospergrill.com\\\/wp-content\\\/uploads\\\/josper-logo-escudo.png\",\"width\":112,\"height\":144,\"caption\":\"Josper\"},\"image\":{\"@id\":\"https:\\\/\\\/jospergrill.com\\\/es\\\/#\\\/schema\\\/logo\\\/image\\\/\"},\"sameAs\":[\"https:\\\/\\\/www.facebook.com\\\/josperofficial\\\/\",\"https:\\\/\\\/x.com\\\/JosperOfficial\"]}]}<\/script>\n<!-- \/ Yoast SEO plugin. -->","yoast_head_json":{"title":"Pol\u00edtica de Calidad Josper | JOSPER Hornos Brasa","description":"El compromiso de garant\u00eda y calidad Josper, el respeto por nuestros clientes, empleados, proveedores, p\u00fablico en general y el querido medioambiente.","robots":{"index":"index","follow":"follow","max-snippet":"max-snippet:-1","max-image-preview":"max-image-preview:large","max-video-preview":"max-video-preview:-1"},"canonical":"https:\/\/jospergrill.com\/es\/politica-de-calidad\/","og_locale":"es_ES","og_type":"article","og_title":"Pol\u00edtica de Calidad Josper | JOSPER Hornos Brasa","og_description":"El compromiso de garant\u00eda y calidad Josper, el respeto por nuestros clientes, empleados, proveedores, p\u00fablico en general y el querido medioambiente.","og_url":"https:\/\/jospergrill.com\/es\/politica-de-calidad\/","og_site_name":"Josper","article_publisher":"https:\/\/www.facebook.com\/josperofficial\/","article_modified_time":"2025-09-30T14:13:13+00:00","twitter_card":"summary_large_image","twitter_site":"@JosperOfficial","twitter_misc":{"Tiempo de lectura":"2 minutos"},"schema":{"@context":"https:\/\/schema.org","@graph":[{"@type":"WebPage","@id":"https:\/\/jospergrill.com\/es\/politica-de-calidad\/","url":"https:\/\/jospergrill.com\/es\/politica-de-calidad\/","name":"Pol\u00edtica de Calidad Josper | JOSPER Hornos Brasa","isPartOf":{"@id":"https:\/\/jospergrill.com\/es\/#website"},"primaryImageOfPage":{"@id":"https:\/\/jospergrill.com\/es\/politica-de-calidad\/#primaryimage"},"image":{"@id":"https:\/\/jospergrill.com\/es\/politica-de-calidad\/#primaryimage"},"thumbnailUrl":"https:\/\/jospergrill.com\/\/wp-content\/uploads\/2019\/03\/certification-ce-ul-nsf.svg","datePublished":"2019-05-16T17:18:34+00:00","dateModified":"2025-09-30T14:13:13+00:00","description":"El compromiso de garant\u00eda y calidad Josper, el respeto por nuestros clientes, empleados, proveedores, p\u00fablico en general y el querido medioambiente.","breadcrumb":{"@id":"https:\/\/jospergrill.com\/es\/politica-de-calidad\/#breadcrumb"},"inLanguage":"es","potentialAction":[{"@type":"ReadAction","target":["https:\/\/jospergrill.com\/es\/politica-de-calidad\/"]}]},{"@type":"ImageObject","inLanguage":"es","@id":"https:\/\/jospergrill.com\/es\/politica-de-calidad\/#primaryimage","url":"https:\/\/jospergrill.com\/\/wp-content\/uploads\/2019\/03\/certification-ce-ul-nsf.svg","contentUrl":"https:\/\/jospergrill.com\/\/wp-content\/uploads\/2019\/03\/certification-ce-ul-nsf.svg"},{"@type":"BreadcrumbList","@id":"https:\/\/jospergrill.com\/es\/politica-de-calidad\/#breadcrumb","itemListElement":[{"@type":"ListItem","position":1,"name":"Home","item":"https:\/\/jospergrill.com\/es\/"},{"@type":"ListItem","position":2,"name":"Pol\u00edtica de Calidad"}]},{"@type":"WebSite","@id":"https:\/\/jospergrill.com\/es\/#website","url":"https:\/\/jospergrill.com\/es\/","name":"Josper","description":"Passion for Grilling","publisher":{"@id":"https:\/\/jospergrill.com\/es\/#organization"},"potentialAction":[{"@type":"SearchAction","target":{"@type":"EntryPoint","urlTemplate":"https:\/\/jospergrill.com\/es\/?s={search_term_string}"},"query-input":{"@type":"PropertyValueSpecification","valueRequired":true,"valueName":"search_term_string"}}],"inLanguage":"es"},{"@type":"Organization","@id":"https:\/\/jospergrill.com\/es\/#organization","name":"Josper","url":"https:\/\/jospergrill.com\/es\/","logo":{"@type":"ImageObject","inLanguage":"es","@id":"https:\/\/jospergrill.com\/es\/#\/schema\/logo\/image\/","url":"https:\/\/jospergrill.com\/wp-content\/uploads\/josper-logo-escudo.png","contentUrl":"https:\/\/jospergrill.com\/wp-content\/uploads\/josper-logo-escudo.png","width":112,"height":144,"caption":"Josper"},"image":{"@id":"https:\/\/jospergrill.com\/es\/#\/schema\/logo\/image\/"},"sameAs":["https:\/\/www.facebook.com\/josperofficial\/","https:\/\/x.com\/JosperOfficial"]}]}},"_links":{"self":[{"href":"https:\/\/jospergrill.com\/es\/wp-json\/wp\/v2\/pages\/5890","targetHints":{"allow":["GET"]}}],"collection":[{"href":"https:\/\/jospergrill.com\/es\/wp-json\/wp\/v2\/pages"}],"about":[{"href":"https:\/\/jospergrill.com\/es\/wp-json\/wp\/v2\/types\/page"}],"author":[{"embeddable":true,"href":"https:\/\/jospergrill.com\/es\/wp-json\/wp\/v2\/users\/16"}],"replies":[{"embeddable":true,"href":"https:\/\/jospergrill.com\/es\/wp-json\/wp\/v2\/comments?post=5890"}],"version-history":[{"count":3,"href":"https:\/\/jospergrill.com\/es\/wp-json\/wp\/v2\/pages\/5890\/revisions"}],"predecessor-version":[{"id":55265,"href":"https:\/\/jospergrill.com\/es\/wp-json\/wp\/v2\/pages\/5890\/revisions\/55265"}],"wp:attachment":[{"href":"https:\/\/jospergrill.com\/es\/wp-json\/wp\/v2\/media?parent=5890"}],"curies":[{"name":"wp","href":"https:\/\/api.w.org\/{rel}","templated":true}]}}