{"id":2019,"date":"2025-04-21T12:34:49","date_gmt":"2025-04-21T12:34:49","guid":{"rendered":"https:\/\/jospergrill.com\/casa\/?page_id=2019"},"modified":"2025-04-21T12:36:19","modified_gmt":"2025-04-21T12:36:19","slug":"aviso-legal","status":"publish","type":"page","link":"https:\/\/jospergrill.com\/casa\/es\/aviso-legal\/","title":{"rendered":"Aviso Legal"},"content":{"rendered":"\n<p>Para dar cumplimiento con lo establecido en la Ley 34\/2002, del 11 de julio, de Servicios de la Sociedad de la Informaci\u00f3n y de Comercio Electr\u00f3nico (LSSICE), a continuaci\u00f3n se indican los datos de informaci\u00f3n general de este sitio:<\/p>\n\n\n\n<p><strong>Titular<\/strong>: JOSPER, S.A.U.<br>A08277535<br><strong>Direcci\u00f3n<\/strong>: c\/ Gutenberg, 11 \u2013 PINEDA DE MAR (08397) \u2013 Espa\u00f1a<br><strong>Contacto<\/strong>:<a href=\"mailto:josper@jospergrill.com\">josper@jospergrill.com<\/a><br><strong>Tel\u00e9fono<\/strong>: 937671516<br><strong>Web<\/strong>: jospergrill.com\/casa<br><strong>Actividad<\/strong>: La fabricaci\u00f3n, montaje y comercializaci\u00f3n de hornos-parrilla industriales y dom\u00e9sticos, as\u00ed como maquinaria, utensilios, manufacturas y toda clase de elementos del ramo de hosteler\u00eda, decoraci\u00f3n, menaje y equipamiento en general, sus elementos y accesorios.<\/p>\n\n\n\n<h3 class=\"wp-block-heading\">Propiedad Intelectual e Industrial<\/h3>\n\n\n\n<p>Todos los contenidos as\u00ed como nombres, marcas y bases de datos accesibles en la p\u00e1gina web www.jospergrill.com pertenecen a JOSPER, S.A.U. y est\u00e1n sujetos a derechos de propiedad industrial e intelectual de la empresa o de terceros titulares de los mismos.<\/p>\n\n\n\n<p>En ning\u00fan caso el acceso a la p\u00e1gina web www.jospergrill.com implica ning\u00fan tipo de renuncia, transmisi\u00f3n o cesi\u00f3n total o parcial de los mencionados derechos, ni confiere ning\u00fan derecho de utilizaci\u00f3n, explotaci\u00f3n, reproducci\u00f3n, distribuci\u00f3n o comunicaci\u00f3n p\u00fablica sobre los contenidos o bienes de propiedad industrial sin la previa y expresa autorizaci\u00f3n espec\u00edficamente otorgada a tal efecto por parte de la empresa o del tercer titular de los derechos, excepto los derechos de visualizar y de realizar copias para uso personal y exclusivo del usuario, los cuales deber\u00e1n ejercerse siempre conforme a los principios de la buena fe y la legislaci\u00f3n aplicable.<\/p>\n\n\n\n<h3 class=\"wp-block-heading\">Protecci\u00f3n de datos<\/h3>\n\n\n\n<p>En cumplimiento de lo establecido en la Ley 34\/2002, del 11 de julio, de Servicios de la Sociedad de la Informaci\u00f3n y el comercio electr\u00f3nico, en la Ley Org\u00e1nica 15\/1999, de 13 de diciembre, de Protecci\u00f3n de Datos de Car\u00e1cter Personal y sus reglamentos de desarrollo, el RESPONSABLE LEGAL DE LA WEB le informa que los datos de car\u00e1cter personal proporcionados a trav\u00e9s de los formularios de contacto se incluir\u00e1n en un fichero automatizado con las medidas de seguridad legalmente establecidas y no ser\u00e1n cedidos ni compartidos con empresas ni entidades ajenas a JOSPER, S.A.U., sin previo consentimiento expl\u00edcito y se utilizar\u00e1n \u00fanicamente para gestionar el servicio solicitado y\/u ofrecer informaci\u00f3n sobre los productos, las actividades y servicios de JOSPER, S.A.U.<\/p>\n\n\n\n<p>Igualmente les informamos que podr\u00e1 ejercer los derechos de acceso, cancelaci\u00f3n, rectificaci\u00f3n y oposici\u00f3n dirigiendo un escrito a JOSPER, S.A.U., calle Gutenberg, 11, 08397-Pineda de Mar, o bien un correo electr\u00f3nico a la direcci\u00f3n&nbsp;<a href=\"mailto:josper@jospergrill.com\">josper@jospergrill.com.<\/a><\/p>\n\n\n\n<p>JOSPER, S.A.U. utiliza&nbsp;<em>cookies<\/em>&nbsp;cuando un usuario navega por el sitio web. Estas cookies se utilizan para JOSPER, S.A.U. con la finalidad de reconocer los navegadores de los usuarios registrados despu\u00e9s de que \u00e9stos se hayan registrado por primera vez, evitando que tengan que registrarse cada vez en cada visita para acceder a las \u00e1reas y servicios reservados exclusivamente a ellos. De la misma manera se utilizan para ofrecer al usuario la posibilidad de personalizar el sitio web de acuerdo con sus preferencias y necesidades, de modo que no sea necesario personalizarlo en cada visita.<\/p>\n\n\n\n<h3 class=\"wp-block-heading\">Responsabilidad<\/h3>\n\n\n\n<h4 class=\"wp-block-heading\"><strong>Contenidos<\/strong><\/h4>\n\n\n\n<p>El contenido de este sitio web tiene una finalidad y efectos exclusivamente informativos de nuestros productos, servicios y de nuestra actividad profesional.<\/p>\n\n\n\n<p>JOSPER, S.A.U. se exime de cualquier responsabilidad en relaci\u00f3n a cualquier decisi\u00f3n adoptada por el usuario del sitio web como consecuencia de la informaci\u00f3n contenida en el mismo, en especial respecto a las caracter\u00edsticas t\u00e9cnicas de los productos.<\/p>\n\n\n\n<p><br>JOSPER, S.A.U. rechaza la responsabilidad sobre cualquier informaci\u00f3n no elaborada por JOSPER, S.A.U. o no publicada de forma autorizada por el mismo bajo su nombre, al igual que la responsabilidad que se derive de la mala utilizaci\u00f3n de los contenidos, as\u00ed como se reserva los derechos a actualizarlos, a eliminarlos, limitarlos o impedir el acceso a los mismos, de manera temporal o definitiva.<\/p>\n\n\n\n<h4 class=\"wp-block-heading\"><strong>Enlaces a otras p\u00e1ginas (<\/strong><em><strong>LINKS<\/strong><\/em><strong>)<\/strong><\/h4>\n\n\n\n<p>Los enlaces introducidos en www.jospergrill.com son de car\u00e1cter meramente informativo y por tanto, JOSPER, S.A.U. no controla ni verifica ninguna informaci\u00f3n, contenido, producto o servicios facilitados a trav\u00e9s de estos sitios webs. En consecuencia, JOSPER, S.A.U. declina cualquier tipo de responsabilidad por cualquier aspecto, en especial el contenido, relativo a esta p\u00e1gina.<\/p>\n\n\n\n<h4 class=\"wp-block-heading\"><strong>Aspectos t\u00e9cnicos<\/strong><\/h4>\n\n\n\n<p>JOSPER, S.A.U. no garantiza la continuidad del funcionamiento del sitio web al igual que el mismo se encuentre en todo momento operativo y disponible.<br>JOSPER, S.A.U. no se hace responsable de los da\u00f1os y perjuicios directos o indirectos, incluidos da\u00f1os a sistemas inform\u00e1ticos e introducci\u00f3n de virus existentes en la red, derivados de la navegaci\u00f3n por Internet necesaria para el uso de este sitio web.<\/p>\n\n\n\n<h4 class=\"wp-block-heading\"><strong>Obligaci\u00f3n de los usuarios<\/strong><\/h4>\n\n\n\n<p>El usuario responder\u00e1 de los da\u00f1os y perjuicios que JOSPER, S.A.U. pueda sufrir como consecuencia del incumplimiento de cualquiera de las obligaciones determinadas en esta nota legal.<br>Respecto a la navegaci\u00f3n, el usuario se compromete a observar diligente y fielmente las recomendaciones que en su momento establezca JOSPER, S.A.U. relativa al uso del sitio. A estos efectos JOSPER, S.A.U. se dirigir\u00e1 a los usuarios mediante cualquier medio de comunicaci\u00f3n a trav\u00e9s del sitio web.<\/p>\n\n\n\n<h3 class=\"wp-block-heading\">Duraci\u00f3n y modificaci\u00f3n<\/h3>\n\n\n\n<p>JOSPER, S.A.U. tendr\u00e1 derecho a modificar los t\u00e9rminos y condiciones aqu\u00ed estipulados de forma unilateral, total o parcialmente. Cualquier cambio aparecer\u00e1 en la misma forma en que se encuentran en esta nota legal.<br>La vigencia temporal de esta nota legal coincide, por tanto, con el tiempo de su exposici\u00f3n, hasta el momento en que sean modificadas de forma total o parcial por JOSPER, S.A.U.<br>JOSPER, S.A.U. podr\u00e1 dar por terminada, suspender o interrumpir unilateralmente, la operatividad de este sitio web, sin posibilidad de pedir indemnizaci\u00f3n por parte del usuario. Tras la extinci\u00f3n, el usuario deber\u00e1 destruir cualquier informaci\u00f3n sobre JOSPER, S.A.U. que posea en cualquier formato y que haya obtenido a trav\u00e9s de las comunicaciones realizadas de forma individual al usuario.<\/p>\n\n\n\n<h3 class=\"wp-block-heading\">Ley aplicable y jurisdicci\u00f3n<\/h3>\n\n\n\n<p>Para cualquier controversia relacionada con las presentes condiciones de servicio las partes aceptan el sometimiento expreso a los Juzgados de Arenys de Mar y en la legislaci\u00f3n auton\u00f3mica y estatal correspondiente.<\/p>\n\n\n\n<h3 class=\"wp-block-heading\">Confidencialidad de e-mails<\/h3>\n\n\n\n<p>La informaci\u00f3n contenida en los mensajes de correo electr\u00f3nico es confidencial y para uso exclusivo del destinatario.<br>Si ha recibido un mensaje por error, le agradeceremos lo indique a&nbsp;<a href=\"mailto:josper@jospergrill.com\">josper@jospergrill.com<\/a>&nbsp;y proceda a su eliminaci\u00f3n.<\/p>\n","protected":false},"excerpt":{"rendered":"<p>Para dar cumplimiento con lo establecido en la Ley 34\/2002, del 11 de julio, de Servicios de la Sociedad de la Informaci\u00f3n y de Comercio Electr\u00f3nico (LSSICE), a continuaci\u00f3n se indican los datos de informaci\u00f3n general de este sitio: Titular: JOSPER, S.A.U.A08277535Direcci\u00f3n: c\/ Gutenberg, 11 \u2013 PINEDA DE MAR (08397) \u2013 Espa\u00f1aContacto:josper@jospergrill.comTel\u00e9fono: 937671516Web: jospergrill.com\/casaActividad: La [&hellip;]<\/p>\n","protected":false},"author":1,"featured_media":0,"parent":0,"menu_order":0,"comment_status":"closed","ping_status":"closed","template":"","meta":{"footnotes":""},"class_list":["post-2019","page","type-page","status-publish","hentry"],"yoast_head":"<!-- This site is optimized with the Yoast SEO plugin v27.4 - https:\/\/yoast.com\/product\/yoast-seo-wordpress\/ -->\n<title>Aviso Legal - Josper Casa<\/title>\n<meta name=\"robots\" content=\"noindex, nofollow\" \/>\n<meta property=\"og:locale\" content=\"es_ES\" \/>\n<meta property=\"og:type\" content=\"article\" \/>\n<meta property=\"og:title\" content=\"Aviso Legal - Josper Casa\" \/>\n<meta property=\"og:description\" content=\"Para dar cumplimiento con lo establecido en la Ley 34\/2002, del 11 de julio, de Servicios de la Sociedad de la Informaci\u00f3n y de Comercio Electr\u00f3nico (LSSICE), a continuaci\u00f3n se indican los datos de informaci\u00f3n general de este sitio: Titular: JOSPER, S.A.U.A08277535Direcci\u00f3n: c\/ Gutenberg, 11 \u2013 PINEDA DE MAR (08397) \u2013 Espa\u00f1aContacto:josper@jospergrill.comTel\u00e9fono: 937671516Web: jospergrill.com\/casaActividad: La [&hellip;]\" \/>\n<meta property=\"og:url\" content=\"https:\/\/jospergrill.com\/casa\/es\/aviso-legal\/\" \/>\n<meta property=\"og:site_name\" content=\"Josper Casa\" \/>\n<meta property=\"article:modified_time\" content=\"2025-04-21T12:36:19+00:00\" \/>\n<meta property=\"og:image\" content=\"https:\/\/jospergrill.com\/casa\/wp-content\/uploads\/2025\/04\/escudo-josper@2x.png\" \/>\n\t<meta property=\"og:image:width\" content=\"207\" \/>\n\t<meta property=\"og:image:height\" content=\"258\" \/>\n\t<meta property=\"og:image:type\" content=\"image\/png\" \/>\n<meta name=\"twitter:card\" content=\"summary_large_image\" \/>\n<meta name=\"twitter:label1\" content=\"Tiempo de lectura\" \/>\n\t<meta name=\"twitter:data1\" content=\"5 minutos\" \/>\n<script type=\"application\/ld+json\" class=\"yoast-schema-graph\">{\"@context\":\"https:\\\/\\\/schema.org\",\"@graph\":[{\"@type\":\"WebPage\",\"@id\":\"https:\\\/\\\/jospergrill.com\\\/casa\\\/es\\\/aviso-legal\\\/\",\"url\":\"https:\\\/\\\/jospergrill.com\\\/casa\\\/es\\\/aviso-legal\\\/\",\"name\":\"Aviso Legal - Josper Casa\",\"isPartOf\":{\"@id\":\"https:\\\/\\\/jospergrill.com\\\/casa\\\/es\\\/#website\"},\"datePublished\":\"2025-04-21T12:34:49+00:00\",\"dateModified\":\"2025-04-21T12:36:19+00:00\",\"breadcrumb\":{\"@id\":\"https:\\\/\\\/jospergrill.com\\\/casa\\\/es\\\/aviso-legal\\\/#breadcrumb\"},\"inLanguage\":\"es\",\"potentialAction\":[{\"@type\":\"ReadAction\",\"target\":[\"https:\\\/\\\/jospergrill.com\\\/casa\\\/es\\\/aviso-legal\\\/\"]}]},{\"@type\":\"BreadcrumbList\",\"@id\":\"https:\\\/\\\/jospergrill.com\\\/casa\\\/es\\\/aviso-legal\\\/#breadcrumb\",\"itemListElement\":[{\"@type\":\"ListItem\",\"position\":1,\"name\":\"Home\",\"item\":\"https:\\\/\\\/jospergrill.com\\\/casa\\\/es\\\/\"},{\"@type\":\"ListItem\",\"position\":2,\"name\":\"Aviso Legal\"}]},{\"@type\":\"WebSite\",\"@id\":\"https:\\\/\\\/jospergrill.com\\\/casa\\\/es\\\/#website\",\"url\":\"https:\\\/\\\/jospergrill.com\\\/casa\\\/es\\\/\",\"name\":\"Josper Casa\",\"description\":\"\",\"potentialAction\":[{\"@type\":\"SearchAction\",\"target\":{\"@type\":\"EntryPoint\",\"urlTemplate\":\"https:\\\/\\\/jospergrill.com\\\/casa\\\/es\\\/?s={search_term_string}\"},\"query-input\":{\"@type\":\"PropertyValueSpecification\",\"valueRequired\":true,\"valueName\":\"search_term_string\"}}],\"inLanguage\":\"es\"}]}<\/script>\n<!-- \/ Yoast SEO plugin. -->","yoast_head_json":{"title":"Aviso Legal - Josper Casa","robots":{"index":"noindex","follow":"nofollow"},"og_locale":"es_ES","og_type":"article","og_title":"Aviso Legal - Josper Casa","og_description":"Para dar cumplimiento con lo establecido en la Ley 34\/2002, del 11 de julio, de Servicios de la Sociedad de la Informaci\u00f3n y de Comercio Electr\u00f3nico (LSSICE), a continuaci\u00f3n se indican los datos de informaci\u00f3n general de este sitio: Titular: JOSPER, S.A.U.A08277535Direcci\u00f3n: c\/ Gutenberg, 11 \u2013 PINEDA DE MAR (08397) \u2013 Espa\u00f1aContacto:josper@jospergrill.comTel\u00e9fono: 937671516Web: jospergrill.com\/casaActividad: La [&hellip;]","og_url":"https:\/\/jospergrill.com\/casa\/es\/aviso-legal\/","og_site_name":"Josper Casa","article_modified_time":"2025-04-21T12:36:19+00:00","og_image":[{"width":207,"height":258,"url":"https:\/\/jospergrill.com\/casa\/wp-content\/uploads\/2025\/04\/escudo-josper@2x.png","type":"image\/png"}],"twitter_card":"summary_large_image","twitter_misc":{"Tiempo de lectura":"5 minutos"},"schema":{"@context":"https:\/\/schema.org","@graph":[{"@type":"WebPage","@id":"https:\/\/jospergrill.com\/casa\/es\/aviso-legal\/","url":"https:\/\/jospergrill.com\/casa\/es\/aviso-legal\/","name":"Aviso Legal - Josper Casa","isPartOf":{"@id":"https:\/\/jospergrill.com\/casa\/es\/#website"},"datePublished":"2025-04-21T12:34:49+00:00","dateModified":"2025-04-21T12:36:19+00:00","breadcrumb":{"@id":"https:\/\/jospergrill.com\/casa\/es\/aviso-legal\/#breadcrumb"},"inLanguage":"es","potentialAction":[{"@type":"ReadAction","target":["https:\/\/jospergrill.com\/casa\/es\/aviso-legal\/"]}]},{"@type":"BreadcrumbList","@id":"https:\/\/jospergrill.com\/casa\/es\/aviso-legal\/#breadcrumb","itemListElement":[{"@type":"ListItem","position":1,"name":"Home","item":"https:\/\/jospergrill.com\/casa\/es\/"},{"@type":"ListItem","position":2,"name":"Aviso Legal"}]},{"@type":"WebSite","@id":"https:\/\/jospergrill.com\/casa\/es\/#website","url":"https:\/\/jospergrill.com\/casa\/es\/","name":"Josper Casa","description":"","potentialAction":[{"@type":"SearchAction","target":{"@type":"EntryPoint","urlTemplate":"https:\/\/jospergrill.com\/casa\/es\/?s={search_term_string}"},"query-input":{"@type":"PropertyValueSpecification","valueRequired":true,"valueName":"search_term_string"}}],"inLanguage":"es"}]}},"_links":{"self":[{"href":"https:\/\/jospergrill.com\/casa\/es\/wp-json\/wp\/v2\/pages\/2019","targetHints":{"allow":["GET"]}}],"collection":[{"href":"https:\/\/jospergrill.com\/casa\/es\/wp-json\/wp\/v2\/pages"}],"about":[{"href":"https:\/\/jospergrill.com\/casa\/es\/wp-json\/wp\/v2\/types\/page"}],"author":[{"embeddable":true,"href":"https:\/\/jospergrill.com\/casa\/es\/wp-json\/wp\/v2\/users\/1"}],"replies":[{"embeddable":true,"href":"https:\/\/jospergrill.com\/casa\/es\/wp-json\/wp\/v2\/comments?post=2019"}],"version-history":[{"count":1,"href":"https:\/\/jospergrill.com\/casa\/es\/wp-json\/wp\/v2\/pages\/2019\/revisions"}],"predecessor-version":[{"id":2020,"href":"https:\/\/jospergrill.com\/casa\/es\/wp-json\/wp\/v2\/pages\/2019\/revisions\/2020"}],"wp:attachment":[{"href":"https:\/\/jospergrill.com\/casa\/es\/wp-json\/wp\/v2\/media?parent=2019"}],"curies":[{"name":"wp","href":"https:\/\/api.w.org\/{rel}","templated":true}]}}